{"id":4443,"date":"2025-02-22T07:58:40","date_gmt":"2025-02-22T06:58:40","guid":{"rendered":"https:\/\/bolnicaprijedor.com\/?page_id=4443"},"modified":"2025-02-22T07:58:41","modified_gmt":"2025-02-22T06:58:41","slug":"odjeljenje-za-ginekologiju-i-akuserstvo","status":"publish","type":"page","link":"https:\/\/bolnicaprijedor.com\/?page_id=4443","title":{"rendered":"Odjeljenje za ginekologiju i aku\u0161erstvo"},"content":{"rendered":"\n<p>Odjeljenje za ginekologiju i aku\u0161erstvo je organizovano u 4 odsjeka:<\/p>\n\n\n\n<ul class=\"wp-block-list\">\n<li>Odsjek za ginekologiju<\/li>\n\n\n\n<li>Odsjek za aku\u0161erstvo<\/li>\n\n\n\n<li>Odsjek za neonatologiju<\/li>\n\n\n\n<li>Odsjek KSZ-a \u2013 ambulante (ambulanta za kolposkopiju, ginekolo\u0161ka ambulanta za preglede i prijeme pacijentkinja, ultrazvu\u010dni kabinet i ambulanta za operativne intervencije dnevne bolnice)<\/li>\n<\/ul>\n\n\n\n<p>Na ginekolo\u0161kom odjeljenju&nbsp; se provode dijagnosti\u010dki, terapijski postupci i operativno lije\u010denje&nbsp;&nbsp; \u017eena zbog oboljenja genitalnih organa .<\/p>\n\n\n\n<p>Na ginekolo\u0161kom odjeljenju se hospitalizuju, prate i lije\u010de trudnice koje su ugro\u017eene zbog stanja ploda ili stanja trudnice.<\/p>\n\n\n\n<p>Ginekolo\u0161ko odjeljenje raspola\u017ee sa&nbsp; 18&nbsp; kreveta<\/p>\n\n\n\n<p>Poro\u0111ajno odjeljenje raspola\u017ee sa 18 kreveta. &nbsp;Vaginalni poro\u0111aji uz intenzivan nadzor aku\u0161era i aku\u0161erke i aktivno vo\u0111enje poro\u0111aja. Trudnicama koje \u017eele&nbsp; bezbolan poro\u0111aj&nbsp; omogu\u0107en je poro\u0111aj u epiduralnoj analgeziji. Poro\u0111aj carskim rezom se izvodi prema procjeni aku\u0161era&nbsp; i indikacijama&nbsp; od strane ploda ili majke. Carski rez se izvodi u op\u0161toj ili regionalnoj anesteziji (spinalna \/epiduralna anestezija).<\/p>\n\n\n\n<p>U okviru Odjeljenja za ginekologiju i aku\u0161erstvo JZU Bolnice &#8221;Dr Mladen Stojanovi\u0107&#8221; Prijedor implementiraju se <em>Akreditacioni standardi za bolnice \u2013 prijatelje beba<\/em> primjenom preporuka o deset koraka ka uspje\u0161nom dojenju, a u cilju promocije, podr\u0161ke i za\u0161tite dojenja. Na ovaj na\u010din se stvara okru\u017eenje za primjenu preporuka za ishranu novoro\u0111en\u010deta dojenjem od samog ro\u0111enja. Na na\u0161oj stranici preuzmite <em>Priru\u010dnik za majke o zdravlju i dojenju \u2013 <\/em>informativni materijal u kojem se mo\u017eete upoznati sa savjetima o zdravlju i uspje\u0161nom dojenju<em>.<\/em><\/p>\n\n\n\n<p>KSZ slu\u017eba:&nbsp;<\/p>\n\n\n\n<ul class=\"wp-block-list\">\n<li>ginekolo\u0161ki pregledi<\/li>\n\n\n\n<li>skrining Ca grli\u0107a (\u00a0\u00a0 PAPA test, kolposkopija, biopsija grli\u0107a sa PH nalazom).<\/li>\n\n\n\n<li>biopsija vulve i vagine + PH<\/li>\n\n\n\n<li>uzimanje brisa-VS i CB za mikrobiolo\u0161ki pregled<\/li>\n\n\n\n<li>\u00a0UZV ginekolo\u0161ki<\/li>\n\n\n\n<li>Dnevna bolnica: eksplorativne kireta\u017ee, polipektomije, prekid trudno\u0107e do 10 nedjelje gestacije: medikamentozni prekid, u anesteziji- kireta\u017eom ili vakuum aspiracijom, ablacija kondiloma, aplikacija spirale, va\u0111enje spirale, incizija gl. Bartholini<\/li>\n<\/ul>\n\n\n\n<p>Pregled trudnica i pra\u0107enje urednih i rizi\u010dnih trudno\u0107a.<\/p>\n\n\n\n<ul class=\"wp-block-list\">\n<li>uzv u aku\u0161erstvu<\/li>\n\n\n\n<li>CTG i amnioskopija<\/li>\n\n\n\n<li>uzimanje brisa Cx i VS u trudno\u0107i i mikrobiolo\u0161ki pregled<\/li>\n<\/ul>\n\n\n\n<p>Za usluge KSZ&nbsp; primarnog nivoa zdravstvene za\u0161tite, pacijentkinje se mogu registrovati kod svih ginekologa ustanove.<\/p>\n\n\n\n<p>Pacijentkinje se za pregled u KSZ ambulantama naru\u010duju na &nbsp;telefon 052\/238 411 lokal 250<\/p>\n\n\n\n<p>Prijemna ginekolo\u0161ka i aku\u0161erska ambulanta rade 24 sata<\/p>\n\n\n\n<p>GINEKOLO\u0160KE OPERACIJE:<\/p>\n\n\n\n<ul class=\"wp-block-list\">\n<li>LETZ\u00a0 \/ lokalna anestezija ili op\u0161ta anestezija<\/li>\n\n\n\n<li>konizacija grli\u0107a<\/li>\n\n\n\n<li>Histeroskopija<\/li>\n\n\n\n<li>Laparoskopija ( dijagnosti\u010dka, cistektomija, adneksektomija, salpingektomija)<\/li>\n\n\n\n<li>Laparotomija &#8211; adneksektomija<\/li>\n\n\n\n<li>Laparotomija \u2013 Histerektomija totalna, supracervikalna sa adneksektomijom<\/li>\n\n\n\n<li>Vaginalna histerektomija<\/li>\n\n\n\n<li>LAVH \u2013 laparaskopski asistirana vaginalna histerektomija<\/li>\n\n\n\n<li>Prednja i zadnja plastika<\/li>\n\n\n\n<li>HSG<\/li>\n<\/ul>\n\n\n\n<p>AKU\u0160ERSKE OPERACIJE:<\/p>\n\n\n\n<ul class=\"wp-block-list\">\n<li>Epiziotomija u poro\u0111aju, ne primjenjuje se rutinski , nego prema procjeni aku\u0161era i babice<\/li>\n\n\n\n<li>hirur\u0161ko zbrinjavanje povreda mekog dijela poro\u0111ajnog kanala<\/li>\n\n\n\n<li>aplikacija serkla\u017ea<\/li>\n\n\n\n<li>vakuum &#8211; ekstrakcija novoro\u0111en\u010deta<\/li>\n\n\n\n<li>carski rez<\/li>\n\n\n\n<li>ponovni carski rez<\/li>\n<\/ul>\n\n\n\n<p>Ljekari Odjeljenja za ginekologiju i aku\u0161erstvo:<\/p>\n\n\n\n<ul class=\"wp-block-list\">\n<li>prim. dr med. Danica Gubi\u0107 Plemi\u0107, specijalista ginekologije i aku\u0161erstva, na\u010delnik odjeljenja<\/li>\n\n\n\n<li>dr med. Du\u0161ko Erceg, specijalista ginekologije i aku\u0161erstva, \u0161ef Odsjeka za aku\u0161erstvo<\/li>\n\n\n\n<li>mr sc. Arijana Elenkov dr med., specijalista ginekologije i aku\u0161erstva<\/li>\n\n\n\n<li>dr med. Slavica Savi\u0107, specijalista ginekologije i aku\u0161erstva, \u0161ef Odsjeka za ginekologiju<\/li>\n\n\n\n<li>dr med.Tomislav Jeki\u0107, specijalista ginekologije i aku\u0161erstva<\/li>\n\n\n\n<li>dr med. Radmila\u00a0 Vje\u0161tica Kuni\u0107, specijalista ginekologije i aku\u0161erstva<\/li>\n\n\n\n<li>dr med. Andrija Vukoti\u0107, specijalista pedijatrije, supspecijalista neonatologije, \u0161ef Odsjeka za neonatologiju<\/li>\n\n\n\n<li>dr med. Jelena \u0160ari\u0107, specijalizant ginekologije i aku\u0161erstva<\/li>\n\n\n\n<li>dr med. Milica Ba\u0107o, specijalizant ginekologije i aku\u0161erstva<\/li>\n<\/ul>\n\n\n\n<p>Glavna medicinska sestra Odjeljenja za ginekologiju i aku\u0161erstvo:<\/p>\n\n\n\n<ul class=\"wp-block-list\">\n<li>Slavica Kobas, diplomirana medicinska sestra<\/li>\n<\/ul>\n","protected":false},"excerpt":{"rendered":"<p>Odjeljenje za ginekologiju i aku\u0161erstvo je organizovano u 4 odsjeka: Na ginekolo\u0161kom odjeljenju&nbsp; se provode dijagnosti\u010dki, terapijski postupci i operativno lije\u010denje&nbsp;&nbsp; \u017eena zbog oboljenja genitalnih organa . Na ginekolo\u0161kom odjeljenju se hospitalizuju, prate i lije\u010de trudnice koje su ugro\u017eene zbog stanja ploda ili stanja trudnice. Ginekolo\u0161ko odjeljenje raspola\u017ee sa&nbsp; 18&nbsp; kreveta Poro\u0111ajno odjeljenje raspola\u017ee sa<\/p>\n","protected":false},"author":1,"featured_media":0,"parent":0,"menu_order":0,"comment_status":"closed","ping_status":"closed","template":"","meta":{"footnotes":""},"class_list":["post-4443","page","type-page","status-publish","hentry"],"_links":{"self":[{"href":"https:\/\/bolnicaprijedor.com\/index.php?rest_route=\/wp\/v2\/pages\/4443","targetHints":{"allow":["GET"]}}],"collection":[{"href":"https:\/\/bolnicaprijedor.com\/index.php?rest_route=\/wp\/v2\/pages"}],"about":[{"href":"https:\/\/bolnicaprijedor.com\/index.php?rest_route=\/wp\/v2\/types\/page"}],"author":[{"embeddable":true,"href":"https:\/\/bolnicaprijedor.com\/index.php?rest_route=\/wp\/v2\/users\/1"}],"replies":[{"embeddable":true,"href":"https:\/\/bolnicaprijedor.com\/index.php?rest_route=%2Fwp%2Fv2%2Fcomments&post=4443"}],"version-history":[{"count":1,"href":"https:\/\/bolnicaprijedor.com\/index.php?rest_route=\/wp\/v2\/pages\/4443\/revisions"}],"predecessor-version":[{"id":4444,"href":"https:\/\/bolnicaprijedor.com\/index.php?rest_route=\/wp\/v2\/pages\/4443\/revisions\/4444"}],"wp:attachment":[{"href":"https:\/\/bolnicaprijedor.com\/index.php?rest_route=%2Fwp%2Fv2%2Fmedia&parent=4443"}],"curies":[{"name":"wp","href":"https:\/\/api.w.org\/{rel}","templated":true}]}}