{"id":4439,"date":"2025-02-22T07:56:35","date_gmt":"2025-02-22T06:56:35","guid":{"rendered":"https:\/\/bolnicaprijedor.com\/?page_id=4439"},"modified":"2025-02-22T08:00:13","modified_gmt":"2025-02-22T07:00:13","slug":"odjeljenje-za-oftamologiju","status":"publish","type":"page","link":"https:\/\/bolnicaprijedor.com\/?page_id=4439","title":{"rendered":"Odjeljenje za oftamologiju"},"content":{"rendered":"\n<p><\/p>\n\n\n\n<p>052\/238-411&nbsp; lok 253<\/p>\n\n\n\n<p>Odjeljenje za oftalmologiju se sastoji od:<\/p>\n\n\n\n<ul class=\"wp-block-list\">\n<li>3 oftalmolo\u0161ke ambulante<\/li>\n\n\n\n<li>kabineta za UZ dijagnostiku oka<\/li>\n\n\n\n<li>male operacione sale<\/li>\n\n\n\n<li>odjeljenja za oftalmologiju<\/li>\n<\/ul>\n\n\n\n<p><strong><u>Ambulanta za oftalmologiju<\/u><\/strong><\/p>\n\n\n\n<p>U okviru oftalmolo\u0161ke ambulante obavljaju se specijalisti\u010dki pregledi djece i odraslih. Pregledi obuhvataju odre\u0111ivanje vidne o\u0161trine i propisivanje nao\u010dara, pregled prednjeg i zadnjeg segmenta oka na biomikroskopu, te mjerenje o\u010dnog pritiska.<\/p>\n\n\n\n<p>U ambulantama se pregledaju redovno zakazani pacijenti i rje\u0161avaju se svi hitni slu\u010dajevi. Za sve povrede, upalna stanja oka i nagli gubitak vida nije potrebno naru\u010divanje.<\/p>\n\n\n\n<p>Redovan rad ambulanti je od 09:00h do 14:00h.<\/p>\n\n\n\n<p>U sklopu ambulanti postoji i Kabinet za glaukom u kom se radi ispitivanje i pra\u0107enje glaukomskih pacijenata.<\/p>\n\n\n\n<p><strong><u>Kabinet za UZ dijagnostiku<\/u><\/strong><\/p>\n\n\n\n<p>Rade se A i B scan.<\/p>\n\n\n\n<p><strong><u>Mala operaciona sala<\/u><\/strong><\/p>\n\n\n\n<p>Ovdje se rade manji operativni zahvati \u2013 sve promjene na kapcima \u2013 halacion, ksantelazme, ateromi, veruke, te sve povrede kapaka i konjunktive.<\/p>\n\n\n\n<p><strong><u>Odjeljenje za oftalmologiju<\/u><\/strong><\/p>\n\n\n\n<p>Sastoji se od 2 sobe sa 6 kreveta i dnevnog boravka za pacijente koji su tu zbog dnevne hirurgije.<\/p>\n\n\n\n<p><strong><u>Operaciona sala<\/u><\/strong><\/p>\n\n\n\n<p>Operativni zahvati koje radimo su:<\/p>\n\n\n\n<ul class=\"wp-block-list\">\n<li>PHACO operacije katarakte<\/li>\n\n\n\n<li>ECCE + IOL operacije katarakte<\/li>\n\n\n\n<li>Operacije pterigijuma<\/li>\n\n\n\n<li>Subtenonske aplikacije lijekova<\/li>\n\n\n\n<li>Zbrinjavanje povreda ro\u017enja\u010de i konjunktive oka<\/li>\n<\/ul>\n\n\n\n<p><strong>OSOBLJE<\/strong><\/p>\n\n\n\n<p>Na\u0161e odjeljenje zapo\u0161ljava 4 ljekara specijaliste oftalmologije i 1 ljekara na specijalizaciji.<\/p>\n\n\n\n<p>Ljekari u na\u0161oj slu\u017ebi su:<\/p>\n\n\n\n<p>Dr Vesna Vukoti\u0107, oftalmolog, na\u010delnik odjeljenja<\/p>\n\n\n\n<p>Dr Ivana Muti\u0107, oftalmolog<\/p>\n\n\n\n<p>Dr Tanja Anu\u0161i\u0107 Joji\u0107, oftalmolog<\/p>\n\n\n\n<p>Dr Danka Pilipovi\u0107, oftalmolog<\/p>\n\n\n\n<p>Dr Kristina Rendi\u0107, ljekar na specijalizaciji<\/p>\n\n\n\n<p>Glavna medicinska sestra odjeljenja:<\/p>\n\n\n\n<p>VMS \u017deljana Muti\u0107, glavna sestra<\/p>\n","protected":false},"excerpt":{"rendered":"<p>052\/238-411&nbsp; lok 253 Odjeljenje za oftalmologiju se sastoji od: Ambulanta za oftalmologiju U okviru oftalmolo\u0161ke ambulante obavljaju se specijalisti\u010dki pregledi djece i odraslih. Pregledi obuhvataju odre\u0111ivanje vidne o\u0161trine i propisivanje nao\u010dara, pregled prednjeg i zadnjeg segmenta oka na biomikroskopu, te mjerenje o\u010dnog pritiska. U ambulantama se pregledaju redovno zakazani pacijenti i rje\u0161avaju se svi hitni<\/p>\n","protected":false},"author":1,"featured_media":0,"parent":0,"menu_order":0,"comment_status":"closed","ping_status":"closed","template":"","meta":{"footnotes":""},"class_list":["post-4439","page","type-page","status-publish","hentry"],"_links":{"self":[{"href":"https:\/\/bolnicaprijedor.com\/index.php?rest_route=\/wp\/v2\/pages\/4439","targetHints":{"allow":["GET"]}}],"collection":[{"href":"https:\/\/bolnicaprijedor.com\/index.php?rest_route=\/wp\/v2\/pages"}],"about":[{"href":"https:\/\/bolnicaprijedor.com\/index.php?rest_route=\/wp\/v2\/types\/page"}],"author":[{"embeddable":true,"href":"https:\/\/bolnicaprijedor.com\/index.php?rest_route=\/wp\/v2\/users\/1"}],"replies":[{"embeddable":true,"href":"https:\/\/bolnicaprijedor.com\/index.php?rest_route=%2Fwp%2Fv2%2Fcomments&post=4439"}],"version-history":[{"count":2,"href":"https:\/\/bolnicaprijedor.com\/index.php?rest_route=\/wp\/v2\/pages\/4439\/revisions"}],"predecessor-version":[{"id":4450,"href":"https:\/\/bolnicaprijedor.com\/index.php?rest_route=\/wp\/v2\/pages\/4439\/revisions\/4450"}],"wp:attachment":[{"href":"https:\/\/bolnicaprijedor.com\/index.php?rest_route=%2Fwp%2Fv2%2Fmedia&parent=4439"}],"curies":[{"name":"wp","href":"https:\/\/api.w.org\/{rel}","templated":true}]}}