{"id":4428,"date":"2025-02-22T07:51:03","date_gmt":"2025-02-22T06:51:03","guid":{"rendered":"https:\/\/bolnicaprijedor.com\/?page_id=4428"},"modified":"2025-02-22T07:51:04","modified_gmt":"2025-02-22T06:51:04","slug":"standardna-radiografija","status":"publish","type":"page","link":"https:\/\/bolnicaprijedor.com\/?page_id=4428","title":{"rendered":"Standardna radiografija"},"content":{"rendered":"\n<p>Standardna radiografija je brza i neinvazivna dijagnosti\u010dka pretraga gdje se uz pomo\u0107 rendgenskog zra\u010denja vr\u0161i snimanje pojedinih dijelova tijela.<\/p>\n\n\n\n<p>Pri dolasku radiolo\u0161ki tehnolog provjerava Va\u0161u medicinsku dokumentaciju i uzima kratku anamnezu. Kod pacijentica u fertilnoj dobi provjeravamo da li se radi o trudno\u0107i te svojim potpisom pacijentice potvr\u0111uju da nisu trudne.<\/p>\n\n\n\n<p>U na\u0161oj ustanovi se izvode radiografije ko\u0161tano\/zglobnog sitema,npr:<\/p>\n\n\n\n<p>RTG VRATNE KI\u010cME<\/p>\n\n\n\n<p>Izvodi se u dvije projekcije:&nbsp; Standradna(AP) i Profilna (LL)Standardna snimka (AP): Stojite le\u0111ima naslonjeni na stativ, ruke su polo\u017eene uz tijelo te ramena spustite koliko god mo\u017eete. Radiolo\u0161ki tehni\u010dar \u0107e Vam lagano zabaciti glavu te \u0107e Vas uputitida budete mirni i da zadr\u017eite dah u trenutku snimanja.Profilna snimka (LL): Stojite ramenom&nbsp; naslonjeni na stativ, ruke su polo\u017eene uz tijelo te ramena spustite koliko god mo\u017eete. Radiolo\u0161ki tehni\u010dar \u0107e Vam lagano zabaciti glavu te \u0107e Vas uputiti da budete mirni I da zadr\u017eite dah u trenutku snimanja.<\/p>\n\n\n\n<p>RTG KOLJENA<\/p>\n\n\n\n<p>Izvodi se u dvije projekcije: standradna (AP) i profilna (LL)<\/p>\n\n\n\n<p>Standardna snimka (AP): le\u017eite le\u0111ima na radiolo\u0161kom stolu sa ispru\u017eenim nogama. Radiolo\u0161ki tehni\u010dar \u0107e Vas uputiti u kojem trenutku da budete mirni.Profilna snimka (LL): le\u017ee\u0107i na boku snimane strane, noga snimane strane Vam je ispru\u017eena i blago savijena u koljenu. Noga koja se trenutno ne snima savijena je u koljenu i preba\u010dena preko snimane noge. Radiolo\u0161ki tehni\u010dar \u0107e Vas uputiti u kojem trenutku da budete mirni.<\/p>\n\n\n\n<p>RTG PLU\u0106A<\/p>\n\n\n\n<p>Izvodi se u dvije projekcije:&nbsp; Standardna (PA) i Profilna (LL),te le\u017ee\u0107i (AP) kod nepokretnih pacijenata.<\/p>\n\n\n\n<p>RTG ABDOMENA NATIVNO<\/p>\n\n\n\n<p>Standardna snimka (PA): Stojite trbuhom prislonjeni na stativ, rukama se dr\u017eite za rukohvate stativa. Radiolo\u0161ki tehni\u010dar \u0107e Vas uputiti u kojem trenutku da budete mirni i ne di\u0161ete.<\/p>\n\n\n\n<p>RTG UROTRAKTA NATIVNO<\/p>\n\n\n\n<p>Standardna snimka (AP): Le\u017eite le\u0111ima na radiolo\u0161kom stolu, ruke su Vam&nbsp; polo\u017eene uz tijelo. Radiolo\u0161ki tehni\u010dar \u0107e Vas uputiti u kojem trenutku da budete mirni i ne di\u0161ete.<\/p>\n\n\n\n<p>Kontrastne pretrage sa upotrebom jodnog kontrastnog sredstva za bolni\u010dke pacijente na ginekologiji i hirurgiji (HSG,sekundarna holangiografija)<\/p>\n","protected":false},"excerpt":{"rendered":"<p>Standardna radiografija je brza i neinvazivna dijagnosti\u010dka pretraga gdje se uz pomo\u0107 rendgenskog zra\u010denja vr\u0161i snimanje pojedinih dijelova tijela. Pri dolasku radiolo\u0161ki tehnolog provjerava Va\u0161u medicinsku dokumentaciju i uzima kratku anamnezu. Kod pacijentica u fertilnoj dobi provjeravamo da li se radi o trudno\u0107i te svojim potpisom pacijentice potvr\u0111uju da nisu trudne. U na\u0161oj ustanovi se<\/p>\n","protected":false},"author":1,"featured_media":0,"parent":0,"menu_order":0,"comment_status":"closed","ping_status":"closed","template":"","meta":{"footnotes":""},"class_list":["post-4428","page","type-page","status-publish","hentry"],"_links":{"self":[{"href":"https:\/\/bolnicaprijedor.com\/index.php?rest_route=\/wp\/v2\/pages\/4428","targetHints":{"allow":["GET"]}}],"collection":[{"href":"https:\/\/bolnicaprijedor.com\/index.php?rest_route=\/wp\/v2\/pages"}],"about":[{"href":"https:\/\/bolnicaprijedor.com\/index.php?rest_route=\/wp\/v2\/types\/page"}],"author":[{"embeddable":true,"href":"https:\/\/bolnicaprijedor.com\/index.php?rest_route=\/wp\/v2\/users\/1"}],"replies":[{"embeddable":true,"href":"https:\/\/bolnicaprijedor.com\/index.php?rest_route=%2Fwp%2Fv2%2Fcomments&post=4428"}],"version-history":[{"count":1,"href":"https:\/\/bolnicaprijedor.com\/index.php?rest_route=\/wp\/v2\/pages\/4428\/revisions"}],"predecessor-version":[{"id":4429,"href":"https:\/\/bolnicaprijedor.com\/index.php?rest_route=\/wp\/v2\/pages\/4428\/revisions\/4429"}],"wp:attachment":[{"href":"https:\/\/bolnicaprijedor.com\/index.php?rest_route=%2Fwp%2Fv2%2Fmedia&parent=4428"}],"curies":[{"name":"wp","href":"https:\/\/api.w.org\/{rel}","templated":true}]}}