{"id":4426,"date":"2025-02-22T07:50:32","date_gmt":"2025-02-22T06:50:32","guid":{"rendered":"https:\/\/bolnicaprijedor.com\/?page_id=4426"},"modified":"2025-02-22T07:50:32","modified_gmt":"2025-02-22T06:50:32","slug":"mr","status":"publish","type":"page","link":"https:\/\/bolnicaprijedor.com\/?page_id=4426","title":{"rendered":"MR"},"content":{"rendered":"\n<p>Magnetna rezonanca (MR) je neinvazivna radiolo\u0161ka dijagnosti\u010dka pretraga koja omogu\u0107uva slojeviti prikaz ljudskog tijela. Za nastanak slike koristi se sna\u017eno magnetno polje u koje se smje\u0161ta pacijent, radiofrekventni talasi koji daju energiju I ra\u010dunara pomo\u0107u kojih dobijamo jasnu sliku snimanog dijela tijela. Ure\u0111aj za MR snimanje izgleda poput tunela. Za vrijeme pregleda pacijent le\u017ei na stolu koji se uvla\u010di u tunel ure\u0111aja razli\u010dito duboko, zavisno o&nbsp; dijelu tijela koji se pregledava, a oko kojega se stavljaju kalemovi neophodni za snimanje. Ukoliko ste klaustrofobi\u010dni (bojite se zatvorenog prostora) biti \u0107e potrebna dodatna priprema, a mo\u017eda se pregled ne\u0107e mo\u0107i u\u010diniti.<\/p>\n\n\n\n<p>Posebne pripreme za pregled magnetnom rezonancom nisu potrebne. Pregled traje od pola do jednog sata i podijeljen je u vi\u0161e snimanja za vrijeme kojih \u0107ete \u010duti buku ure\u0111aja. Za vrijeme pregleda bolesnik ima slu\u0161alice na u\u0161ima kako bi mogao biti u kontaktu s osobljem, a u ruci dr\u017ei gumenu pumpicu \u010dijim stiskom alarmira osoblje kako bi se u slu\u010daju potrebe prekinulo snimanje. Izuzetno je va\u017eno da tokom pregleda budete opu\u0161teni i mirni jer svaki pokret za vrijeme pregleda zna\u010dajno kvari njegov kvalitet.<\/p>\n\n\n\n<p>Prije pregleda \u0107ete skinuti odje\u0107u i ukloniti sve metalne i predmete koji se mogu o\u0161tetiti magnetnim poljem (nakit, pirsing, klju\u010deve, nao\u010dale, proteze, sat, mobitel, kreditne kartice).<\/p>\n\n\n\n<p>Ako ste naru\u010deni za pregled stomaka ili male karlice molimo nemojte jesti tri sata prije pregleda.<\/p>\n\n\n\n<p>Ako ste naru\u010deni na pregled male karlice nemojte mokriti jedan sat prije pregleda. Izbjegavajte stavljanje \u0161minke i pudera na dio tijela predvi\u0111en za snimanje.<\/p>\n\n\n\n<p>U na\u0161oj ustanovi se trenutno rade MR neuro sistema (glava,ki\u010dma) i MR abdomena i MR male karlice.<\/p>\n","protected":false},"excerpt":{"rendered":"<p>Magnetna rezonanca (MR) je neinvazivna radiolo\u0161ka dijagnosti\u010dka pretraga koja omogu\u0107uva slojeviti prikaz ljudskog tijela. Za nastanak slike koristi se sna\u017eno magnetno polje u koje se smje\u0161ta pacijent, radiofrekventni talasi koji daju energiju I ra\u010dunara pomo\u0107u kojih dobijamo jasnu sliku snimanog dijela tijela. Ure\u0111aj za MR snimanje izgleda poput tunela. Za vrijeme pregleda pacijent le\u017ei na<\/p>\n","protected":false},"author":1,"featured_media":0,"parent":0,"menu_order":0,"comment_status":"closed","ping_status":"closed","template":"","meta":{"footnotes":""},"class_list":["post-4426","page","type-page","status-publish","hentry"],"_links":{"self":[{"href":"https:\/\/bolnicaprijedor.com\/index.php?rest_route=\/wp\/v2\/pages\/4426","targetHints":{"allow":["GET"]}}],"collection":[{"href":"https:\/\/bolnicaprijedor.com\/index.php?rest_route=\/wp\/v2\/pages"}],"about":[{"href":"https:\/\/bolnicaprijedor.com\/index.php?rest_route=\/wp\/v2\/types\/page"}],"author":[{"embeddable":true,"href":"https:\/\/bolnicaprijedor.com\/index.php?rest_route=\/wp\/v2\/users\/1"}],"replies":[{"embeddable":true,"href":"https:\/\/bolnicaprijedor.com\/index.php?rest_route=%2Fwp%2Fv2%2Fcomments&post=4426"}],"version-history":[{"count":1,"href":"https:\/\/bolnicaprijedor.com\/index.php?rest_route=\/wp\/v2\/pages\/4426\/revisions"}],"predecessor-version":[{"id":4427,"href":"https:\/\/bolnicaprijedor.com\/index.php?rest_route=\/wp\/v2\/pages\/4426\/revisions\/4427"}],"wp:attachment":[{"href":"https:\/\/bolnicaprijedor.com\/index.php?rest_route=%2Fwp%2Fv2%2Fmedia&parent=4426"}],"curies":[{"name":"wp","href":"https:\/\/api.w.org\/{rel}","templated":true}]}}