{"id":4424,"date":"2025-02-22T07:50:03","date_gmt":"2025-02-22T06:50:03","guid":{"rendered":"https:\/\/bolnicaprijedor.com\/?page_id=4424"},"modified":"2025-02-22T07:50:03","modified_gmt":"2025-02-22T06:50:03","slug":"ct","status":"publish","type":"page","link":"https:\/\/bolnicaprijedor.com\/?page_id=4424","title":{"rendered":"CT"},"content":{"rendered":"\n<p>CT (kompjuterizovana tomografija) je savremena, bezbolna i neinvazivna dijagnosti\u010dka metoda koja se zasniva na primjeni jonizuju\u0107eg\/X zra\u010denja,koje se kombinacijom rada rendgenskog ure\u0111aja i slo\u017eene kompjuterske obrade podataka, dobijaju slike unutra\u0161njosti organizma.<\/p>\n\n\n\n<p>U ambulanti za kompjuterizovanu tomografiju (CT) snimanja se izvode na vi\u0161eslojnom ure\u0111aju za kompjuterizovanu tomografiju (CT), nativno i nakon primjene i.v. kontrasta . Pretrage koje naj\u010de\u0161\u0107e radimo u CT dijagnostici su:<\/p>\n\n\n\n<p>&#8211; CT mozga<\/p>\n\n\n\n<p>&#8211; CT grudnog ko\u0161a<\/p>\n\n\n\n<p>&#8211; CT abdomena<\/p>\n\n\n\n<p>&#8211; CT male karlice<\/p>\n\n\n\n<p>&#8211; CT ko\u0161tanih struktura\u2026<\/p>\n\n\n\n<p>Va\u017eno u razgovoru prije pretrage saznati od bolesnika ili medicinskog osoblja u njegovoj pratnji postoji li alergija na kontrastno sredstvo (preparate joda).<\/p>\n\n\n\n<p>Zajedni\u010dko za sve CT pretrage je da bolesnik mora imati svje\u017ee nalaze uree i kreatinina u serumu.<\/p>\n\n\n\n<p>Posebna priprema za CT snimanje nije potrebna,osim kod snimanja abdomena kod kojeg je naj\u010de\u0161\u0107e, ovsino o indikaciji i odluci radiologa,potrebno prije snimanja popiti kontrastno sredstvo za markaciju crijeva ili markaciju napraviti pomo\u0107u vode.<\/p>\n","protected":false},"excerpt":{"rendered":"<p>CT (kompjuterizovana tomografija) je savremena, bezbolna i neinvazivna dijagnosti\u010dka metoda koja se zasniva na primjeni jonizuju\u0107eg\/X zra\u010denja,koje se kombinacijom rada rendgenskog ure\u0111aja i slo\u017eene kompjuterske obrade podataka, dobijaju slike unutra\u0161njosti organizma. U ambulanti za kompjuterizovanu tomografiju (CT) snimanja se izvode na vi\u0161eslojnom ure\u0111aju za kompjuterizovanu tomografiju (CT), nativno i nakon primjene i.v. kontrasta . Pretrage<\/p>\n","protected":false},"author":1,"featured_media":0,"parent":0,"menu_order":0,"comment_status":"closed","ping_status":"closed","template":"","meta":{"footnotes":""},"class_list":["post-4424","page","type-page","status-publish","hentry"],"_links":{"self":[{"href":"https:\/\/bolnicaprijedor.com\/index.php?rest_route=\/wp\/v2\/pages\/4424","targetHints":{"allow":["GET"]}}],"collection":[{"href":"https:\/\/bolnicaprijedor.com\/index.php?rest_route=\/wp\/v2\/pages"}],"about":[{"href":"https:\/\/bolnicaprijedor.com\/index.php?rest_route=\/wp\/v2\/types\/page"}],"author":[{"embeddable":true,"href":"https:\/\/bolnicaprijedor.com\/index.php?rest_route=\/wp\/v2\/users\/1"}],"replies":[{"embeddable":true,"href":"https:\/\/bolnicaprijedor.com\/index.php?rest_route=%2Fwp%2Fv2%2Fcomments&post=4424"}],"version-history":[{"count":1,"href":"https:\/\/bolnicaprijedor.com\/index.php?rest_route=\/wp\/v2\/pages\/4424\/revisions"}],"predecessor-version":[{"id":4425,"href":"https:\/\/bolnicaprijedor.com\/index.php?rest_route=\/wp\/v2\/pages\/4424\/revisions\/4425"}],"wp:attachment":[{"href":"https:\/\/bolnicaprijedor.com\/index.php?rest_route=%2Fwp%2Fv2%2Fmedia&parent=4424"}],"curies":[{"name":"wp","href":"https:\/\/api.w.org\/{rel}","templated":true}]}}