{"id":4418,"date":"2025-02-22T07:48:14","date_gmt":"2025-02-22T06:48:14","guid":{"rendered":"https:\/\/bolnicaprijedor.com\/?page_id=4418"},"modified":"2025-02-22T07:48:15","modified_gmt":"2025-02-22T06:48:15","slug":"sluzba-za-radiolosku-dijagnostiku","status":"publish","type":"page","link":"https:\/\/bolnicaprijedor.com\/?page_id=4418","title":{"rendered":"Slu\u017eba za radiolo\u0161ku dijagnostiku"},"content":{"rendered":"\n<p><strong>Slu\u017eba za radiolo\u0161ku dijagnostiku je organizovana u pet kabineta i to:<\/strong><\/p>\n\n\n\n<ul class=\"wp-block-list\">\n<li>Kabinet za standardnu radiografiju i kontrastne pretrage za potrebe bolni\u010dkih pacijenata na ginekologiji i hirurgiji (HSG, sekundarna holangiografija)<\/li>\n\n\n\n<li>Kabinet za ultrazvu\u010dnu dijagnostiku,<\/li>\n\n\n\n<li>Kabinet za mamografiju,<\/li>\n\n\n\n<li>Kabinet za kompjuterizovanu tomografiju (CT) i<\/li>\n\n\n\n<li>Kabinet za magnetnu rezonancu (MR).<\/li>\n<\/ul>\n\n\n\n<p>RADNO VRIJEME<\/p>\n\n\n\n<p>Radiolozi:<\/p>\n\n\n\n<p>Radnim danom od 7:30 h do 19:30 h, organizovani u dvije smjene.<\/p>\n\n\n\n<p>Vikendom, praznicima \/neradnim danima de\u017eurni radiolog radi 24 h.<\/p>\n\n\n\n<p>Radiolo\u0161ki tehni\u010dari:<\/p>\n\n\n\n<p>Svaki dan 24 h organizovani u tri smjene.<\/p>\n\n\n\n<p>Sve dodatne informacije se mogu dobiti na broj telefona 052\/238-411,&nbsp; lokal 202.<\/p>\n\n\n\n<p>Doktori u slu\u017ebi:<\/p>\n\n\n\n<p>specijalista radiolog dr Danijela Trkulja<\/p>\n\n\n\n<p>specijalista radiolog dr Ljiljana Raj\u0161i\u0107-Zec<\/p>\n\n\n\n<p>specijalista radiolog dr Gorana An\u0111i\u0107<\/p>\n\n\n\n<p>specijalista radiolog Ru\u017eica Kos-Stojanov<\/p>\n\n\n\n<p>Ljekari na specijalizaciji radiologije:<\/p>\n\n\n\n<p>dr Zoran Ivkovi\u0107<\/p>\n\n\n\n<p>dr Davor Vuki\u0107<\/p>\n\n\n\n<p>dr Sonja Pralica<\/p>\n\n\n\n<p>dr Milica Velemir<\/p>\n\n\n\n<p>AKTIVNOSTI<\/p>\n\n\n\n<p>U Slu\u017ebi za radiolo\u0161ku dijagnostiku JZU Bolnice \u2018\u2019Dr Mladen Stojanovi\u0107\u2019\u2019 Prijedor se obavljaju radiolo\u0161ki i ultrazvu\u010dni pregledi svih organskih sistema u djece i odraslih bolesnika.<\/p>\n\n\n\n<p>Slo\u017eenije pretrage zahtijevaju dono\u0161enje medicinske dokumentacije prije odre\u0111ivanja datuma pregleda, razgovor s bolesnikom i informisanje o sprovo\u0111enju pretrage te o eventualnim komplikacijama koje se mogu pojaviti. Uvijek se tra\u017ei i pismeni pristanak bolesnika.<\/p>\n\n\n\n<p>Obzirom da se radi o potencijalno \u0161tetnom jonizuju\u0107em zra\u010denju preduzimaju se sve mjere za\u0161tite bolesnika, od postavljanja stroge indikacije za odre\u0111enu vrstu pregleda do za\u0161tite bolesnika za\u0161titnim sredstvima. Ne manje va\u017eno je i stru\u010dno izvo\u0111enje pretrage \u0161to skra\u0107uje vrijeme izlo\u017eenosti bolesnika. Tako\u0111er se prema zakonom utvr\u0111enim pravilima obavljaju tehni\u010dki pregledi rendgen ure\u0111aja i kontrolira doza jonizuju\u0107eg zra\u010denja.<\/p>\n\n\n\n<p>Prije svake slo\u017eenije pretrage bolesnik \u0107e dobiti pismeno uputstvo o pripremi za pregled.<\/p>\n\n\n\n<p>Neke od pretraga zahtijevaju prethodnu pripremu bolesnika (npr. \u010di\u0161\u0107enje crijeva), a neke da bolesnik bude nata\u0161te.<\/p>\n\n\n\n<p>Pojedine pretrage zahtijevaju pijenje kontrastnog sredstva, a neke primjenu kontrasta u venu.<\/p>\n\n\n\n<p>Venska kontrastna sredstva se izlu\u010duju bubrezima pa je prije pregleda potrebno u\u010diniti pretrage krvi koje govore o radu bubrega.<\/p>\n\n\n\n<p>Neophodno je doktora koji \u0107e izvoditi pregled obavijestiti o eventualnim alergijama na jod, bilo koji lijek ili hranu, o terapiji koja se uzima i o trenutnom zdravstvenom stanju (bolesti srca, bubrega, maligne bolesti, astma, dijabetes \u2026).<\/p>\n\n\n\n<p>Ako se radi o \u017eeni generativne dobi mora potvrditi da nije trudna i da ne sumnja na trudno\u0107u i to potvrditi potpisom.<\/p>\n\n\n\n<p>Tokom bilo koje pretrage bolesnik nije sam (u izravnom je kontaktu s osobljem ili ga se prati kroz za\u0161titno staklo). Tokom cijelog pregleda mogu\u0107a je komunikacija zdravstvenog osoblja s pacijentom putem mikrofona.<\/p>\n\n\n\n<p>Osoblje Slu\u017ebe za radiolo\u0161ku dijagnostiku \u0107e se pobrinuti da potrebnu pretragu obavite \u0161to prije i kvalitetnije, uz ljubazni pristup svakom bolesniku.<\/p>\n","protected":false},"excerpt":{"rendered":"<p>Slu\u017eba za radiolo\u0161ku dijagnostiku je organizovana u pet kabineta i to: RADNO VRIJEME Radiolozi: Radnim danom od 7:30 h do 19:30 h, organizovani u dvije smjene. Vikendom, praznicima \/neradnim danima de\u017eurni radiolog radi 24 h. Radiolo\u0161ki tehni\u010dari: Svaki dan 24 h organizovani u tri smjene. Sve dodatne informacije se mogu dobiti na broj telefona 052\/238-411,&nbsp;<\/p>\n","protected":false},"author":1,"featured_media":0,"parent":0,"menu_order":0,"comment_status":"closed","ping_status":"closed","template":"","meta":{"footnotes":""},"class_list":["post-4418","page","type-page","status-publish","hentry"],"_links":{"self":[{"href":"https:\/\/bolnicaprijedor.com\/index.php?rest_route=\/wp\/v2\/pages\/4418","targetHints":{"allow":["GET"]}}],"collection":[{"href":"https:\/\/bolnicaprijedor.com\/index.php?rest_route=\/wp\/v2\/pages"}],"about":[{"href":"https:\/\/bolnicaprijedor.com\/index.php?rest_route=\/wp\/v2\/types\/page"}],"author":[{"embeddable":true,"href":"https:\/\/bolnicaprijedor.com\/index.php?rest_route=\/wp\/v2\/users\/1"}],"replies":[{"embeddable":true,"href":"https:\/\/bolnicaprijedor.com\/index.php?rest_route=%2Fwp%2Fv2%2Fcomments&post=4418"}],"version-history":[{"count":1,"href":"https:\/\/bolnicaprijedor.com\/index.php?rest_route=\/wp\/v2\/pages\/4418\/revisions"}],"predecessor-version":[{"id":4420,"href":"https:\/\/bolnicaprijedor.com\/index.php?rest_route=\/wp\/v2\/pages\/4418\/revisions\/4420"}],"wp:attachment":[{"href":"https:\/\/bolnicaprijedor.com\/index.php?rest_route=%2Fwp%2Fv2%2Fmedia&parent=4418"}],"curies":[{"name":"wp","href":"https:\/\/api.w.org\/{rel}","templated":true}]}}