{"id":4415,"date":"2025-02-22T07:46:14","date_gmt":"2025-02-22T06:46:14","guid":{"rendered":"https:\/\/bolnicaprijedor.com\/?page_id=4415"},"modified":"2025-02-22T07:46:15","modified_gmt":"2025-02-22T06:46:15","slug":"sluzba-za-pravne-i-kadrovske-poslove","status":"publish","type":"page","link":"https:\/\/bolnicaprijedor.com\/?page_id=4415","title":{"rendered":"Slu\u017eba za pravne i kadrovske poslove"},"content":{"rendered":"\n<p>U slu\u017ebi se obavljaju normativno-pravni i kadrovski poslovi iz nadle\u017enosti bolnice, odnosno obavljaju se svi pravni poslovi u okviru djelatnosti bolnice, poslovi vezani za statusne promjene bolnice, pra\u0107enje i prou\u010davanje zakonskih i podzakonskih propisa, te primjena istih u radu bolnice, izrada ugovora, izrada i uskla\u0111ivanje op\u0161tih i pojedina\u010dnih akata sa novim propisima, davanje pravnih mi\u0161ljenja, obja\u0161njenja, konsultacija, saradnja sa svim organizacionim djelovima bolnice po raznovrsnim pitanjima koja se na bilo koji na\u010din ti\u010du stru\u010dne problematike Slu\u017ebe za pravne i kadrovske poslove, poslovi opslu\u017eivanja Upravnog odbora i drugih organa bolnice, zastupanje pred sudovima i drugim organima po ovla\u0161tenju direktora, poslovi prijema, uru\u010denja i otpreme po\u0161te, kurirski poslovi, daktilografski poslovi, arhivarski poslovi, poslovi u vezi sa zasnivanjem i prestankom radnog odnosa, raspore\u0111ivanjem radnika na odgovaraju\u0107a radna mjesta, stru\u010dnim usavr\u0161avanjem, posebno specijalizacije i usmjerene specijalizacije, vo\u0111enje i a\u017euriranje kadrovskih evidencija, saradnje sa odre\u0111enim dr\u017eavnim organima, kao \u0161to su Zavod za zapo\u0161ljavanje, Fond zdravstvenog osiguranja, Fond PIO, Poreska uprava, Ministarstvo zdravlja i sl..<\/p>\n\n\n\n<p>Pomo\u0107nik direktora za pravne poslove<\/p>\n\n\n\n<p>Gordana Bjelica, dipl. pravnik<\/p>\n\n\n\n<p>Tel. 052 238 422<\/p>\n\n\n\n<p>E-mail: gordana.bjelica@bolnicaprijedor.com<\/p>\n\n\n\n<p>Stru\u010dni saradnik za pravne poslove<\/p>\n\n\n\n<p>Sandra Grbi\u0107, dipl. pravnik<\/p>\n\n\n\n<p>Tel. <a>052 238 411 lokal 9-217<\/a><\/p>\n\n\n\n<p>E-mail: sandra.grbic@bolnicaprijedor.com<\/p>\n\n\n\n<p>Referent za kadrovske poslove i<\/p>\n\n\n\n<p>za\u0161titu prava pacijenata<\/p>\n\n\n\n<p>Mirjana Smiljani\u0107,<\/p>\n\n\n\n<p>Tel. 052 238 411 lokal 9-217<\/p>\n\n\n\n<p>E-mail: mirjana.smiljanic@bolnicaprijedor.com<\/p>\n\n\n\n<p>Pisarnica-protokol<\/p>\n\n\n\n<p>Tel. 052 238 411 lokal 9-224<\/p>\n","protected":false},"excerpt":{"rendered":"<p>U slu\u017ebi se obavljaju normativno-pravni i kadrovski poslovi iz nadle\u017enosti bolnice, odnosno obavljaju se svi pravni poslovi u okviru djelatnosti bolnice, poslovi vezani za statusne promjene bolnice, pra\u0107enje i prou\u010davanje zakonskih i podzakonskih propisa, te primjena istih u radu bolnice, izrada ugovora, izrada i uskla\u0111ivanje op\u0161tih i pojedina\u010dnih akata sa novim propisima, davanje pravnih mi\u0161ljenja,<\/p>\n","protected":false},"author":1,"featured_media":0,"parent":0,"menu_order":0,"comment_status":"closed","ping_status":"closed","template":"","meta":{"footnotes":""},"class_list":["post-4415","page","type-page","status-publish","hentry"],"_links":{"self":[{"href":"https:\/\/bolnicaprijedor.com\/index.php?rest_route=\/wp\/v2\/pages\/4415","targetHints":{"allow":["GET"]}}],"collection":[{"href":"https:\/\/bolnicaprijedor.com\/index.php?rest_route=\/wp\/v2\/pages"}],"about":[{"href":"https:\/\/bolnicaprijedor.com\/index.php?rest_route=\/wp\/v2\/types\/page"}],"author":[{"embeddable":true,"href":"https:\/\/bolnicaprijedor.com\/index.php?rest_route=\/wp\/v2\/users\/1"}],"replies":[{"embeddable":true,"href":"https:\/\/bolnicaprijedor.com\/index.php?rest_route=%2Fwp%2Fv2%2Fcomments&post=4415"}],"version-history":[{"count":1,"href":"https:\/\/bolnicaprijedor.com\/index.php?rest_route=\/wp\/v2\/pages\/4415\/revisions"}],"predecessor-version":[{"id":4417,"href":"https:\/\/bolnicaprijedor.com\/index.php?rest_route=\/wp\/v2\/pages\/4415\/revisions\/4417"}],"wp:attachment":[{"href":"https:\/\/bolnicaprijedor.com\/index.php?rest_route=%2Fwp%2Fv2%2Fmedia&parent=4415"}],"curies":[{"name":"wp","href":"https:\/\/api.w.org\/{rel}","templated":true}]}}