{"id":4412,"date":"2025-02-22T07:45:03","date_gmt":"2025-02-22T06:45:03","guid":{"rendered":"https:\/\/bolnicaprijedor.com\/?page_id=4412"},"modified":"2025-02-22T07:45:04","modified_gmt":"2025-02-22T06:45:04","slug":"sluzba-za-patologiju-i-citologiju","status":"publish","type":"page","link":"https:\/\/bolnicaprijedor.com\/?page_id=4412","title":{"rendered":"Slu\u017eba za patologiju i citologiju"},"content":{"rendered":"\n<p><\/p>\n\n\n\n<p><strong>Kontakt telefon za informacije:&nbsp; 052\/238-411<\/strong><\/p>\n\n\n\n<p><strong>Lokali: &nbsp;255 \u2013 <\/strong>Rukovodilac slu\u017ebe, patohistolo\u0161ka laboratorija i mrtva\u010dnica<\/p>\n\n\n\n<p><strong>&nbsp;&nbsp;&nbsp;&nbsp;&nbsp;&nbsp;&nbsp;&nbsp;&nbsp;&nbsp;&nbsp;&nbsp; &nbsp;201- <\/strong>citolo\u0161ka laboratorija i glavni tehni\u010dar slu\u017ebe.<\/p>\n\n\n\n<p><strong>Radno vrijeme &nbsp;<\/strong>Slu\u017ebe za patologiju i citologiju je svaki radni dan od 7 h &#8211; 14 h.<\/p>\n\n\n\n<p><strong>Radno vrijeme<\/strong> mrtva\u010dnice je svaki radni dan od 7h-15h i subotom od 10h-13h.<\/p>\n\n\n\n<figure class=\"wp-block-table\"><table class=\"has-fixed-layout\"><tbody><tr><td>&nbsp;&nbsp;&nbsp;&nbsp;&nbsp;&nbsp;&nbsp;&nbsp; Na\u010delnik slu\u017ebe &nbsp; &nbsp; &nbsp; &nbsp; &nbsp; &nbsp; &nbsp;&nbsp;&nbsp;&nbsp; Dr Goran Tuki\u0107 Specijalista patologije<\/td><td>Glavni tehni\u010dar slu\u017ebe &nbsp; &nbsp; &nbsp; &nbsp; &nbsp; &nbsp; Radmila Dotli\u0107 Vi\u0161i laboratorijski tehni\u010dar<\/td><\/tr><\/tbody><\/table><\/figure>\n\n\n\n<p>Slu\u017eba za patologiju je osnovana 2005. Godine u suterenu Bolnice. Danas je rad u Su\u017ebi organizovan u 3 organizacione jedinice na 2 lokacije:<\/p>\n\n\n\n<ul class=\"wp-block-list\">\n<li>Citolo\u0161ka laboratorija na 1. Spratu .<\/li>\n\n\n\n<li>Patohistolo\u0161ka laboratorija u suterenu<\/li>\n\n\n\n<li>Mrtva\u010dnica sa prosekturon u suterenu.<\/li>\n<\/ul>\n\n\n\n<p>Na godi\u0161njem nivou, u slu\u017ebi se izvr\u0161i pribli\u017eno 4000 razli\u010ditih dijagnosti\u010dkih ispitivanja ( PHD + citologija).<\/p>\n\n\n\n<p>Slu\u017eba za patologiju i citologiju spada u nastavnu bazu pri Visokoj medicinskoj \u0161koli Prijedor.<\/p>\n\n\n\n<p><strong><u>DJELATNOSTI SLU\u017dBE ZA PATOLOGIJU I CITOLOGIJU:<\/u><\/strong><\/p>\n\n\n\n<ol class=\"wp-block-list\">\n<li>PATOHISTOLO\u0160KA LABRATORIJA:<\/li>\n\n\n\n<li>Osnovna biopsija: prijem, priprema , rutinsko HE bojenje i analiza.<\/li>\n\n\n\n<li>Ve\u0107a biopsija: prijem, priprema, rutinsko bojenje i analiza 4-6 isje\u010daka.<\/li>\n\n\n\n<li>Velika biosija: prijem, priprema, rutinsko HE bojenje i analiza > 7 isje\u010daka.<\/li>\n\n\n\n<li>Serijski pregled velike biopsije ( konus \u00a0grli\u0107a materice, \u0161titaste \u017elijezde&#8230;)<\/li>\n\n\n\n<li>Endoskopke biopsije ( isje\u010dci suznice \u017eeluca, crijeva, grkljana, plu\u0107a&#8230;)<\/li>\n\n\n\n<li>Ex tempore biopsija razli\u010dith organa uz intraoperativnu konsultaciju i analizu materijala nakon ex tempore biopsije.<\/li>\n\n\n\n<li>Resekat dijela ili kompletnog organa sa tumorom (tumori dojke, \u017eeluca, crijeva, uterusa &#8230;)<\/li>\n\n\n\n<li>Resekat dijela ili kompletnog organa sa malignim tumorom uz regionalne limfne \u010dvorove\u00a0<\/li>\n<\/ol>\n\n\n\n<p>(uz primarni tumor analiziraju se svi vidljivi limfni \u010dvorovi i extranodalni depoziti, rutinsko HE bojenje).<\/p>\n\n\n\n<ul class=\"wp-block-list\">\n<li>Biopsija sa deklacinacijom, priprema i prijem ko\u0161tanoh materijala uz utortebu sredstava za dekalcinaciju, rutinsko HE bojenje i analiza ko\u0161tanog tkiva.<\/li>\n\n\n\n<li>Biopsija tkiva testisa radi utvr\u0111ivanja spermatogeneze.<\/li>\n\n\n\n<li>Klini\u010dka obdukcija sa komplet makro i mikroskopskom ekspertizom osnove bolesti i uzroka smrti.<\/li>\n\n\n\n<li>Fotografisanje, izrada makro i mikro fotografija.<\/li>\n\n\n\n<li>Arhiviranje podataka, arhiviranje svih nalaza i drugih dokumenata koji se koriste u slu\u017ebi.<\/li>\n<\/ul>\n\n\n\n<ul class=\"wp-block-list\">\n<li>CITOLO\u0160KA LABORATORIJA:<\/li>\n\n\n\n<li>Citolo\u0161ka analiza cervikalnog brisa.<\/li>\n\n\n\n<li>Citolo\u0161ka analiza izliva ( pleuralni i perkardni izlivi, ascites).<\/li>\n\n\n\n<li>Citolo\u0161ka analiza uzoraka dobijenih FNA metodom.<\/li>\n\n\n\n<li>Citolo\u0161ka\u00a0 analiza plu\u0107nih razmaza.<\/li>\n\n\n\n<li>Citolo\u0161ka nalaiza urina.<\/li>\n\n\n\n<li>Spermogram.<\/li>\n<\/ul>\n\n\n\n<ul class=\"wp-block-list\">\n<li>MRTVA\u010cNICA:<\/li>\n\n\n\n<li>Smje\u0161taj i \u010duvanje pokojnika.<\/li>\n\n\n\n<li>Priprema tijela preminulih za izdavanje porodici ili pogrebnicima.<\/li>\n\n\n\n<li>Pripremu tijela preminulih za obdukciju.<\/li>\n<\/ul>\n\n\n\n<p>Slu\u017eb za patologiju i citologiju ima 2 ljekara, specijaliste patologije. &nbsp;<\/p>\n","protected":false},"excerpt":{"rendered":"<p>Kontakt telefon za informacije:&nbsp; 052\/238-411 Lokali: &nbsp;255 \u2013 Rukovodilac slu\u017ebe, patohistolo\u0161ka laboratorija i mrtva\u010dnica &nbsp;&nbsp;&nbsp;&nbsp;&nbsp;&nbsp;&nbsp;&nbsp;&nbsp;&nbsp;&nbsp;&nbsp; &nbsp;201- citolo\u0161ka laboratorija i glavni tehni\u010dar slu\u017ebe. Radno vrijeme &nbsp;Slu\u017ebe za patologiju i citologiju je svaki radni dan od 7 h &#8211; 14 h. Radno vrijeme mrtva\u010dnice je svaki radni dan od 7h-15h i subotom od 10h-13h. &nbsp;&nbsp;&nbsp;&nbsp;&nbsp;&nbsp;&nbsp;&nbsp; Na\u010delnik slu\u017ebe<\/p>\n","protected":false},"author":1,"featured_media":0,"parent":0,"menu_order":0,"comment_status":"closed","ping_status":"closed","template":"","meta":{"footnotes":""},"class_list":["post-4412","page","type-page","status-publish","hentry"],"_links":{"self":[{"href":"https:\/\/bolnicaprijedor.com\/index.php?rest_route=\/wp\/v2\/pages\/4412","targetHints":{"allow":["GET"]}}],"collection":[{"href":"https:\/\/bolnicaprijedor.com\/index.php?rest_route=\/wp\/v2\/pages"}],"about":[{"href":"https:\/\/bolnicaprijedor.com\/index.php?rest_route=\/wp\/v2\/types\/page"}],"author":[{"embeddable":true,"href":"https:\/\/bolnicaprijedor.com\/index.php?rest_route=\/wp\/v2\/users\/1"}],"replies":[{"embeddable":true,"href":"https:\/\/bolnicaprijedor.com\/index.php?rest_route=%2Fwp%2Fv2%2Fcomments&post=4412"}],"version-history":[{"count":1,"href":"https:\/\/bolnicaprijedor.com\/index.php?rest_route=\/wp\/v2\/pages\/4412\/revisions"}],"predecessor-version":[{"id":4414,"href":"https:\/\/bolnicaprijedor.com\/index.php?rest_route=\/wp\/v2\/pages\/4412\/revisions\/4414"}],"wp:attachment":[{"href":"https:\/\/bolnicaprijedor.com\/index.php?rest_route=%2Fwp%2Fv2%2Fmedia&parent=4412"}],"curies":[{"name":"wp","href":"https:\/\/api.w.org\/{rel}","templated":true}]}}