{"id":4410,"date":"2025-02-22T07:43:09","date_gmt":"2025-02-22T06:43:09","guid":{"rendered":"https:\/\/bolnicaprijedor.com\/?page_id=4410"},"modified":"2025-02-22T07:43:10","modified_gmt":"2025-02-22T06:43:10","slug":"sluzba-za-internu-reviziju","status":"publish","type":"page","link":"https:\/\/bolnicaprijedor.com\/?page_id=4410","title":{"rendered":"Slu\u017eba za internu reviziju"},"content":{"rendered":"\n<p>Interna revizija je nezavisno, objektivno davanje mi\u0161ljenja i savjetodavna aktivnost, koja ima za cilj da unaprijedi poslovanje Bolnice. Interna revizija poma\u017ee Bolnici da ostvari svoje ciljeve obezbje\u0111uju\u0107i&nbsp; sistemati\u010dan i disciplinovan pristup ocjeni i pobolj\u0161anju efikasnosti upravljanja rizikom, kontrolama i procesima upravljanja.<\/p>\n\n\n\n<p>U Slu\u017ebi za internu reviziju zaposlen je jedan interni revizor.<\/p>\n\n\n\n<p>Sve informacije vezane \u0455a Slu\u017ebu za internu reviziju mogu se dobiti na telefon: 052\/238-416<\/p>\n","protected":false},"excerpt":{"rendered":"<p>Interna revizija je nezavisno, objektivno davanje mi\u0161ljenja i savjetodavna aktivnost, koja ima za cilj da unaprijedi poslovanje Bolnice. Interna revizija poma\u017ee Bolnici da ostvari svoje ciljeve obezbje\u0111uju\u0107i&nbsp; sistemati\u010dan i disciplinovan pristup ocjeni i pobolj\u0161anju efikasnosti upravljanja rizikom, kontrolama i procesima upravljanja. U Slu\u017ebi za internu reviziju zaposlen je jedan interni revizor. Sve informacije vezane \u0455a<\/p>\n","protected":false},"author":1,"featured_media":0,"parent":0,"menu_order":0,"comment_status":"closed","ping_status":"closed","template":"","meta":{"footnotes":""},"class_list":["post-4410","page","type-page","status-publish","hentry"],"_links":{"self":[{"href":"https:\/\/bolnicaprijedor.com\/index.php?rest_route=\/wp\/v2\/pages\/4410","targetHints":{"allow":["GET"]}}],"collection":[{"href":"https:\/\/bolnicaprijedor.com\/index.php?rest_route=\/wp\/v2\/pages"}],"about":[{"href":"https:\/\/bolnicaprijedor.com\/index.php?rest_route=\/wp\/v2\/types\/page"}],"author":[{"embeddable":true,"href":"https:\/\/bolnicaprijedor.com\/index.php?rest_route=\/wp\/v2\/users\/1"}],"replies":[{"embeddable":true,"href":"https:\/\/bolnicaprijedor.com\/index.php?rest_route=%2Fwp%2Fv2%2Fcomments&post=4410"}],"version-history":[{"count":1,"href":"https:\/\/bolnicaprijedor.com\/index.php?rest_route=\/wp\/v2\/pages\/4410\/revisions"}],"predecessor-version":[{"id":4411,"href":"https:\/\/bolnicaprijedor.com\/index.php?rest_route=\/wp\/v2\/pages\/4410\/revisions\/4411"}],"wp:attachment":[{"href":"https:\/\/bolnicaprijedor.com\/index.php?rest_route=%2Fwp%2Fv2%2Fmedia&parent=4410"}],"curies":[{"name":"wp","href":"https:\/\/api.w.org\/{rel}","templated":true}]}}