{"id":4406,"date":"2025-02-22T07:41:49","date_gmt":"2025-02-22T06:41:49","guid":{"rendered":"https:\/\/bolnicaprijedor.com\/?page_id=4406"},"modified":"2025-02-22T07:41:49","modified_gmt":"2025-02-22T06:41:49","slug":"sluzba-za-fizikalnu-medicinu-i-rehabilitaciju","status":"publish","type":"page","link":"https:\/\/bolnicaprijedor.com\/?page_id=4406","title":{"rendered":"Slu\u017eba za fizikalnu medicinu i rehabilitaciju"},"content":{"rendered":"\n<p><\/p>\n\n\n\n<p><\/p>\n\n\n\n<p>Slu\u017eba za fizikalnu medicinu i rehabilitaciju se nalazi u sastavu JZU Bolnica \u201eDr Mladen Stojanovi\u0107\u201c Prijedor od njenog osnivanja 1986. godine i smje\u0161tena je u suterenu centralnog objekta.<\/p>\n\n\n\n<p>U protekle tri decenije slu\u017eba se konstantno razvijala u organizacionom smislu, kroz uvo\u0111enje novih terapijskih sadr\u017eaja i nove aparaturne tehnike. Pratimo svjetske trendove, prisustvujemo kongresima, stru\u010dnim sastancima, kontinuirano edukuju\u0107i kadar u cilju lije\u010denja i rehabilitacije pacijenata.<\/p>\n\n\n\n<p>Svi navedeni napori imaju za cilj pobolj\u0161anje kvaliteta \u017eivota pacijenata kroz pobolj\u0161anje funkcionalnog statusa, skra\u0107enje vremena rehabilitacije, br\u017ei povratak u porodicu i dru\u0161tvenu zajednicu kao aktivnih i produktivnih u\u010desnika u svim \u017eivotnim tokovima.<\/p>\n\n\n\n<p><\/p>\n\n\n\n<p>Na\u010delnik slu\u017ebe:&nbsp; prim.dr. specijalista fizikalne med. i rehabilitacije&nbsp; &#8211; Slobodanka \u0160ormaz Trebovac<\/p>\n\n\n\n<p>Ljekar: Dr med. Veselinka \u0110akovi\u0107 \u2013 specijalista fizikalne med. i rehabilitacije<\/p>\n\n\n\n<p>Ljekar na specijalizaciji: Dr Ana Vu\u010di\u0107evi\u0107<\/p>\n\n\n\n<p>Glavni fizioterapeut: Zorica Pupovac, dipl. medicinar fizioterapije<\/p>\n\n\n\n<p>Fizioterapeuti: Aleksandra Bilbija, vi\u0161i fizioterapeut<\/p>\n\n\n\n<p>&nbsp;&nbsp;&nbsp;&nbsp;&nbsp;&nbsp;&nbsp;&nbsp;&nbsp;&nbsp;&nbsp;&nbsp;&nbsp;&nbsp;&nbsp;&nbsp;&nbsp;&nbsp;&nbsp;&nbsp;&nbsp;&nbsp;&nbsp;&nbsp;&nbsp;&nbsp; Dara Teji\u0107, srednji fizioterapeut<\/p>\n\n\n\n<p>&nbsp;&nbsp;&nbsp;&nbsp;&nbsp;&nbsp;&nbsp;&nbsp;&nbsp;&nbsp;&nbsp;&nbsp;&nbsp;&nbsp;&nbsp;&nbsp;&nbsp;&nbsp;&nbsp;&nbsp;&nbsp;&nbsp;&nbsp;&nbsp;&nbsp;&nbsp;&nbsp; Radoslav Grbi\u0107, srednji fizioterapeut<\/p>\n\n\n\n<p>&nbsp;&nbsp;&nbsp;&nbsp;&nbsp;&nbsp;&nbsp;&nbsp;&nbsp;&nbsp;&nbsp;&nbsp;&nbsp;&nbsp;&nbsp;&nbsp;&nbsp;&nbsp;&nbsp;&nbsp;&nbsp;&nbsp;&nbsp;&nbsp;&nbsp;&nbsp;&nbsp; Aleksandra Zgonjanin, srednji fizioterapeut<\/p>\n\n\n\n<p>Medicinska sestra-administrator: Zlata Soldat, srednja medicinska sestra<\/p>\n\n\n\n<p><strong><u>USLUGE<\/u><\/strong><\/p>\n\n\n\n<p>Usluge rane rehabilitacije i ambulantne fizikalne terapije pru\u017eaju se pacijentim sa: degenerativnim, zapaljenskim i vanzglobnim reumatskim oboljenjima zglobova i ki\u010dmenog stuba, metaboli\u010dkim oboljenjima kostiju i zglobova, neurolo\u0161kim i miopatskim oboljenjima, pacijentima sa posttraumatskim o\u0161te\u0107enjima lokomotornih funkcija, nakon operativnog ili konzervativnog lije\u010denja, kao i bebama sa razvojnim poreme\u0107ajima.<\/p>\n\n\n\n<p><strong><u>USLUGE RANE REHABILITACIJE<\/u><\/strong><\/p>\n\n\n\n<p>Rehabilitacija hospitalizovanih pacijenata prije svega na odjeljenjima ortopedije sa traumatologijom, hirurgije, kardiologije, neurologije, odjeljenja za intenzivno lije\u010denje i njegu, odjeljenje neonatologije, a po potrebi i na svim ostalim bolni\u010dkim odjeljenjima.<\/p>\n\n\n\n<p><strong><u>AMBULANTNA DJELATNOST<\/u><\/strong><\/p>\n\n\n\n<p>Ispitivanje i lije\u010denje pacijenata kojima je potrebna ambulantna fizikalna terapija. Sprovodi funkcionalnu dijagnostiku iz domena fizikalne medicine i rehabilitacije, kao i savremenu aparaturnu fizikalnu terapiju, sve oblike dijagnosti\u010dkih i funkcionalnih testova u primjeni kineziterapijskih procedura.<\/p>\n\n\n\n<p>U procesu lije\u010denja i rehabilitacije primjenjujemo razli\u010dite fizikalne metode:<\/p>\n\n\n\n<ul class=\"wp-block-list\">\n<li>Elektroterapija (dijadinamske struje, galvanizacija, iontoforeza, interferentne struje, elektrostimulacija, TENS)<\/li>\n\n\n\n<li>Magnetoterapija<\/li>\n\n\n\n<li>Hidro i hidrokinezi terapija<\/li>\n\n\n\n<li>Fototerapija ( IC lampa )<\/li>\n\n\n\n<li>Ultrazvu\u010dna terapija termoterapija ( parafin )<\/li>\n\n\n\n<li>Lasero terapija<\/li>\n\n\n\n<li>Manuelna masa\u017ea<\/li>\n\n\n\n<li>Shockwave (terapija udarnim talasom )<\/li>\n\n\n\n<li>Kineziterapija (individualni i grupni kineziterapijski program \u2013 vje\u017ebe ja\u010danja mi\u0161i\u0107a, pasivne i aktivne vje\u017ebe odr\u017eavanja obima pokreta, respiratorne vje\u017ebe, vje\u017ebe koordinacije i balansa, vje\u017ebe istezanja, tehnike po Mckenzie-u, vje\u017ebe za skolioze, kifoze,posturalnu disfunkciju, vje\u017ebe za osteoporozu&#8230;)<\/li>\n\n\n\n<li>Funkcionalna testiranja<\/li>\n<\/ul>\n\n\n\n<p><strong><u>VODI\u010c ZA PACIJENTE PRILIKOM PRIJEMA<\/u><\/strong><\/p>\n\n\n\n<p>Radno vrijeme ambulante:&nbsp; 09:00h \u2013 14:00h<\/p>\n\n\n\n<p>Pauza: 10:30h \u2013 11:00h<\/p>\n\n\n\n<p>Pacijenti mogu do\u0107i na ambulantnu fizikalnu terapiju sa uputnicom od porodi\u010dnog ljekara, izabranog pedijatra ili sa uputnicom od ortopeda, neurologa, pedijatra ( ili bilo kojeg drugog bolni\u010dkog ljekara koji treba konsultaciju fizijatra za svog pacijenta).<\/p>\n\n\n\n<p>Poslije obavljenog pregleda spec. fizikalne med. i rehabilitacije, ukoliko postoji potreba , zakazuje se fizikalna terapija, koja se obavlja ambulantno svaki radni dan, osim vikenda, od 07:00h \u2013 12:00h u prostorijama Slu\u017ebe za fizikalnu medicinu i rehabilitaciju, dok je od 12:00h \u2013 15:00h rad fizioterapeuta planiran za stacionarne pacijente na odjeljenjima.<\/p>\n\n\n\n<p><strong><u>KONTAKT<\/u><\/strong><\/p>\n\n\n\n<p>Bolnica \u2013 052\/238-411<\/p>\n\n\n\n<p>Lokali slu\u017ebe za fizikalnu med. i rehabilitaciju \u2013 Lokal 248 ( prijemni \u0161alter )<\/p>\n\n\n\n<p>&nbsp;&nbsp;&nbsp;&nbsp;&nbsp;&nbsp;&nbsp;&nbsp;&nbsp;&nbsp;&nbsp;&nbsp;&nbsp;&nbsp;&nbsp;&nbsp;&nbsp;&nbsp;&nbsp;&nbsp;&nbsp;&nbsp;&nbsp;&nbsp;&nbsp;&nbsp;&nbsp;&nbsp;&nbsp;&nbsp;&nbsp;&nbsp;&nbsp;&nbsp;&nbsp;&nbsp;&nbsp;&nbsp;&nbsp;&nbsp;&nbsp;&nbsp;&nbsp;&nbsp;&nbsp;&nbsp;&nbsp;&nbsp;&nbsp;&nbsp;&nbsp;&nbsp;&nbsp;&nbsp;&nbsp;&nbsp;&nbsp;&nbsp;&nbsp;&nbsp;&nbsp;&nbsp;&nbsp;&nbsp;&nbsp;&nbsp;&nbsp;&nbsp;&nbsp;&nbsp;&nbsp;&nbsp;&nbsp;&nbsp;&nbsp;&nbsp;&nbsp;&nbsp;&nbsp;&nbsp;&nbsp;&nbsp;&nbsp; Lokal 258 (Dr \u0160ormaz Trebovac Slobodanka )<\/p>\n\n\n\n<p>&nbsp;&nbsp;&nbsp;&nbsp;&nbsp;&nbsp;&nbsp;&nbsp;&nbsp;&nbsp;&nbsp;&nbsp;&nbsp;&nbsp;&nbsp;&nbsp;&nbsp;&nbsp;&nbsp;&nbsp;&nbsp;&nbsp;&nbsp;&nbsp;&nbsp;&nbsp;&nbsp;&nbsp;&nbsp;&nbsp;&nbsp;&nbsp;&nbsp;&nbsp;&nbsp;&nbsp;&nbsp;&nbsp;&nbsp;&nbsp;&nbsp;&nbsp;&nbsp;&nbsp;&nbsp;&nbsp;&nbsp;&nbsp;&nbsp;&nbsp;&nbsp;&nbsp;&nbsp;&nbsp;&nbsp;&nbsp;&nbsp;&nbsp;&nbsp;&nbsp;&nbsp;&nbsp;&nbsp;&nbsp;&nbsp;&nbsp;&nbsp;&nbsp;&nbsp;&nbsp;&nbsp;&nbsp;&nbsp;&nbsp;&nbsp;&nbsp;&nbsp;&nbsp;&nbsp;&nbsp;&nbsp;&nbsp;&nbsp; Lokal 257 ( Dr \u0110akovi\u0107 Veselinka )<\/p>\n","protected":false},"excerpt":{"rendered":"<p>Slu\u017eba za fizikalnu medicinu i rehabilitaciju se nalazi u sastavu JZU Bolnica \u201eDr Mladen Stojanovi\u0107\u201c Prijedor od njenog osnivanja 1986. godine i smje\u0161tena je u suterenu centralnog objekta. U protekle tri decenije slu\u017eba se konstantno razvijala u organizacionom smislu, kroz uvo\u0111enje novih terapijskih sadr\u017eaja i nove aparaturne tehnike. Pratimo svjetske trendove, prisustvujemo kongresima, stru\u010dnim sastancima,<\/p>\n","protected":false},"author":1,"featured_media":0,"parent":0,"menu_order":0,"comment_status":"closed","ping_status":"closed","template":"","meta":{"footnotes":""},"class_list":["post-4406","page","type-page","status-publish","hentry"],"_links":{"self":[{"href":"https:\/\/bolnicaprijedor.com\/index.php?rest_route=\/wp\/v2\/pages\/4406","targetHints":{"allow":["GET"]}}],"collection":[{"href":"https:\/\/bolnicaprijedor.com\/index.php?rest_route=\/wp\/v2\/pages"}],"about":[{"href":"https:\/\/bolnicaprijedor.com\/index.php?rest_route=\/wp\/v2\/types\/page"}],"author":[{"embeddable":true,"href":"https:\/\/bolnicaprijedor.com\/index.php?rest_route=\/wp\/v2\/users\/1"}],"replies":[{"embeddable":true,"href":"https:\/\/bolnicaprijedor.com\/index.php?rest_route=%2Fwp%2Fv2%2Fcomments&post=4406"}],"version-history":[{"count":1,"href":"https:\/\/bolnicaprijedor.com\/index.php?rest_route=\/wp\/v2\/pages\/4406\/revisions"}],"predecessor-version":[{"id":4408,"href":"https:\/\/bolnicaprijedor.com\/index.php?rest_route=\/wp\/v2\/pages\/4406\/revisions\/4408"}],"wp:attachment":[{"href":"https:\/\/bolnicaprijedor.com\/index.php?rest_route=%2Fwp%2Fv2%2Fmedia&parent=4406"}],"curies":[{"name":"wp","href":"https:\/\/api.w.org\/{rel}","templated":true}]}}