{"id":4401,"date":"2025-02-22T07:37:27","date_gmt":"2025-02-22T06:37:27","guid":{"rendered":"https:\/\/bolnicaprijedor.com\/?page_id=4401"},"modified":"2025-02-22T07:38:30","modified_gmt":"2025-02-22T06:38:30","slug":"4401-2","status":"publish","type":"page","link":"https:\/\/bolnicaprijedor.com\/?page_id=4401","title":{"rendered":"Slu\u017eba za\u00a0 biohemijsko hematolo\u0161ku dijagnostiku"},"content":{"rendered":"\n<p><\/p>\n\n\n\n<p>Slu\u017eba za biohemijsko hematolo\u0161ku dijagnostiku, kontinuirano, tokom 24h, pru\u017ea neophodne dijagnosti\u010dke&nbsp; usluge za hitna stanja, bolni\u010dke I vanbolni\u010dke &nbsp;pacijente<\/p>\n\n\n\n<p><strong>INFORMACIJE<\/strong><\/p>\n\n\n\n<p><strong>Telefon&nbsp; 052 238 411 &nbsp;( loc. 124 )<\/strong><\/p>\n\n\n\n<p><strong>Naru\u010divanje&nbsp;&nbsp;&nbsp;&nbsp;&nbsp;&nbsp;&nbsp;&nbsp;&nbsp;&nbsp;&nbsp;&nbsp;&nbsp;&nbsp;&nbsp;&nbsp;&nbsp;&nbsp;&nbsp;&nbsp;&nbsp;&nbsp;&nbsp;&nbsp;&nbsp;&nbsp;&nbsp;&nbsp;&nbsp;&nbsp;&nbsp;&nbsp;&nbsp;&nbsp;&nbsp;&nbsp;&nbsp;&nbsp;&nbsp;&nbsp;&nbsp;&nbsp;&nbsp;&nbsp; nije potrebno<\/strong><\/p>\n\n\n\n<p><strong>Prijem hitnih stanja&nbsp;&nbsp;&nbsp;&nbsp;&nbsp;&nbsp;&nbsp;&nbsp;&nbsp;&nbsp;&nbsp;&nbsp;&nbsp;&nbsp;&nbsp;&nbsp;&nbsp;&nbsp;&nbsp;&nbsp;&nbsp;&nbsp;&nbsp;&nbsp;&nbsp;&nbsp;&nbsp;&nbsp;&nbsp;&nbsp;&nbsp; 0 \u2013 24 h<\/strong><\/p>\n\n\n\n<p><strong>Prijem vanbolni\u010dkih pacijenata &nbsp;&nbsp;&nbsp;&nbsp;&nbsp;&nbsp;&nbsp;&nbsp;&nbsp;&nbsp;&nbsp;07 h&nbsp; &#8211;&nbsp; 09 i 30 h<\/strong><\/p>\n\n\n\n<p><strong>Vanbolni\u010dki pacijenti&nbsp;&nbsp;&nbsp;&nbsp;&nbsp;&nbsp;&nbsp;&nbsp;&nbsp;&nbsp;&nbsp;&nbsp;&nbsp;&nbsp;&nbsp;&nbsp;&nbsp;&nbsp;&nbsp;&nbsp;&nbsp;&nbsp;&nbsp;&nbsp;&nbsp;&nbsp; &nbsp;&nbsp;sa uputnicom ljekara porodi\u010dne medicine<\/strong><\/p>\n\n\n\n<p><strong>&nbsp;&nbsp;&nbsp;&nbsp;&nbsp;&nbsp;&nbsp;&nbsp;&nbsp;&nbsp;&nbsp;&nbsp;&nbsp;&nbsp;&nbsp;&nbsp;&nbsp;&nbsp;&nbsp;&nbsp;&nbsp;&nbsp;&nbsp;&nbsp;&nbsp;&nbsp;&nbsp;&nbsp;&nbsp;&nbsp;&nbsp;&nbsp;&nbsp;&nbsp;&nbsp;&nbsp;&nbsp;&nbsp;&nbsp;&nbsp;&nbsp;&nbsp;&nbsp;&nbsp;&nbsp;&nbsp;&nbsp;&nbsp;&nbsp;&nbsp;&nbsp;&nbsp;&nbsp;&nbsp;&nbsp;&nbsp;&nbsp;&nbsp;&nbsp;&nbsp;&nbsp;&nbsp;&nbsp;&nbsp; Ili na vlastiti zahtjev ( privatno )<\/strong><\/p>\n\n\n\n<p><strong>Izdavanje&nbsp; nalaza&nbsp; &nbsp;&nbsp;&nbsp;&nbsp;&nbsp;&nbsp;&nbsp;&nbsp;&nbsp;&nbsp;&nbsp;&nbsp;&nbsp;&nbsp;&nbsp;&nbsp;&nbsp;&nbsp;&nbsp;&nbsp;&nbsp;&nbsp;&nbsp;&nbsp;&nbsp;&nbsp;&nbsp;&nbsp;&nbsp;&nbsp;&nbsp;&nbsp;&nbsp;&nbsp;14 \u2013 15 h<\/strong><\/p>\n\n\n\n<p><strong>Preuzimanje hitnih nalaza&nbsp;&nbsp;&nbsp;&nbsp;&nbsp;&nbsp;&nbsp;&nbsp;&nbsp;&nbsp;&nbsp;&nbsp;&nbsp; &nbsp;&nbsp;&nbsp;&nbsp;&nbsp;&nbsp;od 30 \u2013 60 min<\/strong><\/p>\n\n\n\n<p><strong><u>UPUTE ZA PRIPREMU PACIJENTA&nbsp; PRIJE UZORKOVANJA BIOLO\u0160KOG MATERIJALA<\/u><\/strong><\/p>\n\n\n\n<p><strong>Op\u0161ta priprema<\/strong><\/p>\n\n\n\n<ul class=\"wp-block-list\">\n<li>Dan prije uzimanja krvi izbjegavati ve\u0107e fizi\u010dke napore I uzimanje masnih obroka I alkohola<\/li>\n\n\n\n<li>Prije uzimanja krvi potrbno je 12 \u010dasova biti nata\u0161te ( mo\u017ee se uzimati voda)<\/li>\n\n\n\n<li>Ujutro prije uzimanja krvi izbjegavati uzimanje lijekova, kao i uzimanje dodataka ishrani i suplemenata<\/li>\n<\/ul>\n\n\n\n<p><strong>Posebna priprema<\/strong><\/p>\n\n\n\n<p><strong>Odre\u0111ivanje PV-a kod pra\u0107enja antikoagulantne terapije<\/strong><\/p>\n\n\n\n<ul class=\"wp-block-list\">\n<li>Na dan izvo\u0111enja pretrage ne treba uzimati antikoagulantnu terapiju prije va\u0111enja krvi<\/li>\n\n\n\n<li>Tri do pet dana prije izvo\u0111enja pretrage ne uzimati ve\u0107e koli\u010dine namirnica koje su bogate vitaminom K ( paradajz, banane, zeleno povr\u0107e: zelena salata, \u0161pinat, brokula, blitva, kelj)<\/li>\n<\/ul>\n\n\n\n<p><strong>Odre\u0111ivanje masno\u0107a u krvi ( lipidni status )<\/strong><\/p>\n\n\n\n<ul class=\"wp-block-list\">\n<li>Dan prije uzimanja krvi uzimati laganu i ne masnu hranu ( izbjegavati: mlijeko I mlije\u010dne proizvode, pr\u017eenu hranu, pekarske proizvode I slatki\u0161e)<\/li>\n\n\n\n<li>Odre\u0111ivanje ukupnog holesterola ne bi trebalo provoditi prije nego \u0161to pro\u0111e 8 sedmica od : akutnog infarkta miokarda, hirur\u0161ke operacije, traume, sekundarne bolesti s promjenama u metabolizmu lipida, akutne bakterijske ili virusne infekcije<\/li>\n\n\n\n<li>U dogovoru sa ljekarom, 48 \u010dasova prije uzorkovanja ne uzimati lijekove koji uti\u010du na koncentraciju lipida (antihipertenzivi, estrogeni,progestini, tiroidni hormoni)<\/li>\n<\/ul>\n\n\n\n<p><strong>Test oralne tolerancije glukoze ( OGTT)<\/strong><\/p>\n\n\n\n<ul class=\"wp-block-list\">\n<li>Test se izvodi ujutro, nakon no\u0107nog gladovanja od 12 h<\/li>\n\n\n\n<li>3 dana prije izvo\u0111enja pretrage provoditi uobi\u010dajenu prehranu ( najmanje150-200 g ugljenih hidrata na dan)<\/li>\n\n\n\n<li>24 \u010dasa prije izvo\u0111enja testa, izbjegavati ve\u0107e fizi\u010dke aktivnosti<\/li>\n\n\n\n<li>Za vrijeme izvo\u0111enja testa ne smije se jesti, piti, pu\u0161iti niti imati ve\u0107e fizi\u010dke aktivnost<\/li>\n<\/ul>\n\n\n\n<p><strong>Odre\u0111ivanje \u017eeljeza u krvi<\/strong><\/p>\n\n\n\n<ul class=\"wp-block-list\">\n<li>24 \u2013 48 h prije izvo\u0111enja pretrage ne uzimati sokove oboga\u0107ene vitaminima, ni kupinovo vino<\/li>\n\n\n\n<li>Pacijentima koji su na terapiji preparatima \u017eeljeza, krv se uzima:<\/li>\n<\/ul>\n\n\n\n<p>&nbsp;&nbsp;&nbsp; -10 dana nakon peroralne primjene preparata<\/p>\n\n\n\n<p>&nbsp;&nbsp;&nbsp; &#8211; 4 dana nakon primjene transfuzije<\/p>\n\n\n\n<p>&nbsp;&nbsp;&nbsp; &#8211; 2 sedmice nakon primjene intravenskih preparata<\/p>\n\n\n\n<p>&nbsp;&nbsp;&nbsp; &#8211; mjesec dana nakon intramuskularnog davanja preparata<\/p>\n\n\n\n<p><strong>Priprema za endokrinolo\u0161ke pretrage<\/strong><\/p>\n\n\n\n<ul class=\"wp-block-list\">\n<li>Lijekove za zamjensku ili supresivnu terapiju hormona \u0161titnja\u010de (npr. Euthyrox, Letrox, Athyrazol) ne treba uzimati prije, ve\u0107 nakon uzimanja krvi<\/li>\n\n\n\n<li>Uzimanje krvi nije po\u017eeljno za vrijeme terapije hormonima koji djeluju na funkciju polnih \u017elijezda: hormonsko&nbsp; lije\u010denje, terapija lijekovima s antiandrogenim djelovanjem te uzimanje kontraceptiva, osim ako ljekar nije druga\u010dije odredio<\/li>\n\n\n\n<li>Hormoni koji su va\u017eni za procjenu &nbsp;menstrualnog ciklusa kontroli\u0161e se u odre\u0111enim razdobljima tokom istog menstrualnog ciklusa, pa je od velike va\u017enosti da se pacijent pridr\u017eava uputstva dobijenog od strane ljekara.<\/li>\n\n\n\n<li>Za odre\u0111ivanje prolaktina preporu\u010deno vrijeme uzorkovanja je najmanje 2 sata nakon bu\u0111enja. Isto tako, preporuka je da bolesnik bude u stanju mirovanja 30 minuta prije samog uzimanja krvi.<\/li>\n<\/ul>\n\n\n\n<p><strong>Priprema za tumorske&nbsp;markere<\/strong><\/p>\n\n\n\n<ul class=\"wp-block-list\">\n<li>Za odre\u0111ivanje ukupnog (tPSA) i slobodnog (fPSA) prostata speci\ufb01\u010dnog antigena mora prote\u0107i najmanje 4-6 sedmica nakon antibiotske terapije prostatitisa ili infekcije urinarnog trakta, biopsije prostate, transuretalne resekcije ili traumatske kateterizacije i uop\u0161te ikakve manipulacije prostatom. Izbjegavati ejakulaciju najmanje 24 sata prije i vo\u017enju bicikla sat prije uzimanja krvi.<\/li>\n\n\n\n<li>Tumorski marker CA 125 ne smije se odre\u0111ivati u vrijeme menstrualnog krvarenja!<\/li>\n<\/ul>\n\n\n\n<p><strong>Odre\u0111ivanje krvi u stolici<\/strong><\/p>\n\n\n\n<ul class=\"wp-block-list\">\n<li>Sedam dana prije po\u010detka&nbsp; i tokom testiranja ne uzimati Andol, Aspirin, niti druge lijekove protiv bolova, kao ni preparate koji sadr\u017ee \u017eeljezo<\/li>\n\n\n\n<li>Tri dana prije po\u010detka testa&nbsp; izbjegavati&nbsp; namirnice kao&nbsp; \u0161to su : pa\u0161tete, kobasice, nedovoljno pe\u010deno crveno meso, bijelu repu, hren, dinju, lubenicu, banane, paradajz, narand\u017ee, limun, vitamin C.<\/li>\n\n\n\n<li>Dozvoljene namirnice: dobro kuhano meso, perad, riba, jogurt, mlijeko, \u017eitarice, kuhano povr\u0107e, ko\u0161tunjavo vo\u0107e I kikiriki.<\/li>\n\n\n\n<li>Test treba odgoditi kod proljeva, menstruacije, krvarenja iz hemeroida i urinarnog trakta.<\/li>\n<\/ul>\n\n\n\n<p><strong>Sakupljanje jednokratne porcije mokra\u0107e<\/strong><\/p>\n\n\n\n<ul class=\"wp-block-list\">\n<li>Preporu\u010deno je da se 4 &#8211; 8 sati prije sakupljanja uzorka ne mokri<\/li>\n\n\n\n<li>Mokra\u0107u treba uzeti u \u010distu, opranu i suhu posudu \u0161iroka grla<\/li>\n\n\n\n<li>\u017denama se ne preporu\u010duje analiza mokra\u0107e neposredno prije, za vrijeme i neposredno poslije menstruacije<\/li>\n\n\n\n<li>Nakon jutarnje toalete spolovila, prvi mlaz jutarnje mokra\u0107e izmokriti u WC, a srednji prikupiti u \u010distu posudu.<\/li>\n<\/ul>\n\n\n\n<p><strong>Sakupljanje 24 satne mokra\u0107e<\/strong><\/p>\n\n\n\n<ul class=\"wp-block-list\">\n<li>sakupljanje mokra\u0107e zapo\u010dinje drugom&nbsp; jutarnjom mokra\u0107om po\u0161to se prva izmokri u WC<\/li>\n\n\n\n<li>svu ostalu mokra\u0107u, uklju\u010duju\u0107i i prvi jutarnji uzorak sljede\u0107eg dana skupljati u \u010distu posudu<\/li>\n\n\n\n<li>Posuda (najprikladnije su plasti\u010dne boce) mora biti prethodno dobro oprane, a sakupljenu mokra\u0107u potrebno je \u010duvati na hladnom<\/li>\n\n\n\n<li>Cjelokupnu koli\u010dinu 24-satne mokra\u0107e donijeti u laboratoriju<\/li>\n<\/ul>\n\n\n\n<p><strong>ANALIZE DOSTUPNE&nbsp; ZA&nbsp; RAD:<\/strong><\/p>\n\n\n\n<p><strong>&nbsp;&nbsp; <u>HEMATOLOGIJA<\/u><\/strong><\/p>\n\n\n\n<p>Krvna slika&nbsp; KS&nbsp;&nbsp;&nbsp;&nbsp;&nbsp;&nbsp;&nbsp;&nbsp;&nbsp;&nbsp;&nbsp;&nbsp;&nbsp;&nbsp;&nbsp;&nbsp;&nbsp;&nbsp;&nbsp;&nbsp;&nbsp;&nbsp;&nbsp;&nbsp;&nbsp;&nbsp;&nbsp;&nbsp;&nbsp;&nbsp;&nbsp;&nbsp;&nbsp;&nbsp;&nbsp;&nbsp;&nbsp;&nbsp;&nbsp;&nbsp;&nbsp;&nbsp;&nbsp;&nbsp;&nbsp;&nbsp;&nbsp;&nbsp;&nbsp;&nbsp;&nbsp;&nbsp;&nbsp;&nbsp;&nbsp;&nbsp;&nbsp;&nbsp;&nbsp;&nbsp;&nbsp;&nbsp;&nbsp; Sedimentacija<\/p>\n\n\n\n<p>Komplet krvna slika sa&nbsp;&nbsp;&nbsp;&nbsp;&nbsp;&nbsp;&nbsp;&nbsp;&nbsp;&nbsp;&nbsp;&nbsp;&nbsp;&nbsp;&nbsp;&nbsp;&nbsp;&nbsp;&nbsp;&nbsp;&nbsp;&nbsp;&nbsp;&nbsp;&nbsp;&nbsp;&nbsp;&nbsp;&nbsp;&nbsp;&nbsp;&nbsp;&nbsp;&nbsp;&nbsp;&nbsp;&nbsp;&nbsp;&nbsp;&nbsp;&nbsp;&nbsp;&nbsp;&nbsp;&nbsp;&nbsp;&nbsp;&nbsp; Bris nosa na eozinofile<\/p>\n\n\n\n<p>diferencijalnom krvnom slikom&nbsp;&nbsp; KKS&nbsp;&nbsp;&nbsp;&nbsp;&nbsp;&nbsp;&nbsp;&nbsp;&nbsp;&nbsp;&nbsp;&nbsp;&nbsp;&nbsp;&nbsp;&nbsp;&nbsp;&nbsp;&nbsp;&nbsp;&nbsp;&nbsp; Periferni razmaz<\/p>\n\n\n\n<p>&nbsp;<strong><u>KOAGULACIJA<\/u><\/strong><\/p>\n\n\n\n<p>&nbsp; Protrombinsko vrijeme ( PV )&nbsp;&nbsp;&nbsp;&nbsp;&nbsp;&nbsp;&nbsp;&nbsp;&nbsp;&nbsp;&nbsp;&nbsp;&nbsp;&nbsp;&nbsp;&nbsp;&nbsp;&nbsp;&nbsp;&nbsp;&nbsp;&nbsp;&nbsp;&nbsp;&nbsp;&nbsp;&nbsp;&nbsp;&nbsp; Fibrinogen<\/p>\n\n\n\n<p>&nbsp;&nbsp; INR&nbsp;&nbsp;&nbsp;&nbsp;&nbsp;&nbsp;&nbsp;&nbsp;&nbsp;&nbsp;&nbsp;&nbsp;&nbsp;&nbsp;&nbsp;&nbsp;&nbsp;&nbsp;&nbsp;&nbsp;&nbsp;&nbsp;&nbsp;&nbsp;&nbsp;&nbsp;&nbsp;&nbsp;&nbsp;&nbsp;&nbsp;&nbsp;&nbsp;&nbsp;&nbsp;&nbsp;&nbsp;&nbsp;&nbsp;&nbsp;&nbsp;&nbsp;&nbsp;&nbsp;&nbsp;&nbsp;&nbsp;&nbsp;&nbsp;&nbsp;&nbsp;&nbsp;&nbsp;&nbsp;&nbsp;&nbsp;&nbsp;&nbsp;&nbsp;&nbsp;&nbsp;&nbsp;&nbsp;&nbsp;&nbsp;&nbsp;&nbsp;&nbsp;&nbsp;&nbsp;&nbsp;&nbsp;&nbsp;&nbsp; D dimer<\/p>\n\n\n\n<p>&nbsp;&nbsp; APTT<\/p>\n\n\n\n<p><strong><u>GASNE ANALIZE&nbsp;&nbsp;&nbsp;<\/u><\/strong><\/p>\n\n\n\n<p><strong><u>IMUNOHEMIJA<\/u><\/strong><\/p>\n\n\n\n<p>TSH&nbsp;&nbsp;&nbsp;&nbsp;&nbsp;&nbsp;&nbsp; &nbsp;&nbsp;&nbsp;&nbsp;&nbsp;&nbsp;&nbsp;&nbsp;&nbsp;&nbsp;&nbsp;&nbsp;&nbsp;&nbsp;&nbsp;&nbsp;&nbsp;&nbsp;&nbsp;&nbsp;&nbsp;&nbsp;&nbsp;&nbsp;&nbsp;&nbsp;&nbsp;&nbsp;&nbsp;&nbsp;&nbsp;&nbsp;&nbsp;&nbsp;CEA&nbsp;&nbsp;&nbsp;&nbsp;&nbsp;&nbsp;&nbsp;&nbsp; &nbsp;&nbsp;&nbsp;&nbsp;&nbsp;&nbsp;&nbsp;&nbsp;&nbsp;&nbsp;&nbsp;&nbsp;&nbsp;&nbsp;&nbsp;&nbsp;&nbsp;&nbsp;&nbsp;&nbsp;&nbsp;&nbsp;&nbsp;&nbsp;&nbsp;&nbsp;&nbsp;&nbsp;&nbsp;&nbsp;&nbsp;&nbsp;&nbsp;&nbsp;&nbsp;&nbsp;&nbsp;&nbsp;&nbsp;&nbsp;&nbsp;&nbsp;&nbsp;Estradiol<\/p>\n\n\n\n<p>T\u2083&nbsp;&nbsp;&nbsp;&nbsp;&nbsp;&nbsp;&nbsp;&nbsp;&nbsp;&nbsp;&nbsp;&nbsp;&nbsp;&nbsp;&nbsp;&nbsp;&nbsp;&nbsp;&nbsp;&nbsp;&nbsp;&nbsp;&nbsp;&nbsp;&nbsp;&nbsp;&nbsp;&nbsp;&nbsp;&nbsp;&nbsp;&nbsp;&nbsp;&nbsp;&nbsp;&nbsp;&nbsp;&nbsp;&nbsp;&nbsp;&nbsp;&nbsp;&nbsp;&nbsp;&nbsp; Ca 19-9&nbsp;&nbsp;&nbsp;&nbsp;&nbsp;&nbsp;&nbsp;&nbsp;&nbsp;&nbsp;&nbsp;&nbsp;&nbsp;&nbsp;&nbsp;&nbsp;&nbsp;&nbsp;&nbsp;&nbsp;&nbsp;&nbsp;&nbsp;&nbsp;&nbsp;&nbsp;&nbsp;&nbsp;&nbsp;&nbsp;&nbsp;&nbsp;&nbsp;&nbsp;&nbsp;&nbsp;&nbsp;&nbsp;&nbsp;&nbsp;&nbsp;&nbsp;&nbsp;&nbsp; Progesteron<\/p>\n\n\n\n<p>T\u2084&nbsp;&nbsp;&nbsp;&nbsp;&nbsp;&nbsp;&nbsp;&nbsp;&nbsp;&nbsp;&nbsp;&nbsp;&nbsp;&nbsp;&nbsp;&nbsp;&nbsp;&nbsp;&nbsp;&nbsp;&nbsp;&nbsp;&nbsp;&nbsp;&nbsp;&nbsp;&nbsp;&nbsp;&nbsp;&nbsp;&nbsp;&nbsp;&nbsp;&nbsp;&nbsp;&nbsp;&nbsp;&nbsp;&nbsp;&nbsp;&nbsp;&nbsp;&nbsp;&nbsp;&nbsp; Ca 15-3&nbsp;&nbsp;&nbsp;&nbsp;&nbsp;&nbsp;&nbsp;&nbsp;&nbsp;&nbsp;&nbsp;&nbsp;&nbsp;&nbsp;&nbsp;&nbsp;&nbsp;&nbsp;&nbsp;&nbsp;&nbsp;&nbsp;&nbsp;&nbsp;&nbsp;&nbsp;&nbsp;&nbsp;&nbsp;&nbsp;&nbsp;&nbsp;&nbsp;&nbsp;&nbsp;&nbsp;&nbsp;&nbsp;&nbsp;&nbsp;&nbsp;&nbsp;&nbsp;&nbsp; Prolaktin<\/p>\n\n\n\n<p>FT\u2084&nbsp;&nbsp;&nbsp;&nbsp;&nbsp;&nbsp;&nbsp;&nbsp;&nbsp;&nbsp;&nbsp;&nbsp;&nbsp;&nbsp;&nbsp;&nbsp;&nbsp;&nbsp;&nbsp;&nbsp;&nbsp;&nbsp;&nbsp;&nbsp;&nbsp;&nbsp;&nbsp;&nbsp;&nbsp;&nbsp;&nbsp;&nbsp;&nbsp;&nbsp;&nbsp;&nbsp;&nbsp;&nbsp;&nbsp;&nbsp;&nbsp;&nbsp;&nbsp; Ca125&nbsp;&nbsp;&nbsp;&nbsp;&nbsp;&nbsp;&nbsp;&nbsp;&nbsp;&nbsp;&nbsp;&nbsp;&nbsp;&nbsp;&nbsp;&nbsp;&nbsp;&nbsp;&nbsp;&nbsp;&nbsp;&nbsp;&nbsp;&nbsp;&nbsp;&nbsp;&nbsp;&nbsp;&nbsp;&nbsp;&nbsp;&nbsp;&nbsp;&nbsp;&nbsp;&nbsp;&nbsp;&nbsp;&nbsp;&nbsp;&nbsp;&nbsp;&nbsp;&nbsp;&nbsp;&nbsp;&nbsp; LH<\/p>\n\n\n\n<p>FT3&nbsp;&nbsp;&nbsp;&nbsp;&nbsp;&nbsp;&nbsp;&nbsp;&nbsp;&nbsp;&nbsp;&nbsp;&nbsp;&nbsp;&nbsp;&nbsp;&nbsp;&nbsp;&nbsp;&nbsp;&nbsp;&nbsp;&nbsp;&nbsp;&nbsp;&nbsp;&nbsp;&nbsp;&nbsp;&nbsp;&nbsp;&nbsp;&nbsp;&nbsp;&nbsp;&nbsp;&nbsp;&nbsp;&nbsp;&nbsp;&nbsp;&nbsp; Total PSA&nbsp;&nbsp;&nbsp;&nbsp;&nbsp;&nbsp;&nbsp;&nbsp;&nbsp;&nbsp;&nbsp;&nbsp;&nbsp;&nbsp;&nbsp;&nbsp;&nbsp;&nbsp;&nbsp;&nbsp;&nbsp;&nbsp;&nbsp;&nbsp;&nbsp;&nbsp;&nbsp;&nbsp;&nbsp;&nbsp;&nbsp;&nbsp;&nbsp;&nbsp;&nbsp;&nbsp;&nbsp;&nbsp;&nbsp;&nbsp;&nbsp; FSH<\/p>\n\n\n\n<p>Anti Tg&nbsp;&nbsp;&nbsp;&nbsp;&nbsp;&nbsp;&nbsp;&nbsp;&nbsp;&nbsp;&nbsp;&nbsp;&nbsp;&nbsp;&nbsp;&nbsp;&nbsp;&nbsp;&nbsp;&nbsp;&nbsp;&nbsp;&nbsp;&nbsp;&nbsp;&nbsp;&nbsp;&nbsp;&nbsp;&nbsp;&nbsp;&nbsp;&nbsp;&nbsp;&nbsp;&nbsp; Free PSA&nbsp;&nbsp;&nbsp;&nbsp;&nbsp;&nbsp;&nbsp;&nbsp;&nbsp;&nbsp;&nbsp;&nbsp;&nbsp;&nbsp;&nbsp;&nbsp;&nbsp;&nbsp;&nbsp;&nbsp;&nbsp;&nbsp;&nbsp;&nbsp;&nbsp;&nbsp;&nbsp;&nbsp;&nbsp;&nbsp;&nbsp;&nbsp;&nbsp;&nbsp;&nbsp;&nbsp;&nbsp;&nbsp;&nbsp;&nbsp;&nbsp; Testosteron<\/p>\n\n\n\n<p>Anti TPO&nbsp;&nbsp;&nbsp;&nbsp;&nbsp;&nbsp;&nbsp;&nbsp;&nbsp;&nbsp;&nbsp;&nbsp;&nbsp;&nbsp;&nbsp;&nbsp;&nbsp;&nbsp;&nbsp;&nbsp;&nbsp;&nbsp;&nbsp;&nbsp;&nbsp;&nbsp;&nbsp;&nbsp;&nbsp;&nbsp;&nbsp;&nbsp; AFP&nbsp;&nbsp;&nbsp;&nbsp;&nbsp;&nbsp;&nbsp;&nbsp;&nbsp;&nbsp;&nbsp;&nbsp;&nbsp;&nbsp;&nbsp;&nbsp;&nbsp;&nbsp;&nbsp;&nbsp;&nbsp;&nbsp;&nbsp;&nbsp;&nbsp;&nbsp;&nbsp;&nbsp;&nbsp;&nbsp;&nbsp;&nbsp;&nbsp;&nbsp;&nbsp;&nbsp;&nbsp;&nbsp;&nbsp;&nbsp;&nbsp;&nbsp;&nbsp;&nbsp;&nbsp;&nbsp;&nbsp; &nbsp;&nbsp;&nbsp;&nbsp;Insulin<\/p>\n\n\n\n<p>Vitamin D&nbsp;&nbsp;&nbsp;&nbsp;&nbsp;&nbsp;&nbsp;&nbsp;&nbsp;&nbsp;&nbsp;&nbsp;&nbsp;&nbsp;&nbsp;&nbsp;&nbsp;&nbsp;&nbsp;&nbsp;&nbsp;&nbsp;&nbsp;&nbsp;&nbsp;&nbsp;&nbsp;&nbsp;&nbsp;&nbsp; HCG&nbsp;&nbsp;&nbsp;&nbsp;&nbsp;&nbsp;&nbsp;&nbsp;&nbsp;&nbsp;&nbsp;&nbsp;&nbsp;&nbsp;&nbsp;&nbsp;&nbsp;&nbsp;&nbsp;&nbsp;&nbsp;&nbsp;&nbsp;&nbsp;&nbsp;&nbsp;&nbsp;&nbsp;&nbsp;&nbsp;&nbsp;&nbsp;&nbsp;&nbsp;&nbsp;&nbsp;&nbsp;&nbsp;&nbsp;&nbsp;&nbsp;&nbsp;&nbsp;&nbsp;&nbsp;&nbsp;&nbsp;&nbsp;&nbsp;&nbsp; C peptid<\/p>\n\n\n\n<p>Tireoglobulin&nbsp;&nbsp;&nbsp;&nbsp;&nbsp;&nbsp;&nbsp;&nbsp;&nbsp;&nbsp;&nbsp;&nbsp;&nbsp;&nbsp;&nbsp;&nbsp;&nbsp;&nbsp;&nbsp;&nbsp;&nbsp;&nbsp;&nbsp;&nbsp; Feritin&nbsp;&nbsp;&nbsp;&nbsp;&nbsp;&nbsp;&nbsp;&nbsp;&nbsp;&nbsp;&nbsp;&nbsp;&nbsp;&nbsp;&nbsp;&nbsp;&nbsp;&nbsp;&nbsp;&nbsp;&nbsp;&nbsp;&nbsp;&nbsp;&nbsp;&nbsp;&nbsp;&nbsp;&nbsp;&nbsp;&nbsp;&nbsp;&nbsp;&nbsp;&nbsp;&nbsp;&nbsp;&nbsp;&nbsp;&nbsp;&nbsp;&nbsp;&nbsp;&nbsp;&nbsp;&nbsp; IgE<\/p>\n\n\n\n<p>Calcitonin&nbsp;&nbsp;&nbsp;&nbsp;&nbsp;&nbsp;&nbsp;&nbsp;&nbsp;&nbsp;&nbsp;&nbsp;&nbsp;&nbsp;&nbsp;&nbsp;&nbsp;&nbsp;&nbsp;&nbsp;&nbsp;&nbsp;&nbsp;&nbsp;&nbsp;&nbsp;&nbsp;&nbsp;&nbsp;&nbsp; Kortizol<\/p>\n\n\n\n<p>PTH&nbsp;&nbsp;&nbsp;&nbsp;&nbsp;&nbsp;&nbsp;&nbsp;&nbsp;&nbsp;&nbsp;&nbsp;&nbsp;&nbsp;&nbsp;&nbsp;&nbsp;&nbsp;&nbsp;&nbsp;&nbsp;&nbsp;&nbsp;&nbsp;&nbsp;&nbsp;&nbsp;&nbsp;&nbsp;&nbsp;&nbsp;&nbsp;&nbsp;&nbsp;&nbsp;&nbsp;&nbsp;&nbsp;&nbsp;&nbsp; Anti CCP<\/p>\n\n\n\n<p>Vitamin D&nbsp;&nbsp;&nbsp;&nbsp;&nbsp;&nbsp;&nbsp;&nbsp;&nbsp;&nbsp;&nbsp;&nbsp;&nbsp;&nbsp;&nbsp;&nbsp;&nbsp;&nbsp;&nbsp;&nbsp;&nbsp;&nbsp;&nbsp;&nbsp;&nbsp;&nbsp;&nbsp;&nbsp;&nbsp; Troponin I<br><strong><br><\/strong><\/p>\n\n\n\n<p><strong>&#8212;&#8212;&#8212;&#8212;&#8212;&#8212;&#8212;&#8212;&#8212;&#8212;&#8212;&#8212;&#8212;&#8212;&#8212;&#8212;&#8212;&#8212;&#8212;&#8212;&#8212;&#8212;&#8212;&#8212;&#8212;&#8212;&#8212;&#8212;&#8212;&#8212;&#8212;&#8212;&#8212;&#8212;&#8212;&#8212;&#8212;&#8212;&#8212;&#8212;&#8212;&#8212;&#8212;&#8212;&#8212;&#8211;<\/strong><strong><br><\/strong><\/p>\n\n\n\n<p><strong><u>BIOHEMIJA:<\/u><\/strong><\/p>\n\n\n\n<p>Glukoza<\/p>\n\n\n\n<p>Urea<\/p>\n\n\n\n<p>Kreatini<\/p>\n\n\n\n<p>Klirens kreatinina<\/p>\n\n\n\n<p>Mokra\u0107na&nbsp; kiselina<\/p>\n\n\n\n<p>Ukupni&nbsp; bilirubin<\/p>\n\n\n\n<p>Direktni&nbsp; bilirubin<\/p>\n\n\n\n<p>Ukupni&nbsp; proteini<\/p>\n\n\n\n<p>Albumini<\/p>\n\n\n\n<p>Holesterol<\/p>\n\n\n\n<p>Trigliceridi<\/p>\n\n\n\n<p>HDL&nbsp; Holesterol<\/p>\n\n\n\n<p>&nbsp;LDL&nbsp; Holesterol<\/p>\n\n\n\n<p>&nbsp;Kalijum<\/p>\n\n\n\n<p>&nbsp;Natrijum<\/p>\n\n\n\n<p>&nbsp;Kalcijum<\/p>\n\n\n\n<p>&nbsp;Ionizovani&nbsp; kalcijum&nbsp;&nbsp;&nbsp;&nbsp;&nbsp;&nbsp;&nbsp;&nbsp;&nbsp;&nbsp;&nbsp;&nbsp;&nbsp; &nbsp;&nbsp;&nbsp;&nbsp;( kapilarno )<\/p>\n\n\n\n<p>&nbsp;Neorganski&nbsp; fosfor<\/p>\n\n\n\n<p>&nbsp;Magneziju<\/p>\n\n\n\n<p>&nbsp;\u017deljezo<\/p>\n\n\n\n<p>AST<\/p>\n\n\n\n<p>ALT<\/p>\n\n\n\n<p>Alkalna&nbsp; fosfataza&nbsp;&nbsp; ALP<\/p>\n\n\n\n<p>Gama GT<\/p>\n\n\n\n<p>Laktat dehidrogenaza LDH<\/p>\n\n\n\n<p>Kreatin kinaza CK<\/p>\n\n\n\n<p>Alfa&nbsp; amilaza<\/p>\n\n\n\n<p>Lipaza<\/p>\n\n\n\n<p>CRP<\/p>\n\n\n\n<p>&#8212;&#8212;&#8212;&#8212;&#8212;&#8212;&#8212;&#8212;&#8212;&#8212;&#8212;&#8212;&#8212;&#8212;&#8212;&#8212;&#8212;&#8212;&#8212;&#8212;&#8212;&#8212;&#8212;&#8212;&#8212;&#8212;&#8212;&#8212;&#8212;&#8212;&#8212;&#8212;&#8212;&#8212;&#8212;&#8212;&#8212;&#8212;&#8212;&#8212;&#8212;&#8212;&#8212;&#8212;&#8212;-<strong><br><\/strong><\/p>\n\n\n\n<p><strong><u>URIN<\/u><\/strong><\/p>\n\n\n\n<p>Op\u0161ti pregled urina&nbsp;&nbsp;&nbsp;&nbsp;&nbsp;&nbsp;&nbsp;&nbsp;&nbsp;&nbsp;&nbsp;&nbsp;&nbsp;&nbsp;&nbsp;&nbsp;&nbsp;&nbsp; &nbsp;&nbsp;&nbsp;&nbsp;&nbsp;&nbsp;&nbsp;&nbsp;&nbsp;&nbsp;&nbsp;&nbsp;&nbsp;&nbsp;&nbsp;&nbsp;&nbsp;&nbsp;&nbsp;&nbsp;&nbsp;&nbsp;Amilaza u urinu&nbsp;&nbsp;&nbsp;&nbsp;&nbsp;&nbsp;&nbsp;&nbsp;&nbsp;&nbsp;&nbsp;&nbsp;&nbsp;&nbsp;&nbsp;&nbsp;&nbsp;&nbsp;&nbsp;&nbsp;&nbsp;&nbsp;&nbsp;&nbsp;&nbsp;&nbsp;&nbsp;&nbsp;&nbsp;&nbsp;&nbsp;&nbsp;&nbsp;&nbsp;&nbsp;&nbsp;&nbsp;&nbsp;&nbsp;&nbsp;&nbsp;&nbsp;&nbsp;&nbsp;&nbsp;&nbsp;&nbsp;&nbsp;&nbsp;&nbsp;&nbsp;&nbsp;&nbsp;&nbsp;&nbsp;&nbsp;&nbsp;&nbsp;&nbsp;&nbsp;&nbsp;&nbsp;&nbsp;&nbsp;&nbsp;&nbsp;&nbsp;&nbsp;&nbsp;&nbsp;&nbsp;&nbsp;&nbsp;&nbsp;&nbsp;&nbsp;&nbsp;&nbsp;&nbsp;&nbsp;&nbsp;&nbsp;&nbsp;&nbsp;&nbsp;&nbsp;&nbsp;&nbsp;&nbsp;&nbsp;&nbsp;&nbsp;&nbsp;&nbsp;&nbsp;&nbsp;&nbsp;&nbsp;&nbsp;&nbsp;&nbsp;<\/p>\n\n\n\n<p>&nbsp;<strong><u>URIN&nbsp;&nbsp; ( 24-\u010dasovni )<\/u><\/strong><\/p>\n\n\n\n<p>Proteini<\/p>\n\n\n\n<p>Urea<\/p>\n\n\n\n<p>Kreatinin<\/p>\n\n\n\n<p>Mokra\u0107na kiselina<\/p>\n\n\n\n<p>Natrijum<\/p>\n\n\n\n<p>Kalijum<\/p>\n\n\n\n<p>Kalcijum<\/p>\n\n\n\n<p>Neorganski&nbsp; fosfor<\/p>\n\n\n\n<p><strong><u>STOLICA&nbsp;&nbsp;&nbsp;&nbsp;&nbsp;&nbsp;&nbsp;&nbsp;<\/u><\/strong><\/p>\n\n\n\n<p>Odre\u0111ivanje krvi u stolici<\/p>\n\n\n\n<p><strong><u>ALERGENI<\/u><\/strong><\/p>\n\n\n\n<p>Inhalacioni alergeni ( panel od 20 alergena)<\/p>\n\n\n\n<p>Nutritivni alergeni (panel od 20 alergena)<\/p>\n","protected":false},"excerpt":{"rendered":"<p>Slu\u017eba za biohemijsko hematolo\u0161ku dijagnostiku, kontinuirano, tokom 24h, pru\u017ea neophodne dijagnosti\u010dke&nbsp; usluge za hitna stanja, bolni\u010dke I vanbolni\u010dke &nbsp;pacijente INFORMACIJE Telefon&nbsp; 052 238 411 &nbsp;( loc. 124 ) Naru\u010divanje&nbsp;&nbsp;&nbsp;&nbsp;&nbsp;&nbsp;&nbsp;&nbsp;&nbsp;&nbsp;&nbsp;&nbsp;&nbsp;&nbsp;&nbsp;&nbsp;&nbsp;&nbsp;&nbsp;&nbsp;&nbsp;&nbsp;&nbsp;&nbsp;&nbsp;&nbsp;&nbsp;&nbsp;&nbsp;&nbsp;&nbsp;&nbsp;&nbsp;&nbsp;&nbsp;&nbsp;&nbsp;&nbsp;&nbsp;&nbsp;&nbsp;&nbsp;&nbsp;&nbsp; nije potrebno Prijem hitnih stanja&nbsp;&nbsp;&nbsp;&nbsp;&nbsp;&nbsp;&nbsp;&nbsp;&nbsp;&nbsp;&nbsp;&nbsp;&nbsp;&nbsp;&nbsp;&nbsp;&nbsp;&nbsp;&nbsp;&nbsp;&nbsp;&nbsp;&nbsp;&nbsp;&nbsp;&nbsp;&nbsp;&nbsp;&nbsp;&nbsp;&nbsp; 0 \u2013 24 h Prijem vanbolni\u010dkih pacijenata &nbsp;&nbsp;&nbsp;&nbsp;&nbsp;&nbsp;&nbsp;&nbsp;&nbsp;&nbsp;&nbsp;07 h&nbsp; &#8211;&nbsp; 09 i 30 h Vanbolni\u010dki pacijenti&nbsp;&nbsp;&nbsp;&nbsp;&nbsp;&nbsp;&nbsp;&nbsp;&nbsp;&nbsp;&nbsp;&nbsp;&nbsp;&nbsp;&nbsp;&nbsp;&nbsp;&nbsp;&nbsp;&nbsp;&nbsp;&nbsp;&nbsp;&nbsp;&nbsp;&nbsp; &nbsp;&nbsp;sa uputnicom ljekara porodi\u010dne medicine<\/p>\n","protected":false},"author":1,"featured_media":0,"parent":0,"menu_order":0,"comment_status":"closed","ping_status":"closed","template":"","meta":{"footnotes":""},"class_list":["post-4401","page","type-page","status-publish","hentry"],"_links":{"self":[{"href":"https:\/\/bolnicaprijedor.com\/index.php?rest_route=\/wp\/v2\/pages\/4401","targetHints":{"allow":["GET"]}}],"collection":[{"href":"https:\/\/bolnicaprijedor.com\/index.php?rest_route=\/wp\/v2\/pages"}],"about":[{"href":"https:\/\/bolnicaprijedor.com\/index.php?rest_route=\/wp\/v2\/types\/page"}],"author":[{"embeddable":true,"href":"https:\/\/bolnicaprijedor.com\/index.php?rest_route=\/wp\/v2\/users\/1"}],"replies":[{"embeddable":true,"href":"https:\/\/bolnicaprijedor.com\/index.php?rest_route=%2Fwp%2Fv2%2Fcomments&post=4401"}],"version-history":[{"count":2,"href":"https:\/\/bolnicaprijedor.com\/index.php?rest_route=\/wp\/v2\/pages\/4401\/revisions"}],"predecessor-version":[{"id":4405,"href":"https:\/\/bolnicaprijedor.com\/index.php?rest_route=\/wp\/v2\/pages\/4401\/revisions\/4405"}],"wp:attachment":[{"href":"https:\/\/bolnicaprijedor.com\/index.php?rest_route=%2Fwp%2Fv2%2Fmedia&parent=4401"}],"curies":[{"name":"wp","href":"https:\/\/api.w.org\/{rel}","templated":true}]}}