{"id":4399,"date":"2025-02-22T07:35:03","date_gmt":"2025-02-22T06:35:03","guid":{"rendered":"https:\/\/bolnicaprijedor.com\/?page_id=4399"},"modified":"2025-02-22T07:35:03","modified_gmt":"2025-02-22T06:35:03","slug":"odjeljenje-za-psihijatriju","status":"publish","type":"page","link":"https:\/\/bolnicaprijedor.com\/?page_id=4399","title":{"rendered":"Odjeljenje za psihijatriju"},"content":{"rendered":"\n<p>Odjeljenje za psihijatriju je regionalno odjeljenje u sklopu JZU Bolnice &#8220;Dr Mladen Stojanovi\u0107&#8221; Prijedor , u kome se obavljaju dijagnosti\u010dke i terapijske procedure, sa razli\u010ditim mentalnim poreme\u0107ajima i bolestima.<\/p>\n\n\n\n<p>Unutar Odjeljenja za psihijatriju dostupne su usluge:<\/p>\n\n\n\n<ul class=\"wp-block-list\">\n<li>op\u0161te psihijatrije (ambulantna i hospitalizacija)<\/li>\n\n\n\n<li>dje\u010dije i adolescentne psihijatrije (ambulantno)<\/li>\n\n\n\n<li>psihologa<\/li>\n\n\n\n<li>socijalnog radnika<\/li>\n<\/ul>\n\n\n\n<p>Prijemna psihijatrijska ambulanta radi 24h.<\/p>\n\n\n\n<p>Ambulanta za kontrolne preglede radi svakim radnim danom od 08:00h do 12:00h.<\/p>\n\n\n\n<p>Naru\u010divanje pacijenata na kontrolne preglede je na tel: 052\/238-411 lokal 235 u vremenu od 07:00h do 13:00h.<\/p>\n\n\n\n<p>Pristup &nbsp;lije\u010denju je &nbsp;multidisciplinaran &nbsp;(psihijatar, psiholog i socijalni radnik).&nbsp;<\/p>\n\n\n\n<p>Na odjeljenju &nbsp;se obavlja &nbsp;standardna &nbsp;bolni\u010dka obrada, specijalisti\u010dki pregledi, evaluacija terapijskih mjera, psihofarmakoterapija, psihoterapijske procedure, timska &nbsp;obrada i psihoedukacija.<\/p>\n\n\n\n<p><strong>Osnovna djelatnost ovog Odjeljenja je lije\u010denje odre\u0111enih du\u0161evnih poreme\u0107aja i poreme\u0107aja pona\u0161anja, a to su:<\/strong><strong><\/strong><\/p>\n\n\n\n<ul class=\"wp-block-list\">\n<li>Akutni psihoti\u010dni poreme\u0107aji<\/li>\n\n\n\n<li>Hroni\u010dni du\u0161evni poreme\u0107aji u pogor\u0161anju<\/li>\n\n\n\n<li>Du\u0161evni poreme\u0107aji organskog porijekla<\/li>\n\n\n\n<li>Du\u0161evni poreme\u0107aji i poreme\u0107aji pona\u0161anja zbog upotrebe psihoaktivnih supstanci<\/li>\n\n\n\n<li>Afektivni poreme\u0107aji (poreme\u0107aji raspolo\u017eenja)<\/li>\n\n\n\n<li>Neurotski sa stresom povezani i somatoformni poreme\u0107aji<\/li>\n\n\n\n<li>Bihejvioralni poreme\u0107aji<\/li>\n\n\n\n<li>Poreme\u0107aji li\u010dnosti<\/li>\n\n\n\n<li>Du\u0161evne zaostalosti<\/li>\n\n\n\n<li>Fobi\u010dni i anksiozni poreme\u0107aji<\/li>\n\n\n\n<li>Disocijativni poreme\u0107aji<\/li>\n\n\n\n<li>Postpartalni poreme\u0107aji<\/li>\n<\/ul>\n\n\n\n<p>Na odjeljenju &nbsp;je organizovan &nbsp;rad terapijske &nbsp;zajednice, &nbsp;grupni tretman zavisnika od &nbsp;alkohola, grupni tretman osoba &nbsp;sa poreme\u0107ajima raspolo\u017eenja &#8211; afektivni poreme\u0107aji.<\/p>\n\n\n\n<p>Za hospitalizovane pacijente &nbsp;provode se konsultativni pregledi od &nbsp;strane &nbsp;drugih &nbsp;specijalista, provodi dijagnostika i terapija somatskih stanja, koja &nbsp;su komorbidna sa psihi\u010dkim stanjem.<\/p>\n\n\n\n<p>Socijalni radnik u\u010destvuje &nbsp;u &nbsp;timskom sagledavanju pacijenata, u\u010destvuje u ostvarivanju &nbsp;odre\u0111enih prava pacijenata iz oblasti &nbsp;socijalne za\u0161tite. U\u010destvuje u &nbsp;smje\u0161taju pacijenata u odgovaraju\u0107e &nbsp;ustanove, povratak u porodicu.<\/p>\n\n\n\n<p>Psiholog u\u010destvuje u &nbsp;timskom sagledavanju pacijenata, vr\u0161i psiholo\u0161ku &nbsp;eksploraciju na zahtjev psihijatra, provodi individualno &nbsp;i porodi\u010dno psiholo\u0161ko savjetovanje. &nbsp;U\u010destvuje u &nbsp;zbrinjavanju kriznih stanja, psihoterapijske procedure, psihoedukativni tretman &nbsp;pacijenata i \u010dlanova &nbsp;porodice. Radi i sa vanbolni\u010dkim pacijentima &#8211; psiholo\u0161ke eksploracije.<\/p>\n\n\n\n<p>Doktori na Odjeljenju za psihijatriju:<\/p>\n\n\n\n<p>mr sci. med. dr Sne\u017eana Dragojevi\u0107, specijalista psihijatrije , na\u010delnica odjeljenja<\/p>\n\n\n\n<p>dr Slobodanka Gruji\u0107 \u2013 Timarac, specijalista psihijatrije<\/p>\n\n\n\n<p>dr Borko Vasi\u0107, specijalista psihijatrije<\/p>\n\n\n\n<p>dr Sanja Jari\u0107, specijalista dje\u010dije i adolescentne psihijatrije&nbsp;&nbsp;&nbsp;&nbsp;&nbsp;&nbsp;&nbsp;&nbsp;&nbsp;&nbsp;&nbsp;&nbsp;&nbsp;&nbsp;&nbsp;&nbsp;&nbsp;&nbsp;&nbsp;&nbsp;&nbsp;&nbsp;&nbsp;&nbsp;&nbsp;&nbsp;&nbsp;&nbsp;&nbsp;&nbsp;&nbsp;&nbsp;&nbsp;&nbsp;&nbsp;&nbsp;&nbsp;&nbsp;&nbsp;&nbsp;&nbsp;&nbsp;&nbsp;&nbsp;&nbsp;&nbsp;&nbsp;&nbsp;&nbsp;&nbsp;&nbsp;&nbsp;&nbsp;&nbsp;&nbsp;&nbsp;&nbsp;&nbsp;&nbsp;&nbsp;&nbsp;&nbsp;&nbsp;&nbsp;&nbsp;&nbsp;&nbsp;&nbsp;&nbsp;&nbsp;&nbsp;&nbsp;&nbsp;&nbsp;&nbsp;&nbsp;&nbsp;&nbsp;&nbsp;&nbsp;&nbsp;&nbsp;&nbsp;&nbsp;&nbsp;&nbsp;&nbsp;&nbsp;&nbsp;&nbsp;&nbsp;&nbsp;&nbsp;&nbsp;&nbsp;&nbsp;&nbsp;&nbsp;&nbsp;&nbsp;&nbsp;&nbsp;&nbsp;&nbsp;&nbsp;&nbsp;&nbsp;&nbsp;&nbsp;&nbsp;&nbsp;&nbsp;&nbsp;&nbsp;&nbsp;&nbsp;&nbsp;&nbsp;&nbsp;&nbsp;&nbsp;&nbsp;&nbsp;&nbsp;&nbsp;&nbsp;&nbsp;&nbsp;&nbsp;&nbsp;&nbsp;&nbsp;&nbsp;&nbsp;&nbsp;&nbsp;&nbsp;&nbsp;<\/p>\n","protected":false},"excerpt":{"rendered":"<p>Odjeljenje za psihijatriju je regionalno odjeljenje u sklopu JZU Bolnice &#8220;Dr Mladen Stojanovi\u0107&#8221; Prijedor , u kome se obavljaju dijagnosti\u010dke i terapijske procedure, sa razli\u010ditim mentalnim poreme\u0107ajima i bolestima. Unutar Odjeljenja za psihijatriju dostupne su usluge: Prijemna psihijatrijska ambulanta radi 24h. Ambulanta za kontrolne preglede radi svakim radnim danom od 08:00h do 12:00h. Naru\u010divanje pacijenata<\/p>\n","protected":false},"author":1,"featured_media":0,"parent":0,"menu_order":0,"comment_status":"closed","ping_status":"closed","template":"","meta":{"footnotes":""},"class_list":["post-4399","page","type-page","status-publish","hentry"],"_links":{"self":[{"href":"https:\/\/bolnicaprijedor.com\/index.php?rest_route=\/wp\/v2\/pages\/4399","targetHints":{"allow":["GET"]}}],"collection":[{"href":"https:\/\/bolnicaprijedor.com\/index.php?rest_route=\/wp\/v2\/pages"}],"about":[{"href":"https:\/\/bolnicaprijedor.com\/index.php?rest_route=\/wp\/v2\/types\/page"}],"author":[{"embeddable":true,"href":"https:\/\/bolnicaprijedor.com\/index.php?rest_route=\/wp\/v2\/users\/1"}],"replies":[{"embeddable":true,"href":"https:\/\/bolnicaprijedor.com\/index.php?rest_route=%2Fwp%2Fv2%2Fcomments&post=4399"}],"version-history":[{"count":1,"href":"https:\/\/bolnicaprijedor.com\/index.php?rest_route=\/wp\/v2\/pages\/4399\/revisions"}],"predecessor-version":[{"id":4400,"href":"https:\/\/bolnicaprijedor.com\/index.php?rest_route=\/wp\/v2\/pages\/4399\/revisions\/4400"}],"wp:attachment":[{"href":"https:\/\/bolnicaprijedor.com\/index.php?rest_route=%2Fwp%2Fv2%2Fmedia&parent=4399"}],"curies":[{"name":"wp","href":"https:\/\/api.w.org\/{rel}","templated":true}]}}