{"id":4392,"date":"2025-02-22T07:32:10","date_gmt":"2025-02-22T06:32:10","guid":{"rendered":"https:\/\/bolnicaprijedor.com\/?page_id=4392"},"modified":"2025-02-22T07:34:09","modified_gmt":"2025-02-22T06:34:09","slug":"odjeljenje-za-pedijatriju","status":"publish","type":"page","link":"https:\/\/bolnicaprijedor.com\/?page_id=4392","title":{"rendered":"Odjeljenje za pedijatriju"},"content":{"rendered":"\n<p><strong>Odjeljenje za pedijatriju<\/strong><\/p>\n\n\n\n<p>Na\u010delnik, dr Svjetlana Savi\u0107-Stjepanovi\u0107, specijalista pedijatar \u00a0\u00a0\u00a0\u00a0\u00a0\u00a0\u00a0\u00a0\u00a0\u00a0\u00a0\u00a0\u00a0\u00a0\u00a0\u00a0\u00a0\u00a0\u00a0\u00a0\u00a0\u00a0\u00a0\u00a0\u00a0\u00a0\u00a0\u00a0\u00a0\u00a0\u00a0\u00a0\u00a0\u00a0\u00a0\u00a0\u00a0\u00a0\u00a0\u00a0\u00a0\u00a0\u00a0\u00a0\u00a0\u00a0\u00a0 <\/p>\n\n\n\n<p>Glavna sestra, Gorjana Pe\u0161evi\u0107, diplomirani medicinar zdravstvene njege<\/p>\n\n\n\n<p><\/p>\n\n\n\n<p>Odjeljenje za pedijatriju raspola\u017ee sa 20 kreveta za pacijente u 8 bolesni\u010dkih soba. Omogu\u0107eno je prisustvo majke pratilje uz dijete. U sklopu Odjeljenja se nalazi trpezarija i igraonica.<\/p>\n\n\n\n<p>Na Odjeljenju se vr\u0161e dijagnosti\u010dki i terapijski postupci predvi\u0111eni za sekundarni nivo zdravstvene za\u0161tite.<\/p>\n\n\n\n<p>Pedijatrijska prijemna ambulanta radi 24 sata dnevno.<\/p>\n\n\n\n<p>Konsultativni specijalisti\u010dki i subspecijalisti\u010dki pregledi se obavljaju svakog radnog dana, uz prethodno zakazivanje termina.<\/p>\n\n\n\n<p>U okviru konsultativno-specijalisti\u010dke za\u0161tite vr\u0161e se specijalisti\u010dki pedijatrijski, neonatolo\u0161ki, alergolo\u0161ki, neuropedijatrijski i nefrolo\u0161ki pregledi, te ultrazvuk CNSa i ultrazvuk kukova.<\/p>\n\n\n\n<p>Od januara 2022. godine postoji mogu\u0107nost registracije pacijenata za primarni nivo za\u0161tite u na\u0161oj Ustanovi.<\/p>\n\n\n\n<p><strong>Ljekari Odjeljenja za pedijatriju:<\/strong><\/p>\n\n\n\n<p>dr Vlado Radi\u0107, specijalista pedijatar<\/p>\n\n\n\n<p>dr Svjetlana Savi\u0107-Stjepanovi\u0107, specijalista pedijatar<\/p>\n\n\n\n<p>dr Borka Marin, specijalista pedijatar<\/p>\n\n\n\n<p>dr Radmila Brki\u0107, specijalista pedijatar, supspec. klini\u010dke neurofiziologije sa epileptologijom<\/p>\n\n\n\n<p>dr Zvjezdana \u010cavi\u0107-Hrgar, specijalista pedijatar<\/p>\n\n\n\n<p>dr Snje\u017eana Crnogorac, doktor medicine na specijalizaciji<\/p>\n\n\n\n<p>dr Svjetlana Crnogorac-Kne\u017eevi\u0107, doktor medicine na specijalizaciji<\/p>\n\n\n\n<p><strong>Kontakt telefoni:<\/strong><\/p>\n\n\n\n<p>Odjeljenje: 052 238 411, lokal 218&nbsp;&nbsp;&nbsp;&nbsp;&nbsp;&nbsp;&nbsp;&nbsp;&nbsp;&nbsp;&nbsp;&nbsp;&nbsp;&nbsp;&nbsp; Prijemna pedijatrijska ambulanta: 052 238 411, lokal 9-219<\/p>\n","protected":false},"excerpt":{"rendered":"<p>Odjeljenje za pedijatriju Na\u010delnik, dr Svjetlana Savi\u0107-Stjepanovi\u0107, specijalista pedijatar \u00a0\u00a0\u00a0\u00a0\u00a0\u00a0\u00a0\u00a0\u00a0\u00a0\u00a0\u00a0\u00a0\u00a0\u00a0\u00a0\u00a0\u00a0\u00a0\u00a0\u00a0\u00a0\u00a0\u00a0\u00a0\u00a0\u00a0\u00a0\u00a0\u00a0\u00a0\u00a0\u00a0\u00a0\u00a0\u00a0\u00a0\u00a0\u00a0\u00a0\u00a0\u00a0\u00a0\u00a0\u00a0\u00a0\u00a0 Glavna sestra, Gorjana Pe\u0161evi\u0107, diplomirani medicinar zdravstvene njege Odjeljenje za pedijatriju raspola\u017ee sa 20 kreveta za pacijente u 8 bolesni\u010dkih soba. Omogu\u0107eno je prisustvo majke pratilje uz dijete. U sklopu Odjeljenja se nalazi trpezarija i igraonica. Na Odjeljenju se vr\u0161e dijagnosti\u010dki i terapijski postupci predvi\u0111eni<\/p>\n","protected":false},"author":1,"featured_media":0,"parent":0,"menu_order":0,"comment_status":"closed","ping_status":"closed","template":"","meta":{"footnotes":""},"class_list":["post-4392","page","type-page","status-publish","hentry"],"_links":{"self":[{"href":"https:\/\/bolnicaprijedor.com\/index.php?rest_route=\/wp\/v2\/pages\/4392","targetHints":{"allow":["GET"]}}],"collection":[{"href":"https:\/\/bolnicaprijedor.com\/index.php?rest_route=\/wp\/v2\/pages"}],"about":[{"href":"https:\/\/bolnicaprijedor.com\/index.php?rest_route=\/wp\/v2\/types\/page"}],"author":[{"embeddable":true,"href":"https:\/\/bolnicaprijedor.com\/index.php?rest_route=\/wp\/v2\/users\/1"}],"replies":[{"embeddable":true,"href":"https:\/\/bolnicaprijedor.com\/index.php?rest_route=%2Fwp%2Fv2%2Fcomments&post=4392"}],"version-history":[{"count":2,"href":"https:\/\/bolnicaprijedor.com\/index.php?rest_route=\/wp\/v2\/pages\/4392\/revisions"}],"predecessor-version":[{"id":4397,"href":"https:\/\/bolnicaprijedor.com\/index.php?rest_route=\/wp\/v2\/pages\/4392\/revisions\/4397"}],"wp:attachment":[{"href":"https:\/\/bolnicaprijedor.com\/index.php?rest_route=%2Fwp%2Fv2%2Fmedia&parent=4392"}],"curies":[{"name":"wp","href":"https:\/\/api.w.org\/{rel}","templated":true}]}}