{"id":4388,"date":"2025-02-22T07:30:57","date_gmt":"2025-02-22T06:30:57","guid":{"rendered":"https:\/\/bolnicaprijedor.com\/?page_id=4388"},"modified":"2025-02-22T07:30:58","modified_gmt":"2025-02-22T06:30:58","slug":"odjeljenje-za-otorinolaringologiju","status":"publish","type":"page","link":"https:\/\/bolnicaprijedor.com\/?page_id=4388","title":{"rendered":"Odjeljenje za otorinolaringologiju"},"content":{"rendered":"\n<p>ORL odjeljenje u JZU Bolnici &#8221;Dr Mladen Stojanovi\u0107&#8221; Prijedor postoji od 1982. godine.<\/p>\n\n\n\n<p>Trenutno su na odjeljenju zaposlena 4 ljekara od \u010dega 1 ljekar specijalista op\u0161te otorinolaringologije i subspecijalista fonijatrije, i 2 ljekara specijaliste op\u0161te otorinolaringologije, koji su osposobljeni za pru\u017eanje usluga iz domena sekundarne i tercijarne zdravstvene za\u0161tite, dok je \u010detvrti ljekar na specijalizaciji u drugim zdravstvenim ustanovama.<\/p>\n\n\n\n<p>U sklopu slu\u017ebe zaposlena je i logoped Jelena Ke\u010dan Ivkovi\u0107, koja je osposobljena za pru\u017eanje usluga u oblasti logo- i fonopedije te rehabilitaciju poreme\u0107aja glasa i govora kako u dje\u010dijoj tako i odrasloj populaciji.<\/p>\n\n\n\n<p>Na\u010delnik: &nbsp;&nbsp;&nbsp;&nbsp;&nbsp;&nbsp;&nbsp;&nbsp;&nbsp;&nbsp;&nbsp;&nbsp;&nbsp;&nbsp;&nbsp;&nbsp;&nbsp;&nbsp;&nbsp;&nbsp;&nbsp;&nbsp;&nbsp;&nbsp;&nbsp; Dr Sini\u0161a Muti\u0107<\/p>\n\n\n\n<p>Glavna sestra: &nbsp;&nbsp;&nbsp;&nbsp;&nbsp;&nbsp;&nbsp;&nbsp;&nbsp;&nbsp;&nbsp;&nbsp;&nbsp;&nbsp;&nbsp;&nbsp; VMS Petra Do\u0161en<\/p>\n\n\n\n<p>Broj postelja: &nbsp;&nbsp;&nbsp;&nbsp;&nbsp;&nbsp;&nbsp;&nbsp;&nbsp;&nbsp;&nbsp;&nbsp;&nbsp;&nbsp;&nbsp;&nbsp;&nbsp; 11<\/p>\n\n\n\n<p>telefon:&nbsp;&nbsp;&nbsp;&nbsp;&nbsp;&nbsp;&nbsp;&nbsp;&nbsp;&nbsp;&nbsp;&nbsp;&nbsp;&nbsp;&nbsp;&nbsp; &nbsp;&nbsp;&nbsp;&nbsp;&nbsp;&nbsp;&nbsp;&nbsp;&nbsp;&nbsp;&nbsp; 052\/238-411, lok.9-214<\/p>\n\n\n\n<p><strong>Ljekari zaposleni u slu\u017ebi:<\/strong><\/p>\n\n\n\n<p>Dr Sini\u0161a Muti\u0107 &#8211; specijalista otorinolaringolog, subspecijalista fonijatrije<\/p>\n\n\n\n<p>Dr Dejan Dragi\u0161i\u0107 \u2013 specijalista otorinolaringologije<\/p>\n\n\n\n<p>Dr Denis \u010ceki\u0107 \u2013 doktor medicine na specijalizaciji otorinolaringologije<\/p>\n\n\n\n<p>Dr Relja Mrkaji\u0107 \u2013 specijalista otorinolaringologije u penziji zaposlen Ugovorom o djelu<\/p>\n\n\n\n<p><strong>Radno vrijeme:<\/strong><\/p>\n\n\n\n<p>Radno vrijeme odjeljenja je od 00 \u2013 24 \u010dasova<\/p>\n\n\n\n<p>07.00&nbsp;&nbsp;&nbsp; &#8211; &nbsp;09.00 &nbsp;h&nbsp;&nbsp;&nbsp;&nbsp;&nbsp;&nbsp;&nbsp;&nbsp;&nbsp;&nbsp; rad na odjeljenju, planirani operativni zahvati<\/p>\n\n\n\n<p>09.00&nbsp;&nbsp;&nbsp; &#8211;&nbsp; 14.00&nbsp; h &nbsp;&nbsp;&nbsp;&nbsp;&nbsp;&nbsp;&nbsp;&nbsp;&nbsp; rad u ambulanti<\/p>\n\n\n\n<p>14.00&nbsp;&nbsp;&nbsp; &#8211;&nbsp; 15.00&nbsp; h&nbsp;&nbsp;&nbsp;&nbsp;&nbsp;&nbsp;&nbsp;&nbsp;&nbsp;&nbsp; rad na odjeljenju<\/p>\n\n\n\n<p>15.00&nbsp;&nbsp;&nbsp; &#8211;&nbsp; 07.00&nbsp; h&nbsp;&nbsp;&nbsp;&nbsp;&nbsp;&nbsp;&nbsp;&nbsp;&nbsp;&nbsp; pripravnost (poziv pripravnom ljekaru u slu\u010daju hitno\u0107e)<\/p>\n\n\n\n<h2 class=\"wp-block-heading\"><strong>ORL ODJELJENJE<\/strong><\/h2>\n\n\n\n<p>Nalazi se na tre\u0107em spratu glavne bolni\u010dke zgrade i raspola\u017ee sa 4 bolesni\u010dke sobe te odjeljenjskom ambulantom i previjali\u0161tem. Medicinsku brigu o pacijentima vode 4 odjeljenjske medicinske sestre, \u010diji rad je organizovan u turnusima.<\/p>\n\n\n\n<p>Na ORL odjeljenju obavljaju se slede\u0107i spektri usluga i djelatnosti, te lije\u010denje poreme\u0107aja i oboljenja:<\/p>\n\n\n\n<ul class=\"wp-block-list\">\n<li>Na spolja\u0161njem, srednjem i unutra\u0161njem uhu<\/li>\n\n\n\n<li>Nosnoj \u0161upljini i sinusima<\/li>\n\n\n\n<li>Usnoj \u0161upljini, pljuva\u010dnim \u017elijezdama<\/li>\n\n\n\n<li>\u017ddrijelu<\/li>\n\n\n\n<li>Larinksu i traheji<\/li>\n\n\n\n<li>Licu i<\/li>\n\n\n\n<li>Vratu<\/li>\n<\/ul>\n\n\n\n<h2 class=\"wp-block-heading\"><strong>ORL AMBULANTA<\/strong><\/h2>\n\n\n\n<p>Nalazi se u dijagnosti\u010dkom holu bolnice, ulaz kroz ambulantu br. 17.<\/p>\n\n\n\n<ul class=\"wp-block-list\">\n<li>radi svaki radni dan od 9.00 h do 14.00 h.<\/li>\n\n\n\n<li>Potrebno naru\u010divanje za pregled<\/li>\n\n\n\n<li>Kontakt telefon 052\/238-411 lok. 9-213\u00a0\u00a0<\/li>\n\n\n\n<li>kontakt osoba MS Gordana Oluji\u0107<\/li>\n<\/ul>\n\n\n\n<p>Sastoji se iz op\u0161te ORL ambulante, fonijatrijskog i audiolo\u0161kog kabineta.<\/p>\n\n\n\n<p>U ORL ambulanti svaki radni dan obavljaju se :<\/p>\n\n\n\n<ul class=\"wp-block-list\">\n<li>Konsultativno specijalisti\u010dki pregledi po ugovoru o KSZ<\/li>\n\n\n\n<li>Konsultativni pregledi sa drugih odjeljenja bolnice<\/li>\n\n\n\n<li>Prevoj i tolaeta rana operisanih pacijenta<\/li>\n\n\n\n<li>Va\u0111enje \u0161avova<\/li>\n\n\n\n<li>Toalete traheostome i promjene kanile kod traheotomiranih i laringektomisanih pacijenata<\/li>\n<\/ul>\n\n\n\n<h1 class=\"wp-block-heading\">SPISAK DIJAGNOSTI\u010cKIH PROCEDURA, MALIH OPERATIVNIH ZAHVATA I OPERATIVNIH ZAHVATA KOJE SE IZVODE NA ORL ODJELJENJU:<\/h1>\n\n\n\n<h2 class=\"wp-block-heading\">1.&nbsp;&nbsp;&nbsp;&nbsp; Dijagnosti\u010dke procedure:<\/h2>\n\n\n\n<ul class=\"wp-block-list\">\n<li>Uzimanje brisa uha<\/li>\n\n\n\n<li>Uzimanje brisa nosa<\/li>\n\n\n\n<li>Uzimanje brisa grla<\/li>\n\n\n\n<li>Uzimanje brisa jezika<\/li>\n\n\n\n<li>Uzimanje brisa traheostome<\/li>\n\n\n\n<li>Uzimanje brisa rane<\/li>\n\n\n\n<li>Uzimanje brisa apscesa<\/li>\n\n\n\n<li>Biopsija ko\u017ee i mi\u0161i\u0107a<\/li>\n\n\n\n<li>Biopsija mekih tkiva<\/li>\n\n\n\n<li>Biopsija promjena u spolja\u0161njem slu\u0161nom kanalu<\/li>\n\n\n\n<li>Biopsija promjena u vestibulumu i kavumu nosa<\/li>\n\n\n\n<li>Biopsija promjena jezika<\/li>\n\n\n\n<li>Biopsija promjena mezofarinksa<\/li>\n\n\n\n<li>Biopsija limfnog \u010dvora<\/li>\n\n\n\n<li>Indirektna laringoskopija<\/li>\n\n\n\n<li>Endoskopski pregled epifarinksa, hipofarinksa i larinksa<\/li>\n\n\n\n<li>Stroboskopija glasnica<\/li>\n\n\n\n<li>Laringomikroskopija<\/li>\n\n\n\n<li>Prednja i zadnja rinoskopija<\/li>\n\n\n\n<li>Otomikroskopija<\/li>\n\n\n\n<li>Akumetrijsko ispitivanje sluha<\/li>\n\n\n\n<li>Tonalni audiogram<\/li>\n\n\n\n<li>Timpanometrija<\/li>\n\n\n\n<li>Statoakusti\u010dki refleksi<\/li>\n\n\n\n<li>Timpanometrija odraslih<\/li>\n\n\n\n<li>TEOAE \u2013 otoakusti\u010dke emisije \u2013 skrining sluha novorpo\u0111en\u010dadi<\/li>\n\n\n\n<li>Vestibulolo\u0161ka ispitivanja ( Dix-Hallpike test, Head impulse test, kalorijska stimulacija unutra\u0161njeg uva&#8230;)<\/li>\n<\/ul>\n\n\n\n<h2 class=\"wp-block-heading\">2.&nbsp;&nbsp;&nbsp;&nbsp; Mali hirur\u0161ki zahvati u lokalnoj anesteziji:<\/h2>\n\n\n\n<ul class=\"wp-block-list\">\n<li>Primarna obrada manjih rana sa suturom<\/li>\n\n\n\n<li>Ekstrakcija stranog tijela iz uha<\/li>\n\n\n\n<li>Ekstrakcija stranog tijela iz nosa<\/li>\n\n\n\n<li>Ekstrakcija stranog tijela iz mezofarinksa\u00a0<\/li>\n\n\n\n<li>Direktoskopija sa ekstrakcijom stranog tijela iz hipofarinksa<\/li>\n\n\n\n<li>Dekanilman<\/li>\n\n\n\n<li>Redressement nosnih kosti<\/li>\n\n\n\n<li>Prednja tamponada nosa i detamponada<\/li>\n\n\n\n<li>Incizija apscesa lica i vrata sa drena\u017eom<\/li>\n\n\n\n<li>Incizija othematoma<\/li>\n\n\n\n<li>Uklanjanje granulacija<\/li>\n\n\n\n<li>Primarna obrada inficirane rane sa suturom<\/li>\n\n\n\n<li>Odstranjivanje ateroma i lipoma sa \u0161ivanjem<\/li>\n\n\n\n<li>Tu\u0161iranje sluznice usne \u0161upljine<\/li>\n\n\n\n<li>Va\u0111enje stranog tijela iz mekih tkiva<\/li>\n\n\n\n<li>Odstranjivanje subkutanog stranog tijela<\/li>\n\n\n\n<li>Resekcija donjeg frenuluma jezika djeci do godinu dana starosti<\/li>\n\n\n\n<li>Ekscizija benignog tumora ko\u017ee lica<\/li>\n\n\n\n<li>Ekscizija malignog tumora ko\u017ee lica<\/li>\n\n\n\n<li>Ekscizija benignog tumora usne sluznice<\/li>\n\n\n\n<li>Ekscizija malignog tumora usne sluznice<\/li>\n\n\n\n<li>Frenulumektomija<\/li>\n\n\n\n<li>Elektro i hemijska kauterizacija sluznice nosnih kavuma<\/li>\n<\/ul>\n\n\n\n<h2 class=\"wp-block-heading\">3.&nbsp;&nbsp;&nbsp;&nbsp; Hirur\u0161ki zahvati u op\u0161toj endotrahealnoj anesteziji:<\/h2>\n\n\n\n<ul class=\"wp-block-list\">\n<li>Adenoidektomije<\/li>\n\n\n\n<li>Tonzilektomije kod djece<\/li>\n\n\n\n<li>Tonzilektomije kod odraslih<\/li>\n\n\n\n<li>Frenulotomija i Z plastika frenuluma jezika<\/li>\n\n\n\n<li>Traheotomije<\/li>\n\n\n\n<li>Uvulopalatoplastika<\/li>\n\n\n\n<li>Marsupijalizacija ciste usne \u0161upljine<\/li>\n\n\n\n<li>Ekstirpacija ciste usne \u0161upljine intraoralno<\/li>\n\n\n\n<li>Operativno lije\u010denje ranule intraoralno<\/li>\n\n\n\n<li>Operacija medijalne ciste vrata\u00a0<\/li>\n\n\n\n<li>Operacija lateralne ciste ili fistule vrata<\/li>\n\n\n\n<li>Operacije pljuva\u010dnih \u017elijezda<\/li>\n\n\n\n<li>Ekstirpacija benignih tumora vrata<\/li>\n\n\n\n<li>Miringotomija sa insercijom aeracione cjev\u010dice jednostrano ili obostrano<\/li>\n\n\n\n<li>Plasti\u010dno rekonstruktivni zahvati spolja\u0161njeg uha<\/li>\n\n\n\n<li>Operacije tumora spolja\u0161njeg uha<\/li>\n\n\n\n<li>Operacija nosne pregrade<\/li>\n\n\n\n<li>Operacija ciste u sinusima<\/li>\n\n\n\n<li>Transnazalna polipektomija<\/li>\n\n\n\n<li>Estetske operacije nosa<\/li>\n\n\n\n<li>Eksploracija maksilarnog sinusa<\/li>\n\n\n\n<li>Operacija maksilarnog sinusa po Caldwell-Luc-u\u00a0\u00a0<\/li>\n\n\n\n<li>Istrumentalna repozicija nosnih kostiju<\/li>\n\n\n\n<li>Direktoskopije, epifaringoskopije, laringomikroskopije i biopsije tm promjena farinksa i larinksa<\/li>\n<\/ul>\n\n\n\n<h2 class=\"wp-block-heading\">4.&nbsp;&nbsp;&nbsp;&nbsp; Fonohirur\u0161ke operacije:<\/h2>\n\n\n\n<ul class=\"wp-block-list\">\n<li>Ablacije polipa na glasnicama<\/li>\n\n\n\n<li>Ablacije hemangioma na glasnicama\u00a0<\/li>\n\n\n\n<li>Ablacije nodulusa na glasnicama<\/li>\n\n\n\n<li>Marsupijelizacije cista larinksa<\/li>\n\n\n\n<li>Ekscizije Reinkeovih edema<\/li>\n\n\n\n<li>Ekstirpacije granuloma<\/li>\n<\/ul>\n\n\n\n<h2 class=\"wp-block-heading\">5.&nbsp;&nbsp;&nbsp;&nbsp; Logo- i fonopedske usluge (dijagnostika i rehabilitacija):<\/h2>\n\n\n\n<ul class=\"wp-block-list\">\n<li>Jezi\u010dkih struktura<\/li>\n\n\n\n<li>Grafomotorike<\/li>\n\n\n\n<li>Razumljivosti govora<\/li>\n\n\n\n<li>Test oralne praksije<\/li>\n\n\n\n<li>Tehnike vokalne postoperativne rehabilitacije pacijenata sa parcijalnim i totalnim laringektomijama<\/li>\n\n\n\n<li>Rehabilitacija funkcionalnih poreme\u0107aja glasa<\/li>\n\n\n\n<li>Preoperativna i postoperativna rehabilitacija glasa kod pareza i paraliza glasnica, disfonija i hroni\u010dnih<\/li>\n\n\n\n<li>laringitisa.<\/li>\n\n\n\n<li>Stvaranje glasovnog modela<\/li>\n\n\n\n<li>Relaksacija<\/li>\n\n\n\n<li>Vje\u017ebe respiracije<\/li>\n\n\n\n<li>Vje\u017ebe fonacije<\/li>\n\n\n\n<li>Vje\u017ebe uklanjanja tvrde atake<\/li>\n\n\n\n<li>Vje\u017ebe Feed-back sistema<\/li>\n\n\n\n<li>Vje\u017ebe uklanjanja preoptere\u0107enja vokalnih organa<\/li>\n\n\n\n<li>Uspostavljanje pravilne visine glasa<\/li>\n\n\n\n<li>Uspostavljanje optimalne ja\u010dine i boje glasa<\/li>\n\n\n\n<li>Digitalna manipulacija<\/li>\n\n\n\n<li>Rehabilitacija patologije verbalne komunikacije kod djece<\/li>\n\n\n\n<li>Vje\u017ebe za razvoj auditivne percepcije i razumijevanje jezi\u010dkih simbola\u00a0<\/li>\n\n\n\n<li>Vje\u017ebe vizuelnog opa\u017eanja<\/li>\n\n\n\n<li>Vje\u017ebe za razvoj taktilno-kinesteti\u010dkih osjeta i motorike<\/li>\n\n\n\n<li>Vje\u017ebe logomotorike<\/li>\n\n\n\n<li>Vje\u017ebe za izazivanje i korekciju glasova<\/li>\n\n\n\n<li>Vje\u017ebe automatizovanja novonau\u010denih glasova u spontanom govoru<\/li>\n\n\n\n<li>Primjena Delay sistema<\/li>\n\n\n\n<li>Jezi\u010dko ispitivanje govorno jezi\u010dkih komponenti kod disfazija<\/li>\n\n\n\n<li>Vje\u017ebe grafomotorike<\/li>\n\n\n\n<li>Upotreba Behringer aparata<\/li>\n<\/ul>\n\n\n\n<p>&nbsp;Na\u010delnik ORL odjeljenja:<\/p>\n\n\n\n<p>&nbsp;&nbsp;&nbsp;&nbsp;&nbsp;&nbsp; Dr Sini\u0161a Muti\u0107<\/p>\n","protected":false},"excerpt":{"rendered":"<p>ORL odjeljenje u JZU Bolnici &#8221;Dr Mladen Stojanovi\u0107&#8221; Prijedor postoji od 1982. godine. Trenutno su na odjeljenju zaposlena 4 ljekara od \u010dega 1 ljekar specijalista op\u0161te otorinolaringologije i subspecijalista fonijatrije, i 2 ljekara specijaliste op\u0161te otorinolaringologije, koji su osposobljeni za pru\u017eanje usluga iz domena sekundarne i tercijarne zdravstvene za\u0161tite, dok je \u010detvrti ljekar na specijalizaciji<\/p>\n","protected":false},"author":1,"featured_media":0,"parent":0,"menu_order":0,"comment_status":"closed","ping_status":"closed","template":"","meta":{"footnotes":""},"class_list":["post-4388","page","type-page","status-publish","hentry"],"_links":{"self":[{"href":"https:\/\/bolnicaprijedor.com\/index.php?rest_route=\/wp\/v2\/pages\/4388","targetHints":{"allow":["GET"]}}],"collection":[{"href":"https:\/\/bolnicaprijedor.com\/index.php?rest_route=\/wp\/v2\/pages"}],"about":[{"href":"https:\/\/bolnicaprijedor.com\/index.php?rest_route=\/wp\/v2\/types\/page"}],"author":[{"embeddable":true,"href":"https:\/\/bolnicaprijedor.com\/index.php?rest_route=\/wp\/v2\/users\/1"}],"replies":[{"embeddable":true,"href":"https:\/\/bolnicaprijedor.com\/index.php?rest_route=%2Fwp%2Fv2%2Fcomments&post=4388"}],"version-history":[{"count":1,"href":"https:\/\/bolnicaprijedor.com\/index.php?rest_route=\/wp\/v2\/pages\/4388\/revisions"}],"predecessor-version":[{"id":4390,"href":"https:\/\/bolnicaprijedor.com\/index.php?rest_route=\/wp\/v2\/pages\/4388\/revisions\/4390"}],"wp:attachment":[{"href":"https:\/\/bolnicaprijedor.com\/index.php?rest_route=%2Fwp%2Fv2%2Fmedia&parent=4388"}],"curies":[{"name":"wp","href":"https:\/\/api.w.org\/{rel}","templated":true}]}}