{"id":4386,"date":"2025-02-22T07:25:03","date_gmt":"2025-02-22T06:25:03","guid":{"rendered":"https:\/\/bolnicaprijedor.com\/?page_id=4386"},"modified":"2025-02-22T07:25:03","modified_gmt":"2025-02-22T06:25:03","slug":"odjeljenje-za-internu-medicinu","status":"publish","type":"page","link":"https:\/\/bolnicaprijedor.com\/?page_id=4386","title":{"rendered":"Odjeljenje za internu medicinu"},"content":{"rendered":"\n<p>INFORMACIJE<\/p>\n\n\n\n<p>SVI PACIJENTI KOJI SE NARU\u010cUJU ZA PREGLED U ODJELJENJU ZA INTERNU MEDICINU&nbsp; INFORMACIJE O TERMINU ZA PREGLED MOGU DOBITI NA BROJ TEL. 052 238-411, LOKAL 232.<\/p>\n\n\n\n<p>NA\u010cELNIK ODJELJENJA ZA INTERNU MEDICINU<\/p>\n\n\n\n<p>Dr Sla\u0111ana Graoni\u0107-\u0110uki\u0107, specijalista interne medicine<\/p>\n\n\n\n<p>GLAVNA SESTRA ODJELJENJA ZA INTERNU MEDICINU<\/p>\n\n\n\n<p>Dijana Plav\u0161i\u0107<\/p>\n\n\n\n<p>Odjeljenje za internu medicinu sastoji se od slede\u0107ih organizacionih jedinica<\/p>\n\n\n\n<p><strong>Odsjeci:<\/strong><\/p>\n\n\n\n<ul class=\"wp-block-list\">\n<li>Odsjek op\u0161te interne medicine sa gastroenterologijom, endokrinologijom, nefrologijom i reumatologijom<\/li>\n\n\n\n<li>Odsjek kardiologije sa interventnom kardiologijom i koronarnom jedinicom<\/li>\n\n\n\n<li>Odsjek onkologije sa hematologijom<\/li>\n\n\n\n<li>Odsjek pulmologije<\/li>\n\n\n\n<li>Odsjek infektologije<\/li>\n\n\n\n<li>Odsjek za dermatovenerologiju<\/li>\n\n\n\n<li>Odsjek KSZ-a \u2013 ambulante, kabineti<\/li>\n<\/ul>\n\n\n\n<p><strong>Ambulante<\/strong><\/p>\n\n\n\n<ul class=\"wp-block-list\">\n<li>Prijemna internisti\u010dka ambulanta<\/li>\n\n\n\n<li>Konsultativno-specijalisti\u010dke ambulante (internisti\u010dka, kardiolo\u0161ka, reumatolo\u0161ka, endokrinoloska \/dijabetolo\u0161ka, pulmolo\u0161ka, gastroenterolo\u0161ka, onkolo\u0161ka, dermatovenerolo\u0161ka)<\/li>\n\n\n\n<li>Ambulanta za funkcionalnu dijagnostiku \/ Holter pritiska i Holter EKG-a, ergometrijski test, ehokardiografija\/<\/li>\n\n\n\n<li>Kabinet za endoskopije i endoskopske procedure<\/li>\n<\/ul>\n\n\n\n<p>Odjeljenje za internu medicinu raspola\u017ee sa 113 kreveta od \u010dega<\/p>\n\n\n\n<ul class=\"wp-block-list\">\n<li>odsjek op\u0161te interne medicine ima 30 kreveta<\/li>\n\n\n\n<li>odsjek kardiologije ima 12 kreveta i kororonarna jedinica 11 kreveta,<\/li>\n\n\n\n<li>odsjek\u00a0 onkologije ima 18 kreveta<\/li>\n\n\n\n<li>odsjek pulmologije 18 kreveta<\/li>\n\n\n\n<li>odsjek infektologije 21 kreveta<\/li>\n\n\n\n<li>odsjek dermatovenerologije 3 kreveta<\/li>\n<\/ul>\n\n\n\n<p>Slu\u017eba putem stacionarnog bolni\u010dkog lije\u010denja i konsultativno specijalisti\u010dkih slu\u017ebi pru\u017ea zdravstvene usluge sekundarnog, a dijelom i tercijarnog nivoa zdravstvene za\u0161tite.<\/p>\n\n\n\n<p>Na subspecijalisti\u010dkom nivou se pru\u017eaju usluge iz oblasti kardiologije, gastroenterohepatologije, endokrinologije, reumatologije, onkologije.<\/p>\n\n\n\n<p><strong>Radno vrijeme prijemne internisti\u010dke ambulante je od &nbsp;00 do 24 h 7\/365 dana u godini.<\/strong><\/p>\n\n\n\n<p>U prijemnoj internisti\u010dkoj ambulanti se pregledaju sva lica koja imaju bolni\u010dku uputnicu izdatu od strane porodi\u010dnog ljekara i sva druga lica koja su \u017eivotno ugro\u017eena bez obzira imaju li uputnicu ili ne.<\/p>\n\n\n\n<p><strong>Konsultativno specijalisti\u010dke ambulante rade od 09:00 h do 15:00 h.<\/strong><\/p>\n\n\n\n<p>U tim ambulantama se pregledaju sva lica koja imaju uputnicu za specijalisti\u010dki pregled interniste ili odre\u0111enog subspecijaliste koja je izdata od strane ljekara porodi\u010dne medicine. Po\u017eeljno je da pacijenti na pregled u konsultativno specijalisti\u010dke ambulantama dolaze sa ve\u0107 ura\u0111enim novim laboratorijskim nalazima i ranijom medicinskom dokumentacijom, ako su ranije lije\u010deni bilo gdje.<\/p>\n\n\n\n<p>Doktori u slu\u017ebi:<\/p>\n\n\n\n<p><strong>Matija\u0161 dr Tihomir<\/strong> specijalista interne medicine<\/p>\n\n\n\n<p><strong>Prim dr Vesna Jela\u010da<\/strong> specijalista interne medicine<\/p>\n\n\n\n<p><strong>Marin dr Dra\u017eenko<\/strong> specijalista interne medicine- subspecijalista kardiolog<\/p>\n\n\n\n<p><strong>Vujanovi\u0107 dr Boris<\/strong> specijalista interne medicine- subspecijalista onkolog<\/p>\n\n\n\n<p><strong>Cvijeti\u0107 dr Ljubinka <\/strong>specijalista interne medicine- subspecijalista endokrinolog<\/p>\n\n\n\n<p><strong>Dragojevi\u0107-Stoji\u0107 dr Maja <\/strong>specijalista interne medicine- subspecijalista kardiolog<\/p>\n\n\n\n<p><strong>Igli\u0107 dr Edgar<\/strong> specijalista interne medicine subspecijalista gastroenterohepatolog<\/p>\n\n\n\n<p><strong>Vranje\u0161 dr Dalija<\/strong> specijalista interne medicine<\/p>\n\n\n\n<p><strong>Graoni\u0107-\u0110uki\u0107 dr Sla\u0111ana<\/strong> specijalista interne medicine<\/p>\n\n\n\n<p><strong>Muti\u0107-Kunovac dr Tijana, <\/strong>specijalista interne medicine-subspecijalista onkolog<\/p>\n\n\n\n<p><strong>Igli\u0107 dr Aleksandra<\/strong> pneumoftiziolog<\/p>\n\n\n\n<p><strong>\u0110uri\u0107 dr Nikolina <\/strong>pneumoftiziolog<\/p>\n\n\n\n<p><strong>Bojani\u0107 dr Bojan<\/strong> specijalista interne medicine, na subspecijalizaciji iz nefrologije<\/p>\n\n\n\n<p><strong>\u0106urguz dr Boris&nbsp; <\/strong>specijalista infektologije<\/p>\n\n\n\n<p><strong>\u0110uri\u0107 dr Vladimir <\/strong>specijalista interne medicine- subspecijalista kardiolog<\/p>\n\n\n\n<p><strong>Banovi\u0107 dr Jovica <\/strong>specijalista interne medicine- subspecijalista kardiolog<\/p>\n\n\n\n<p><strong>Elenkov dr Dejan,<\/strong> specijalista dermatovenerologije<\/p>\n\n\n\n<p><strong>Bojani\u0107 dr Jasna,<\/strong> specijalista dermatovenerologije<\/p>\n\n\n\n<p><strong>Jevri\u0107 dr Ana<\/strong> specijalista endokrinolog<\/p>\n\n\n\n<p><strong>Matija\u0161 dr Tamara<\/strong> doktor medicine, specijalizant hematologije<\/p>\n\n\n\n<p><strong>Dra\u017ei\u0107 dr An\u0111a<\/strong> doktor medicine na specijaliziciji iz interne medicine<\/p>\n\n\n\n<p><strong>Pa\u0111en dr Bojana<\/strong> doktor medicine na specijalizaciji iz infektivnih bolesti<\/p>\n\n\n\n<p><strong>Savi\u0107 dr Nina<\/strong> doktor medicine na specijalizaciji interne medicine<\/p>\n\n\n\n<p><strong>Beri\u0107 dr Jelena<\/strong> doktor medicine na specijalizaciji&nbsp; pneumoftiziologije<\/p>\n\n\n\n<p><strong>Su\u010devi\u0107-Marin dr Mirjana<\/strong> doktor medicine na specijalizaciji interne medicine<\/p>\n\n\n\n<p><strong>Javori\u0107 dr Tijana,<\/strong> doktor medicine na specijalizaciji interne medicine<\/p>\n\n\n\n<p><strong>Stupar dr Dragana,<\/strong> doktor medicine na usmjerenoj specijalizaciji iz onkologije<\/p>\n\n\n\n<p><strong>Bogunovi\u0107 dr Gorana,<\/strong> doktor medicine na usmjerenoj specijalizaciji iz reumatologije<\/p>\n\n\n\n<p><strong>Serdar dr Gorana,<\/strong> doktor medicine na usmjerenoj specijalizaciji iz kardiologije<\/p>\n\n\n\n<p><strong>\u0160trbac dr Miroslava,<\/strong> doktor medicine na usmjerenoj specijalizaciji iz kardiologije<\/p>\n","protected":false},"excerpt":{"rendered":"<p>INFORMACIJE SVI PACIJENTI KOJI SE NARU\u010cUJU ZA PREGLED U ODJELJENJU ZA INTERNU MEDICINU&nbsp; INFORMACIJE O TERMINU ZA PREGLED MOGU DOBITI NA BROJ TEL. 052 238-411, LOKAL 232. NA\u010cELNIK ODJELJENJA ZA INTERNU MEDICINU Dr Sla\u0111ana Graoni\u0107-\u0110uki\u0107, specijalista interne medicine GLAVNA SESTRA ODJELJENJA ZA INTERNU MEDICINU Dijana Plav\u0161i\u0107 Odjeljenje za internu medicinu sastoji se od slede\u0107ih organizacionih<\/p>\n","protected":false},"author":1,"featured_media":0,"parent":0,"menu_order":0,"comment_status":"closed","ping_status":"closed","template":"","meta":{"footnotes":""},"class_list":["post-4386","page","type-page","status-publish","hentry"],"_links":{"self":[{"href":"https:\/\/bolnicaprijedor.com\/index.php?rest_route=\/wp\/v2\/pages\/4386","targetHints":{"allow":["GET"]}}],"collection":[{"href":"https:\/\/bolnicaprijedor.com\/index.php?rest_route=\/wp\/v2\/pages"}],"about":[{"href":"https:\/\/bolnicaprijedor.com\/index.php?rest_route=\/wp\/v2\/types\/page"}],"author":[{"embeddable":true,"href":"https:\/\/bolnicaprijedor.com\/index.php?rest_route=\/wp\/v2\/users\/1"}],"replies":[{"embeddable":true,"href":"https:\/\/bolnicaprijedor.com\/index.php?rest_route=%2Fwp%2Fv2%2Fcomments&post=4386"}],"version-history":[{"count":1,"href":"https:\/\/bolnicaprijedor.com\/index.php?rest_route=\/wp\/v2\/pages\/4386\/revisions"}],"predecessor-version":[{"id":4387,"href":"https:\/\/bolnicaprijedor.com\/index.php?rest_route=\/wp\/v2\/pages\/4386\/revisions\/4387"}],"wp:attachment":[{"href":"https:\/\/bolnicaprijedor.com\/index.php?rest_route=%2Fwp%2Fv2%2Fmedia&parent=4386"}],"curies":[{"name":"wp","href":"https:\/\/api.w.org\/{rel}","templated":true}]}}