{"id":4383,"date":"2025-02-22T07:23:19","date_gmt":"2025-02-22T06:23:19","guid":{"rendered":"https:\/\/bolnicaprijedor.com\/?page_id=4383"},"modified":"2025-02-22T07:23:19","modified_gmt":"2025-02-22T06:23:19","slug":"odsjek-urologije","status":"publish","type":"page","link":"https:\/\/bolnicaprijedor.com\/?page_id=4383","title":{"rendered":"Odsjek urologije"},"content":{"rendered":"\n<p><\/p>\n\n\n\n<p>Odsjek urologije&nbsp;&nbsp; radi&nbsp; kao&nbsp; odsjek&nbsp; u&nbsp; sastavu&nbsp; Odjeljenja za&nbsp; hirurgiju JZU Bolnice&nbsp; \u201eDr&nbsp; Mladen Stojanovi\u0107&#8221; Prijedor.<\/p>\n\n\n\n<p>Ljekari Odsjeka urologije&nbsp; su:<\/p>\n\n\n\n<p>Dr &nbsp;Predrag &nbsp;Stojni\u0107, specijalista urologije &#8211; \u0161ef odsjeka<\/p>\n\n\n\n<p>Dr&nbsp; Aleksandar&nbsp; Kesi\u0107 , specijalista urologije<\/p>\n\n\n\n<p>Dr&nbsp; Miroljub&nbsp; Grbi\u0107, specijalista urologije<\/p>\n\n\n\n<p>Nadzorna&nbsp; sestra:<\/p>\n\n\n\n<p>\u017digi\u0107&nbsp; Danka<\/p>\n\n\n\n<p>U&nbsp; sklopu&nbsp; Odsjeka&nbsp; urologije&nbsp; se obavljaju&nbsp; najrazli\u010ditije&nbsp; djelatnosti&nbsp;&nbsp; iz&nbsp; oblasti&nbsp; urologije.<\/p>\n\n\n\n<p>Rad&nbsp; urolo\u0161ke&nbsp; ambulante&nbsp; je&nbsp; organizovan&nbsp; tako&nbsp; da ambulanta&nbsp; radi svaki&nbsp;&nbsp; dan&nbsp; od&nbsp;&nbsp; 09:00h do 13:30h. Ambulanta&nbsp; radi&nbsp; po&nbsp; principu telefonskog&nbsp; naru\u010divanja&nbsp; pacijenta&nbsp; na&nbsp; tel.&nbsp; 052\/238-411 \u2013 lokal&nbsp; 259. U&nbsp; sklopu&nbsp; ambulantnog&nbsp; rada&nbsp; se obavljaju , standardni&nbsp;&nbsp; urolo\u0161ki&nbsp; pregledi&nbsp; te dijagnosti\u010dke&nbsp; procedure \u2013 UZ&nbsp; dijagnostika urotrakta, cistoskopija i&nbsp; dr., zatim manje&nbsp; hiru\u0161ke intrevencije, kateterizacije, bu\u017eiranja, endovezikalna isntilacija&nbsp; BCG&nbsp; imunovakcine kod&nbsp; tumora&nbsp; m.be\u0161ike, previjanja, transrektalne biopsije prostate, te hitni&nbsp; i&nbsp; redovni&nbsp; prijemi&nbsp; pacijenata.<\/p>\n\n\n\n<p>Kod prijema pacijenata&nbsp; za&nbsp; hladni&nbsp; op.program&nbsp; neophodno je&nbsp; da&nbsp; pac. posjeduje&nbsp; sljede\u0107e&nbsp; nalaze: KKS, Se, Vk, Vz, PV, INR, RTG plu\u0107a&nbsp; sa o\u010ditanjem, EKG, nalaz&nbsp; i mi\u0161ljenje&nbsp; interniste u&nbsp; smislu&nbsp; procjene op.rizika, te&nbsp; ukoliko op.zahvat&nbsp; zahtijeva&nbsp; pac . mora&nbsp; imati odredjenu&nbsp; Kg&nbsp; i&nbsp; Rh&nbsp; faktor.<\/p>\n\n\n\n<p>Odjeljenski &nbsp;dio&nbsp; slu\u017ebe&nbsp; posjeduje 4&nbsp; sobe&nbsp;&nbsp; odnosno&nbsp; ukupno 12&nbsp; kreveta. U&nbsp; sklopu&nbsp; odjeljenja se&nbsp; vr\u0161i&nbsp; njega&nbsp; i&nbsp; zbrinjavanje&nbsp; pacijenata&nbsp; nakon&nbsp; op.tretmana, zbrinjavaju se i&nbsp; tretiraju&nbsp; hitni&nbsp; slu\u010dajevi&nbsp; iz&nbsp; oblasti&nbsp; urolo\u0161ke&nbsp; patologije&nbsp;&nbsp; kao&nbsp; \u0161to su &nbsp;krvarenja&nbsp; iz&nbsp; urotrakta, septi\u010dka&nbsp; stanja&nbsp; izazvana&nbsp; urolo\u0161kom patologijom, stanja &nbsp;uzrokovana&nbsp; urolitijazom u&nbsp; razli\u010ditim partijama&nbsp; urotrakta, te&nbsp; akutna&nbsp; i hroni\u010dna&nbsp; stanja&nbsp; u&nbsp; sklopu&nbsp; oboljenja &nbsp;&nbsp;bolesti&nbsp; mu\u0161kih&nbsp; genitalnih&nbsp; organa&nbsp; &nbsp;i&nbsp; dr.<\/p>\n\n\n\n<p>Operativni&nbsp; dan za&nbsp; elektivne slu\u010dajeve&nbsp;&nbsp; je&nbsp; srijeda. Op.program po\u010dinje&nbsp; u&nbsp; 8h i&nbsp; 15&nbsp; minuta.<\/p>\n\n\n\n<p>Usklopu&nbsp; operativne&nbsp; urologije&nbsp; se vr\u0161e&nbsp; razli\u010dite&nbsp; operacije&nbsp; na&nbsp; urogenitalnom traktu&nbsp; ukju\u010duju\u0107i&nbsp; endourolo\u0161ke&nbsp; operacije (TUR prostate, TUR&nbsp; tumora&nbsp; m.be\u0161ike, endoskopska&nbsp; lava\u017ea&nbsp; mokra\u0107ne&nbsp; be\u0161ike , uretrotomije i&nbsp; dr.&nbsp;&nbsp; te otvorene&nbsp; operacije na urogenitalnom traktu&nbsp; ( otvorene prostetktomije, cistolitotomije, radikalne&nbsp; nefrektomije, operacije&nbsp; hidrokele, orhiektomije uni i bilateralne, operacije&nbsp;&nbsp; fimoze i&nbsp; dr).<\/p>\n\n\n\n<p>Za sve&nbsp; detaljnije&nbsp; informacije&nbsp; pacijenti&nbsp; se mogu&nbsp; obratiti&nbsp; na&nbsp; sljede\u0107e telefone:<\/p>\n\n\n\n<p>052\/238-411 lokal 259 &#8211; urolo\u0161ka&nbsp; ambulanta<\/p>\n\n\n\n<p>052\/238-411 lokal&nbsp; 216&nbsp; i&nbsp; 219 \u2013 urolo\u0161ko&nbsp; odjeljenje<\/p>\n","protected":false},"excerpt":{"rendered":"<p>Odsjek urologije&nbsp;&nbsp; radi&nbsp; kao&nbsp; odsjek&nbsp; u&nbsp; sastavu&nbsp; Odjeljenja za&nbsp; hirurgiju JZU Bolnice&nbsp; \u201eDr&nbsp; Mladen Stojanovi\u0107&#8221; Prijedor. Ljekari Odsjeka urologije&nbsp; su: Dr &nbsp;Predrag &nbsp;Stojni\u0107, specijalista urologije &#8211; \u0161ef odsjeka Dr&nbsp; Aleksandar&nbsp; Kesi\u0107 , specijalista urologije Dr&nbsp; Miroljub&nbsp; Grbi\u0107, specijalista urologije Nadzorna&nbsp; sestra: \u017digi\u0107&nbsp; Danka U&nbsp; sklopu&nbsp; Odsjeka&nbsp; urologije&nbsp; se obavljaju&nbsp; najrazli\u010ditije&nbsp; djelatnosti&nbsp;&nbsp; iz&nbsp; oblasti&nbsp; urologije. Rad&nbsp;<\/p>\n","protected":false},"author":1,"featured_media":0,"parent":0,"menu_order":0,"comment_status":"closed","ping_status":"closed","template":"","meta":{"footnotes":""},"class_list":["post-4383","page","type-page","status-publish","hentry"],"_links":{"self":[{"href":"https:\/\/bolnicaprijedor.com\/index.php?rest_route=\/wp\/v2\/pages\/4383","targetHints":{"allow":["GET"]}}],"collection":[{"href":"https:\/\/bolnicaprijedor.com\/index.php?rest_route=\/wp\/v2\/pages"}],"about":[{"href":"https:\/\/bolnicaprijedor.com\/index.php?rest_route=\/wp\/v2\/types\/page"}],"author":[{"embeddable":true,"href":"https:\/\/bolnicaprijedor.com\/index.php?rest_route=\/wp\/v2\/users\/1"}],"replies":[{"embeddable":true,"href":"https:\/\/bolnicaprijedor.com\/index.php?rest_route=%2Fwp%2Fv2%2Fcomments&post=4383"}],"version-history":[{"count":1,"href":"https:\/\/bolnicaprijedor.com\/index.php?rest_route=\/wp\/v2\/pages\/4383\/revisions"}],"predecessor-version":[{"id":4384,"href":"https:\/\/bolnicaprijedor.com\/index.php?rest_route=\/wp\/v2\/pages\/4383\/revisions\/4384"}],"wp:attachment":[{"href":"https:\/\/bolnicaprijedor.com\/index.php?rest_route=%2Fwp%2Fv2%2Fmedia&parent=4383"}],"curies":[{"name":"wp","href":"https:\/\/api.w.org\/{rel}","templated":true}]}}