{"id":4380,"date":"2025-02-22T07:20:54","date_gmt":"2025-02-22T06:20:54","guid":{"rendered":"https:\/\/bolnicaprijedor.com\/?page_id=4380"},"modified":"2025-02-22T07:20:55","modified_gmt":"2025-02-22T06:20:55","slug":"odjeljenje-za-hirurgiju","status":"publish","type":"page","link":"https:\/\/bolnicaprijedor.com\/?page_id=4380","title":{"rendered":"Odjeljenje za hirurgiju"},"content":{"rendered":"\n<p><strong>Odjeljenje za hirurgiju<\/strong><strong><\/strong><\/p>\n\n\n\n<p>Na\u010delnik Odjeljenja za hirurgiju: dr Tihomir \u010coprka<\/p>\n\n\n\n<p>Glavna medicinska sestra Odjeljenja za hirurgiju: Mira Paspalj<\/p>\n\n\n\n<p><strong>U sastavu Odjeljenja za hirurgiju su:<\/strong><\/p>\n\n\n\n<ul class=\"wp-block-list\">\n<li>Odsjek hirurgije, \u0161ef odsjeka: dr \u017deljko Te\u0161ini\u0107<\/li>\n\n\n\n<li>Odsjek ortopedije sa traumatologijom, \u0161ef odsjeka: dr Vladimir Pralica<\/li>\n\n\n\n<li>Odsjek urologije, \u0161ef odsjeka: dr Predrag Stojni\u0107<\/li>\n\n\n\n<li>Odsjek operacionog bloka sa centralnom sterilizacijom<\/li>\n\n\n\n<li>Odsjek KSZ \u2013a \u2013 ambulante<\/li>\n<\/ul>\n\n\n\n<p><strong>Doktori zaposleni u Odsjeku hirurgije:<\/strong><\/p>\n\n\n\n<p>Dr Tihomir \u010coprka, specijalista op\u0161te hirurgije, na\u010delnik slu\u017ebe<\/p>\n\n\n\n<p>Dr Marko Beronja, specijalista op\u0161te hirurgije<\/p>\n\n\n\n<p>Dr \u017deljko Te\u0161ini\u0107, specijalista op\u0161te hirurgije<\/p>\n\n\n\n<p>Dr Stanko Ba\u0107o, specijalista op\u0161te hirurgije<\/p>\n\n\n\n<p>Dr Milo\u0161 Mitri\u0107, specijalista op\u0161te hirurgije<\/p>\n\n\n\n<p>Dr Davor Hrnji\u0107, specijalista op\u0161te hirurgije<\/p>\n\n\n\n<p>Dr Aleksandar Milju\u0161, specijalista dje\u010dije hirurgije<\/p>\n\n\n\n<p>Dr Slobodan \u0160ormaz, specijalista vaskularne hirurgije<\/p>\n\n\n\n<p>Dr Bojan Radulovi\u0107, specijalista abdominalne hirurgije<\/p>\n\n\n\n<p>Dr Sanja Brankovi\u0107, specijalizant plasti\u010dne i rekonstruktivne hirurgije<\/p>\n\n\n\n<p>Odjeljenje za hirurgiju pru\u017ea zdravstvene usluge pacijentima&nbsp; cjelodnevno od 00-24 h, u toku \u010ditave godine.<\/p>\n\n\n\n<p>U sklopu KSZ odsjeka obavljaju se hitni, konsultativni i kontrolni pregledi pacijenata.<\/p>\n\n\n\n<p>Kontrolni pregledi se obavljaju radnim danom od 08-14 sati &#8211; nije potrebno naru\u010divanje.<\/p>\n\n\n\n<p>Ambulanta za dojku radi srijedom, a za urgentna stanja na dojci ujutro svakodnevno.<\/p>\n\n\n\n<p><strong>Operacije koje se obavljaju u Odsjeku hirurgije:<\/strong><\/p>\n\n\n\n<p><strong>Urgentne<\/strong> abdominalne operacije zbog akutnih abdominalnih hirur\u0161kih stanja &#8211; perforiranog i sanguiniraju\u0107eg ulkusa \u017eeluca ili duodenuma, akutnih holecistitisa, akutnih apendicitisa, ileusnih stanja, inkarcerisanih hernijacija, akutnih abdominalnih stanja izazvanih traumom, perforacija \u0161upljih organa u trbuhu zbog raznih razloga i drugo.<\/p>\n\n\n\n<p>U sklopu hitnih stanja radimo i toraks drena\u017ee.<\/p>\n\n\n\n<p><strong>Planirane<\/strong>, elektivne operacije izvodimo laparoskopski i klasi\u010dno.<\/p>\n\n\n\n<p>Od laparoskopskih operacija izvodimo laparoskopsku holecistektomiju i appendektomiu, &nbsp;te biopsije.<\/p>\n\n\n\n<p>Od klasi\u010dnih abdominalnih operacija navodimo:<\/p>\n\n\n\n<ul class=\"wp-block-list\">\n<li>herniorafije , inguinalne, femoralne, incizione s ugradnjom hirur\u0161kih mre\u017eica<\/li>\n\n\n\n<li>operacije na \u017eelucu zbog malignih i benignih oboljenja uklju\u010duju\u0107i i gastrectomiu sa staplerskim rekonstrukcijama<\/li>\n\n\n\n<li>operacije debelog crijeva zbog malignih i benignih bolesti, sa staplerskim rekonstrukcijama<\/li>\n\n\n\n<li>holecistektomije i biliodigestivne procedure<\/li>\n\n\n\n<li>resekcije i rekonstrukcije na tankom crijevu zbog raznih uzroka<\/li>\n\n\n\n<li>elektivne splenektomije<\/li>\n\n\n\n<li>segmentne resekcije jetre i metazektomije jetre<\/li>\n\n\n\n<li>zbrinjavanje pseudocista na pancreasu<\/li>\n\n\n\n<li>distalne pancreatectomie<\/li>\n\n\n\n<li>operacije dojke zbog maligne i benigne patologije, radikalne i po\u0161tedne, uklju\u010duju\u0107i biopsiju dojki specijalnom iglom u sklopu dijagnostike \u010dvori\u0107a na dojki i Sentinel biopsiju pazu\u0161nog limfnog \u010dvora<\/li>\n<\/ul>\n","protected":false},"excerpt":{"rendered":"<p>Odjeljenje za hirurgiju Na\u010delnik Odjeljenja za hirurgiju: dr Tihomir \u010coprka Glavna medicinska sestra Odjeljenja za hirurgiju: Mira Paspalj U sastavu Odjeljenja za hirurgiju su: Doktori zaposleni u Odsjeku hirurgije: Dr Tihomir \u010coprka, specijalista op\u0161te hirurgije, na\u010delnik slu\u017ebe Dr Marko Beronja, specijalista op\u0161te hirurgije Dr \u017deljko Te\u0161ini\u0107, specijalista op\u0161te hirurgije Dr Stanko Ba\u0107o, specijalista op\u0161te hirurgije<\/p>\n","protected":false},"author":1,"featured_media":0,"parent":0,"menu_order":0,"comment_status":"closed","ping_status":"closed","template":"","meta":{"footnotes":""},"class_list":["post-4380","page","type-page","status-publish","hentry"],"_links":{"self":[{"href":"https:\/\/bolnicaprijedor.com\/index.php?rest_route=\/wp\/v2\/pages\/4380","targetHints":{"allow":["GET"]}}],"collection":[{"href":"https:\/\/bolnicaprijedor.com\/index.php?rest_route=\/wp\/v2\/pages"}],"about":[{"href":"https:\/\/bolnicaprijedor.com\/index.php?rest_route=\/wp\/v2\/types\/page"}],"author":[{"embeddable":true,"href":"https:\/\/bolnicaprijedor.com\/index.php?rest_route=\/wp\/v2\/users\/1"}],"replies":[{"embeddable":true,"href":"https:\/\/bolnicaprijedor.com\/index.php?rest_route=%2Fwp%2Fv2%2Fcomments&post=4380"}],"version-history":[{"count":1,"href":"https:\/\/bolnicaprijedor.com\/index.php?rest_route=\/wp\/v2\/pages\/4380\/revisions"}],"predecessor-version":[{"id":4381,"href":"https:\/\/bolnicaprijedor.com\/index.php?rest_route=\/wp\/v2\/pages\/4380\/revisions\/4381"}],"wp:attachment":[{"href":"https:\/\/bolnicaprijedor.com\/index.php?rest_route=%2Fwp%2Fv2%2Fmedia&parent=4380"}],"curies":[{"name":"wp","href":"https:\/\/api.w.org\/{rel}","templated":true}]}}