{"id":3756,"date":"2018-10-24T13:39:13","date_gmt":"2018-10-24T13:39:13","guid":{"rendered":"http:\/\/quanticalabs.com\/wptest\/medicenter-new\/?page_id=3756"},"modified":"2026-03-06T10:57:41","modified_gmt":"2026-03-06T09:57:41","slug":"home","status":"publish","type":"page","link":"https:\/\/bolnicaprijedor.com\/","title":{"rendered":"HOME"},"content":{"rendered":"<div class=\"wpb-content-wrapper\"><p>[vc_row type=&#8221;full-width&#8221;][vc_column][rev_slider_vc alias=&#8221;home&#8221;][\/vc_column][\/vc_row][vc_row][vc_column][vc_widget_sidebar sidebar_id=&#8221;sidebar-home-top&#8221; el_class=&#8221;home-box-container-list for-home-slider&#8221;][\/vc_column][\/vc_row][vc_row top_margin=&#8221;page-margin-top-section&#8221;][vc_column width=&#8221;1\/2&#8243; el_class=&#8221;padding-right-30&#8243;][vc_single_image image=&#8221;4235&#8243; img_size=&#8221;medicenter-vertical-image&#8221; alignment=&#8221;right&#8221; css=&#8221;&#8221;][\/vc_column][vc_column width=&#8221;1\/2&#8243;][vc_column_text css=&#8221;&#8221; el_class=&#8221;large margin-top-10&#8243;]<\/p>\n<div class=\"kO6q6e\" dir=\"ltr\">Od svog osnivanja postali smo sastavni dio grada i regije prijedor, unapre\u0111ujuc\u0301i na\u0161u misiju pru\u017eanja zdravstvene njege na\u0161oj zajednici.<\/div>\n<p>[\/vc_column_text][\/vc_column][\/vc_row][vc_row type=&#8221;full-width&#8221; top_margin=&#8221;page-margin-top-section&#8221; css=&#8221;.vc_custom_1534852698410{background-color: #f0f0f0 !important;}&#8221; el_class=&#8221;align-center padding-top-57 padding-bottom-63&#8243;][vc_column][vc_button title=&#8221;ili nam po\u0161aljite poruku&#8221; label=&#8221;Vi\u0161e informacija ne telefon 052 238-411&#8243; size=&#8221;large&#8221; icon=&#8221;template-arrow-horizontal-1-after&#8221; style=&#8221;dark-color&#8221; href=&#8221;contact&#8221;][\/vc_column][\/vc_row][vc_row type=&#8221;full-width mc-parallax mc-overlay&#8221; css=&#8221;.vc_custom_1740218564128{background-color: #1E73BE !important;background-position: center !important;background-repeat: no-repeat !important;background-size: contain !important;border-color: #1E73BE !important;}&#8221; el_class=&#8221;counters-group padding-top-200 padding-bottom-193&#8243;][vc_column css=&#8221;.vc_custom_1740218302165{background-position: center !important;background-repeat: no-repeat !important;background-size: contain !important;}&#8221;][vc_row_inner][vc_column_inner width=&#8221;1\/4&#8243;]<div class=\"counter-box has-counter-box-path features-medical-bed\"><svg xmlns=\"https:\/\/www.w3.org\/2000\/svg\" xmlns:xlink=\"https:\/\/www.w3.org\/1999\/xlink\" width=\"124px\" height=\"142px\" viewBox=\"0 -2 122 142\"><path class=\"counter-box-path animated-element\" stroke=\"#FFF\" d=\"M 0,103.5 0,34.5 60,0 120,34.5 120,103.5 60,138Z\" fill=\"none\" stroke-width=\"2\" data-animation-start=\"390\" data-duration=\"2000\"><\/path><\/svg><span class=\"number animated-element\" data-value=\"20 537\" data-animation-start=\"230\"><\/span><p><strong data-start=\"32\" data-end=\"51\">HOSPITALIZACIJE<\/strong><\/p><\/div>[\/vc_column_inner][vc_column_inner width=&#8221;1\/4&#8243;]<div class=\"counter-box has-counter-box-path features-dna\"><svg xmlns=\"https:\/\/www.w3.org\/2000\/svg\" xmlns:xlink=\"https:\/\/www.w3.org\/1999\/xlink\" width=\"124px\" height=\"142px\" viewBox=\"0 -2 122 142\"><path class=\"counter-box-path animated-element\" stroke=\"#FFF\" d=\"M 0,103.5 0,34.5 60,0 120,34.5 120,103.5 60,138Z\" fill=\"none\" stroke-width=\"2\" data-animation-start=\"390\" data-duration=\"2000\"><\/path><\/svg><span class=\"number animated-element\" data-value=\"16 205\" data-animation-start=\"230\"><\/span><p><\/p>\n<div class=\"kO6q6e\" dir=\"ltr\">AMBULANTNI SLU\u010cAJEVI<\/div>\n<p><\/p><\/div>[\/vc_column_inner][vc_column_inner width=&#8221;1\/4&#8243; css=&#8221;.vc_custom_1740218237450{background-position: center !important;background-repeat: no-repeat !important;background-size: contain !important;}&#8221;]<div class=\"counter-box has-counter-box-path features-people align-center\"><svg xmlns=\"https:\/\/www.w3.org\/2000\/svg\" xmlns:xlink=\"https:\/\/www.w3.org\/1999\/xlink\" width=\"124px\" height=\"142px\" viewBox=\"0 -2 122 142\"><path class=\"counter-box-path animated-element\" stroke=\"#FFF\" d=\"M 0,103.5 0,34.5 60,0 120,34.5 120,103.5 60,138Z\" fill=\"none\" stroke-width=\"2\" data-animation-start=\"390\" data-duration=\"2000\"><\/path><\/svg><span class=\"number animated-element\" data-value=\"56\" data-animation-start=\"230\"><\/span><p>ZAPOSLENIH LJEKARA<\/p><\/div>[\/vc_column_inner][vc_column_inner width=&#8221;1\/4&#8243;]<div class=\"counter-box has-counter-box-path features-lab\"><svg xmlns=\"https:\/\/www.w3.org\/2000\/svg\" xmlns:xlink=\"https:\/\/www.w3.org\/1999\/xlink\" width=\"124px\" height=\"142px\" viewBox=\"0 -2 122 142\"><path class=\"counter-box-path animated-element\" stroke=\"#FFF\" d=\"M 0,103.5 0,34.5 60,0 120,34.5 120,103.5 60,138Z\" fill=\"none\" stroke-width=\"2\" data-animation-start=\"390\" data-duration=\"2000\"><\/path><\/svg><span class=\"number animated-element\" data-value=\"12 460\" data-animation-start=\"230\"><\/span><p>LABORATORIJSKIH TESTOVA<\/p><\/div>[\/vc_column_inner][\/vc_row_inner][\/vc_column][\/vc_row][vc_row][vc_column][vc_wp_posts title=&#8221;Posljednje vijesti&#8221; number=&#8221;3&#8243; show_date=&#8221;1&#8243;][\/vc_column][\/vc_row]<\/p>\n<\/div>","protected":false},"excerpt":{"rendered":"<p>[vc_row type=&#8221;full-width&#8221;][vc_column][rev_slider_vc alias=&#8221;home&#8221;][\/vc_column][\/vc_row][vc_row][vc_column][vc_widget_sidebar sidebar_id=&#8221;sidebar-home-top&#8221; el_class=&#8221;home-box-container-list for-home-slider&#8221;][\/vc_column][\/vc_row][vc_row top_margin=&#8221;page-margin-top-section&#8221;][vc_column width=&#8221;1\/2&#8243; el_class=&#8221;padding-right-30&#8243;][vc_single_image image=&#8221;4235&#8243; img_size=&#8221;medicenter-vertical-image&#8221; alignment=&#8221;right&#8221; css=&#8221;&#8221;][\/vc_column][vc_column width=&#8221;1\/2&#8243;][vc_column_text css=&#8221;&#8221; el_class=&#8221;large margin-top-10&#8243;] Od svog osnivanja postali smo sastavni dio grada i regije prijedor, unapre\u0111ujuc\u0301i na\u0161u misiju pru\u017eanja zdravstvene njege na\u0161oj zajednici. [\/vc_column_text][\/vc_column][\/vc_row][vc_row type=&#8221;full-width&#8221; top_margin=&#8221;page-margin-top-section&#8221; css=&#8221;.vc_custom_1534852698410{background-color: #f0f0f0 !important;}&#8221; el_class=&#8221;align-center padding-top-57 padding-bottom-63&#8243;][vc_column][vc_button title=&#8221;ili nam po\u0161aljite poruku&#8221; label=&#8221;Vi\u0161e informacija ne telefon 052 238-411&#8243;<\/p>\n","protected":false},"author":1,"featured_media":0,"parent":0,"menu_order":0,"comment_status":"closed","ping_status":"closed","template":"template-default-without-breadcrumbs.php","meta":{"footnotes":""},"class_list":["post-3756","page","type-page","status-publish","hentry"],"_links":{"self":[{"href":"https:\/\/bolnicaprijedor.com\/index.php?rest_route=\/wp\/v2\/pages\/3756","targetHints":{"allow":["GET"]}}],"collection":[{"href":"https:\/\/bolnicaprijedor.com\/index.php?rest_route=\/wp\/v2\/pages"}],"about":[{"href":"https:\/\/bolnicaprijedor.com\/index.php?rest_route=\/wp\/v2\/types\/page"}],"author":[{"embeddable":true,"href":"https:\/\/bolnicaprijedor.com\/index.php?rest_route=\/wp\/v2\/users\/1"}],"replies":[{"embeddable":true,"href":"https:\/\/bolnicaprijedor.com\/index.php?rest_route=%2Fwp%2Fv2%2Fcomments&post=3756"}],"version-history":[{"count":13,"href":"https:\/\/bolnicaprijedor.com\/index.php?rest_route=\/wp\/v2\/pages\/3756\/revisions"}],"predecessor-version":[{"id":4518,"href":"https:\/\/bolnicaprijedor.com\/index.php?rest_route=\/wp\/v2\/pages\/3756\/revisions\/4518"}],"wp:attachment":[{"href":"https:\/\/bolnicaprijedor.com\/index.php?rest_route=%2Fwp%2Fv2%2Fmedia&parent=3756"}],"curies":[{"name":"wp","href":"https:\/\/api.w.org\/{rel}","templated":true}]}}