{"id":1209,"date":"2013-04-18T09:03:06","date_gmt":"2013-04-18T09:03:06","guid":{"rendered":"http:\/\/localhost\/wordpress\/medicenter\/?page_id=1209"},"modified":"2025-08-14T11:01:03","modified_gmt":"2025-08-14T09:01:03","slug":"timetable","status":"publish","type":"page","link":"https:\/\/bolnicaprijedor.com\/?page_id=1209","title":{"rendered":"Timetable"},"content":{"rendered":"<div class=\"wpb-content-wrapper\"><p>[vc_row][vc_column][vc_column_text][\/vc_column_text][\/vc_column][\/vc_row][vc_row][vc_column][vc_column_text css=&#8221;&#8221;]Lista \u010dekanja je redoslijed upisivanja korisnika zdravstvene za\u0161tite na pregled, dijagnosti\u010dki ili terapijski postupak na osnovu val\u0458ane uputnice doktora primarne zdravstvene za\u0161tite.<\/p>\n<p>Bolnica ne uspostavl\u0458a listu \u010dekanja za ambulantne usluge radiolo\u0161ke dijagnostike- kompjuterizovane tomografije-KT i magnetne rezonance- MR za osigurana lica, za koja listu \u010dekanja uspostavl\u0458a Fond zdravstvenog osiguranja<\/p>\n<p>Naru\u010divanje se vr\u0161i li\u010dno u ambulantama ili pozivom na direktne telefonske linije.<\/p>\n<p>Prilikom dolaska u Bolnicu pacijent se sa uredno popunjenom uputnicom javl\u0458a u ambulantu, kabinet ili slu\u017ebu Bolnice u koju je upu\u0107en gdje \u0107e biti obavje\u0161ten od odgovornog zdravstvenog radnika da li se usluga mo\u017ee pru\u017eiti istog dana ili se stavl\u0458a na listu \u010dekanja.<\/p>\n<p>Ako se pacijent stavl\u0458a na listu \u010dekanja od strane odgovornog radnika pacijent se obavje\u0161tava o stavl\u0458anju na listu \u010dekanja, poziciji na kojoj se nalazi na dan stavl\u0458anja na listu \u010dekanja i na\u010dinu na koji \u0107e pacijent biti dal\u0458e kontaktiran i informisan o terminu pru\u017eanja zdravstvene usluge.<\/p>\n<p><strong>Lista \u010dekanja<\/strong> se sastoji od rednog broja, datuma prijave i \u0161ifre pacijenta.<\/p>\n<p><strong>\u0160ifra pacijenta<\/strong> se sastoji od inicijala pacijenta i zadnja tri broja telefona osiguranika.<\/p>\n<p><strong>Datum prijave<\/strong> je datum kada je pacijent evidentiran u listama \u010dekanja.<\/p>\n<p>Odgovorni zdravstveni radnik Bolnice je du\u017ean upozoriti pacijenta da je obavezan da o svakoj promjeni kontakt telefona ili drugih \u010dinjenica bitnih za stavl\u0458anje na listu \u010dekanja odmah obavijesti Bolnicu.<\/p>\n<h2><\/h2>\n<p>&nbsp;<\/p>\n<h2><strong>Liste \u010dekanja po ambulantama:<\/strong><\/h2>\n<p><a href=\"https:\/\/bolnicaprijedor.com\/wp-content\/uploads\/2025\/08\/Kardiolog.pdf\">Kardiolog<\/a><br \/>\n<a href=\"https:\/\/bolnicaprijedor.com\/wp-content\/uploads\/2025\/08\/Endokrinolog.pdf\">Endokrinolog<\/a>[\/vc_column_text][\/vc_column][\/vc_row]<\/p>\n<\/div>","protected":false},"excerpt":{"rendered":"<p>[vc_row][vc_column][vc_column_text][\/vc_column_text][\/vc_column][\/vc_row][vc_row][vc_column][vc_column_text css=&#8221;&#8221;]Lista \u010dekanja je redoslijed upisivanja korisnika zdravstvene za\u0161tite na pregled, dijagnosti\u010dki ili terapijski postupak na osnovu val\u0458ane uputnice doktora primarne zdravstvene za\u0161tite. Bolnica ne uspostavl\u0458a listu \u010dekanja za ambulantne usluge radiolo\u0161ke dijagnostike- kompjuterizovane tomografije-KT i magnetne rezonance- MR za osigurana lica, za koja listu \u010dekanja uspostavl\u0458a Fond zdravstvenog osiguranja Naru\u010divanje se vr\u0161i li\u010dno u<\/p>\n","protected":false},"author":1,"featured_media":0,"parent":0,"menu_order":0,"comment_status":"open","ping_status":"closed","template":"","meta":{"footnotes":""},"class_list":["post-1209","page","type-page","status-publish","hentry"],"_links":{"self":[{"href":"https:\/\/bolnicaprijedor.com\/index.php?rest_route=\/wp\/v2\/pages\/1209","targetHints":{"allow":["GET"]}}],"collection":[{"href":"https:\/\/bolnicaprijedor.com\/index.php?rest_route=\/wp\/v2\/pages"}],"about":[{"href":"https:\/\/bolnicaprijedor.com\/index.php?rest_route=\/wp\/v2\/types\/page"}],"author":[{"embeddable":true,"href":"https:\/\/bolnicaprijedor.com\/index.php?rest_route=\/wp\/v2\/users\/1"}],"replies":[{"embeddable":true,"href":"https:\/\/bolnicaprijedor.com\/index.php?rest_route=%2Fwp%2Fv2%2Fcomments&post=1209"}],"version-history":[{"count":8,"href":"https:\/\/bolnicaprijedor.com\/index.php?rest_route=\/wp\/v2\/pages\/1209\/revisions"}],"predecessor-version":[{"id":4497,"href":"https:\/\/bolnicaprijedor.com\/index.php?rest_route=\/wp\/v2\/pages\/1209\/revisions\/4497"}],"wp:attachment":[{"href":"https:\/\/bolnicaprijedor.com\/index.php?rest_route=%2Fwp%2Fv2%2Fmedia&parent=1209"}],"curies":[{"name":"wp","href":"https:\/\/api.w.org\/{rel}","templated":true}]}}